{"id":4725,"date":"2023-05-09T13:28:33","date_gmt":"2023-05-09T16:28:33","guid":{"rendered":"https:\/\/t4logistica.com.br\/site\/?page_id=4725"},"modified":"2025-09-01T18:28:17","modified_gmt":"2025-09-01T21:28:17","slug":"onibus-para-fretamento","status":"publish","type":"page","link":"https:\/\/t4logistica.com.br\/site\/onibus-para-fretamento\/","title":{"rendered":"\u00d4nibus para Fretamento"},"content":{"rendered":"<div class=\"wpb-content-wrapper\"><p>[vc_row][vc_column]\n\t\t\t<!-- START Fretamento REVOLUTION SLIDER 6.6.15 --><p class=\"rs-p-wp-fix\"><\/p>\n\t\t\t<rs-module-wrap id=\"rev_slider_6_1_wrapper\" data-source=\"gallery\" style=\"visibility:hidden;background:transparent;padding:0;margin:0px auto;margin-top:0;margin-bottom:0;\">\n\t\t\t\t<rs-module id=\"rev_slider_6_1\" style=\"\" data-version=\"6.6.15\">\n\t\t\t\t\t<rs-slides style=\"overflow: hidden; position: absolute;\">\n\t\t\t\t\t\t<rs-slide style=\"position: absolute;\" data-key=\"rs-22\" data-title=\"Slide\" data-in=\"o:0;\" data-out=\"a:false;\">\n\t\t\t\t\t\t\t<img fetchpriority=\"high\" decoding=\"async\" src=\"\/\/t4logistica.com.br\/site\/wp-content\/plugins\/revslider\/public\/assets\/assets\/dummy.png\" alt=\"\" title=\"onibus para turismo-1\" width=\"1920\" height=\"405\" class=\"rev-slidebg tp-rs-img rs-lazyload\" data-lazyload=\"\/\/t4logistica.com.br\/site\/wp-content\/uploads\/2025\/06\/onibus-para-turismo-1.png\" data-no-retina>\n<!--\n\t\t\t\t\t\t\t--><rs-layer\n\t\t\t\t\t\t\t\tid=\"slider-6-slide-22-layer-1\" \n\t\t\t\t\t\t\t\tdata-type=\"text\"\n\t\t\t\t\t\t\t\tdata-color=\"#ffffff\"\n\t\t\t\t\t\t\t\tdata-rsp_ch=\"on\"\n\t\t\t\t\t\t\t\tdata-xy=\"x:c;y:c;\"\n\t\t\t\t\t\t\t\tdata-text=\"w:normal;s:40;l:30;fw:500;a:center;\"\n\t\t\t\t\t\t\t\tdata-frame_999=\"o:0;st:w;\"\n\t\t\t\t\t\t\t\tstyle=\"z-index:6;font-family:'Roboto';\"\n\t\t\t\t\t\t\t>\u00d4nibus para Fretamento<br \/>\n \n\t\t\t\t\t\t\t<\/rs-layer><!--\n-->\t\t\t\t\t\t<\/rs-slide>\n\t\t\t\t\t<\/rs-slides>\n\t\t\t\t<\/rs-module>\n\t\t\t\t<script>\n\t\t\t\t\tsetREVStartSize({c: 'rev_slider_6_1',rl:[1240,1024,778,480],el:[405],gw:[1240],gh:[405],type:'standard',justify:'',layout:'fullwidth',mh:\"0\"});if (window.RS_MODULES!==undefined && window.RS_MODULES.modules!==undefined && window.RS_MODULES.modules[\"revslider61\"]!==undefined) {window.RS_MODULES.modules[\"revslider61\"].once = false;window.revapi6 = undefined;if (window.RS_MODULES.checkMinimal!==undefined) window.RS_MODULES.checkMinimal()}\n\t\t\t\t<\/script>\n\t\t\t<\/rs-module-wrap>\n\t\t\t<!-- END REVOLUTION SLIDER -->\n[\/vc_column][\/vc_row][vc_row full_width=&#8221;stretch_row&#8221; css=&#8221;.vc_custom_1575388337296{margin-top: 30px !important;margin-bottom: 0px !important;background-color: #efefef !important;}&#8221;][vc_column][vc_row_inner][vc_column_inner width=&#8221;1\/2&#8243;][vc_images_carousel images=&#8221;6030,6029,6028&#8243; img_size=&#8221;400&#215;250&#8243; onclick=&#8221;link_no&#8221; speed=&#8221;1000&#8243; wrap=&#8221;yes&#8221; css=&#8221;&#8221;][\/vc_column_inner][vc_column_inner width=&#8221;1\/2&#8243;][vc_column_text css=&#8221;&#8221;]<\/p>\n<h2><\/h2>\n<h2><strong>\u00d4nibus Semi-leito &#8211; 42 lugares.<\/strong><\/h2>\n<p>[\/vc_column_text][vc_separator color=&#8221;custom&#8221; align=&#8221;align_left&#8221; border_width=&#8221;2&#8243; el_width=&#8221;10&#8243; css=&#8221;.vc_custom_1558980981793{margin-top: -20px !important;}&#8221; accent_color=&#8221;#2873bd&#8221;][vc_column_text css=&#8221;&#8221;]Nossa frota conta com:<\/p>\n<ul>\n<li>2 lugares<\/li>\n<li class=\"ql-block\" data-block-id=\"block-a8b00042-56ca-4f3d-bffc-5ce132dafa32\">Ar-condicionado<\/li>\n<li>Banheiro<\/li>\n<li class=\"ql-block\" data-block-id=\"block-df75bd52-9a6b-4a0d-aedd-f00d447d0f96\">Multim\u00eddia (DVD, Microfone, MP3<\/li>\n<li class=\"ql-block\" data-block-id=\"block-929842cd-0865-46b8-bf66-8a4b75763b8e\">&nbsp;Wi-fi<\/li>\n<li class=\"ql-block\" data-block-id=\"block-f268e4de-ae35-4281-a07a-7f4074eed4b4\">Entrada USB todas poltronas<\/li>\n<li class=\"ql-block\" data-block-id=\"block-3fafa449-95f8-4d1c-8bba-a6e4352372fd\">Tomadas 127v<\/li>\n<li class=\"ql-block\" data-block-id=\"block-1534bf82-b987-42c9-a01c-728a003235d3\">\u00c1gua Gelada<\/li>\n<li class=\"ql-block\" data-block-id=\"block-ea378f86-b935-4b5c-b2b0-c4e9d84e52e3\">Manta<\/li>\n<\/ul>\n<p>[\/vc_column_text][\/vc_column_inner][\/vc_row_inner][\/vc_column][\/vc_row][vc_row full_width=&#8221;stretch_row&#8221; css=&#8221;.vc_custom_1575388337296{margin-top: 30px !important;margin-bottom: 0px !important;background-color: #efefef !important;}&#8221;][vc_column][vc_row_inner][vc_column_inner width=&#8221;1\/2&#8243;][vc_images_carousel images=&#8221;5576,5575&#8243; img_size=&#8221;400&#215;250&#8243; onclick=&#8221;link_no&#8221; speed=&#8221;1000&#8243; wrap=&#8221;yes&#8221;][\/vc_column_inner][vc_column_inner width=&#8221;1\/2&#8243;][vc_column_text css=&#8221;&#8221;]<\/p>\n<h2><\/h2>\n<h2><strong>\u00d4nibus Executivo &#8211; 46 lugares.<\/strong><\/h2>\n<p>[\/vc_column_text][vc_separator color=&#8221;custom&#8221; align=&#8221;align_left&#8221; border_width=&#8221;2&#8243; el_width=&#8221;10&#8243; css=&#8221;.vc_custom_1558980981793{margin-top: -20px !important;}&#8221; accent_color=&#8221;#2873bd&#8221;][vc_column_text css=&#8221;&#8221;]Nossa frota conta com:<\/p>\n<p>\u25cf 46 lugares;<br \/>\n\u25cf Ar-condicionado;<br \/>\n\u25cf Poltronas Confort Reclin\u00e1veis;<br \/>\n\u25cf DVD (1 tela com filmes e shows);<br \/>\n\u25cf Carregador de celular.[\/vc_column_text][\/vc_column_inner][\/vc_row_inner][\/vc_column][\/vc_row][vc_row full_width=&#8221;stretch_row&#8221; css=&#8221;.vc_custom_1575388337296{margin-top: 30px !important;margin-bottom: 0px !important;background-color: #efefef !important;}&#8221;][vc_column][vc_row_inner][vc_column_inner width=&#8221;1\/2&#8243;][vc_images_carousel images=&#8221;6032,6034,6031&#8243; img_size=&#8221;400&#215;250&#8243; onclick=&#8221;link_no&#8221; speed=&#8221;1000&#8243; wrap=&#8221;yes&#8221; css=&#8221;&#8221;][\/vc_column_inner][vc_column_inner width=&#8221;1\/2&#8243;][vc_column_text css=&#8221;&#8221;]<\/p>\n<h2><\/h2>\n<h2><strong>\u00d4nibus Executivo &#8211; 50 lugares.<\/strong><\/h2>\n<p>[\/vc_column_text][vc_separator color=&#8221;custom&#8221; align=&#8221;align_left&#8221; border_width=&#8221;2&#8243; el_width=&#8221;10&#8243; css=&#8221;.vc_custom_1558980981793{margin-top: -20px !important;}&#8221; accent_color=&#8221;#2873bd&#8221;][vc_column_text css=&#8221;&#8221;]Nossa frota conta com:<\/p>\n<ul>\n<li class=\"ql-block\" data-block-id=\"block-75800a5c-a976-441a-a28f-a7db1fb4bf7e\">50 lugares<\/li>\n<li class=\"ql-block\" data-block-id=\"block-00f9e95b-6c66-4005-a048-ccaf89a4ffc0\">Ar-condicionado<\/li>\n<li class=\"ql-block\" data-block-id=\"block-c0928cd8-568a-4e54-a97b-6cd3534a95e4\">Banheiro<\/li>\n<li class=\"ql-block\" data-block-id=\"block-96c516c5-5750-4cc1-ab72-a38637a908a2\">Multim\u00eddia (DVD, Microfone, MP3)<\/li>\n<li class=\"ql-block\" data-block-id=\"block-b44f83d4-fa2e-442e-ae57-60451bc03219\">Wi-fi<\/li>\n<li class=\"ql-block\" data-block-id=\"block-5ab5d6a4-29aa-4722-aaa3-3edba3366fbf\">Entrada USB todas poltronas<\/li>\n<li class=\"ql-block\" data-block-id=\"block-b2453c42-516b-4901-a556-fd34d8d5fd74\">Tomadas 127v<\/li>\n<li class=\"ql-block\" data-block-id=\"block-a7a6c6b2-2a17-4feb-8ed5-9dfee3ca90a1\">\u00c1gua Gelada<\/li>\n<li class=\"ql-block\" data-block-id=\"block-0bfd09cb-bead-4800-898c-05468dd11967\">Manta<\/li>\n<\/ul>\n<p>[\/vc_column_text][\/vc_column_inner][\/vc_row_inner][\/vc_column][\/vc_row][vc_row][vc_column][vc_empty_space][\/vc_column][\/vc_row]<\/p>\n<\/div>","protected":false},"excerpt":{"rendered":"<p>[vc_row][vc_column][\/vc_column][\/vc_row][vc_row full_width=&#8221;stretch_row&#8221; css=&#8221;.vc_custom_1575388337296{margin-top: 30px !important;margin-bottom: 0px !important;background-color: #efefef !important;}&#8221;][vc_column][vc_row_inner][vc_column_inner width=&#8221;1\/2&#8243;][vc_images_carousel images=&#8221;6030,6029,6028&#8243; img_size=&#8221;400&#215;250&#8243; onclick=&#8221;link_no&#8221; speed=&#8221;1000&#8243; wrap=&#8221;yes&#8221; css=&#8221;&#8221;][\/vc_column_inner][vc_column_inner width=&#8221;1\/2&#8243;][vc_column_text css=&#8221;&#8221;] \u00d4nibus Semi-leito &#8211; 42 lugares. [\/vc_column_text][vc_separator color=&#8221;custom&#8221; align=&#8221;align_left&#8221;<span class=\"excerpt-hellip\"> [\u2026]<\/span><\/p>\n","protected":false},"author":7,"featured_media":0,"parent":0,"menu_order":0,"comment_status":"closed","ping_status":"closed","template":"","meta":{"footnotes":""},"class_list":["post-4725","page","type-page","status-publish","hentry"],"yoast_head":"<!-- This site is optimized with the Yoast SEO plugin v27.3 - https:\/\/yoast.com\/product\/yoast-seo-wordpress\/ -->\n<title>\u00d4nibus para Fretamento - Aluguel de \u00f4nibus e Micro, Loca\u00e7\u00e3o de Van - T4 Log\u00edstica<\/title>\n<meta name=\"description\" content=\"A frota \u00e9 um elemento fundamental para o sucesso da empresa e a T4 Log\u00edstica conta com frotas seguras para o seu conforto e comodidade.\" \/>\n<meta name=\"robots\" content=\"index, follow, max-snippet:-1, max-image-preview:large, max-video-preview:-1\" \/>\n<link rel=\"canonical\" href=\"https:\/\/t4logistica.com.br\/site\/onibus-para-fretamento\/\" \/>\n<meta property=\"og:locale\" content=\"pt_BR\" \/>\n<meta property=\"og:type\" content=\"article\" \/>\n<meta property=\"og:title\" content=\"\u00d4nibus para Fretamento - Aluguel de \u00f4nibus e Micro, Loca\u00e7\u00e3o de Van - T4 Log\u00edstica\" \/>\n<meta property=\"og:description\" content=\"A frota \u00e9 um elemento fundamental para o sucesso da empresa e a T4 Log\u00edstica conta com frotas seguras para o seu conforto e comodidade.\" \/>\n<meta property=\"og:url\" content=\"https:\/\/t4logistica.com.br\/site\/onibus-para-fretamento\/\" \/>\n<meta property=\"og:site_name\" content=\"Aluguel de \u00d4nibus e Micro, Loca\u00e7\u00e3o de Van, Receptivo ES - T4 Log\u00edstica\" \/>\n<meta property=\"article:modified_time\" content=\"2025-09-01T21:28:17+00:00\" \/>\n<meta name=\"twitter:card\" content=\"summary_large_image\" \/>\n<meta name=\"twitter:label1\" content=\"Est. tempo de leitura\" \/>\n\t<meta name=\"twitter:data1\" content=\"4 minutos\" \/>\n<script type=\"application\/ld+json\" class=\"yoast-schema-graph\">{\"@context\":\"https:\\\/\\\/schema.org\",\"@graph\":[{\"@type\":\"WebPage\",\"@id\":\"https:\\\/\\\/t4logistica.com.br\\\/site\\\/onibus-para-fretamento\\\/\",\"url\":\"https:\\\/\\\/t4logistica.com.br\\\/site\\\/onibus-para-fretamento\\\/\",\"name\":\"\u00d4nibus para Fretamento - Aluguel de \u00f4nibus e Micro, Loca\u00e7\u00e3o de Van - T4 Log\u00edstica\",\"isPartOf\":{\"@id\":\"https:\\\/\\\/t4logistica.com.br\\\/site\\\/#website\"},\"datePublished\":\"2023-05-09T16:28:33+00:00\",\"dateModified\":\"2025-09-01T21:28:17+00:00\",\"description\":\"A frota \u00e9 um elemento fundamental para o sucesso da empresa e a T4 Log\u00edstica conta com frotas seguras para o seu conforto e comodidade.\",\"breadcrumb\":{\"@id\":\"https:\\\/\\\/t4logistica.com.br\\\/site\\\/onibus-para-fretamento\\\/#breadcrumb\"},\"inLanguage\":\"pt-BR\",\"potentialAction\":[{\"@type\":\"ReadAction\",\"target\":[\"https:\\\/\\\/t4logistica.com.br\\\/site\\\/onibus-para-fretamento\\\/\"]}]},{\"@type\":\"BreadcrumbList\",\"@id\":\"https:\\\/\\\/t4logistica.com.br\\\/site\\\/onibus-para-fretamento\\\/#breadcrumb\",\"itemListElement\":[{\"@type\":\"ListItem\",\"position\":1,\"name\":\"In\u00edcio\",\"item\":\"https:\\\/\\\/t4logistica.com.br\\\/site\\\/\"},{\"@type\":\"ListItem\",\"position\":2,\"name\":\"\u00d4nibus para Fretamento\"}]},{\"@type\":\"WebSite\",\"@id\":\"https:\\\/\\\/t4logistica.com.br\\\/site\\\/#website\",\"url\":\"https:\\\/\\\/t4logistica.com.br\\\/site\\\/\",\"name\":\"Aluguel de \u00d4nibus e Micro, Loca\u00e7\u00e3o de Van, Receptivo ES - T4 Log\u00edstica\",\"description\":\"Transporte em Vit\u00f3ria, Cariacica, Serra e Vila Velha\",\"publisher\":{\"@id\":\"https:\\\/\\\/t4logistica.com.br\\\/site\\\/#organization\"},\"potentialAction\":[{\"@type\":\"SearchAction\",\"target\":{\"@type\":\"EntryPoint\",\"urlTemplate\":\"https:\\\/\\\/t4logistica.com.br\\\/site\\\/?s={search_term_string}\"},\"query-input\":{\"@type\":\"PropertyValueSpecification\",\"valueRequired\":true,\"valueName\":\"search_term_string\"}}],\"inLanguage\":\"pt-BR\"},{\"@type\":\"Organization\",\"@id\":\"https:\\\/\\\/t4logistica.com.br\\\/site\\\/#organization\",\"name\":\"Aluguel de \u00d4nibus e Micro, Loca\u00e7\u00e3o de Van, Receptivo ES - T4 Log\u00edstica\",\"url\":\"https:\\\/\\\/t4logistica.com.br\\\/site\\\/\",\"logo\":{\"@type\":\"ImageObject\",\"inLanguage\":\"pt-BR\",\"@id\":\"https:\\\/\\\/t4logistica.com.br\\\/site\\\/#\\\/schema\\\/logo\\\/image\\\/\",\"url\":\"https:\\\/\\\/t4logistica.com.br\\\/site\\\/wp-content\\\/uploads\\\/2025\\\/07\\\/cropped-cropped-cropped-Frame-12-1.png\",\"contentUrl\":\"https:\\\/\\\/t4logistica.com.br\\\/site\\\/wp-content\\\/uploads\\\/2025\\\/07\\\/cropped-cropped-cropped-Frame-12-1.png\",\"width\":487,\"height\":467,\"caption\":\"Aluguel de \u00d4nibus e Micro, Loca\u00e7\u00e3o de Van, Receptivo ES - T4 Log\u00edstica\"},\"image\":{\"@id\":\"https:\\\/\\\/t4logistica.com.br\\\/site\\\/#\\\/schema\\\/logo\\\/image\\\/\"}}]}<\/script>\n<!-- \/ Yoast SEO plugin. -->","yoast_head_json":{"title":"\u00d4nibus para Fretamento - Aluguel de \u00f4nibus e Micro, Loca\u00e7\u00e3o de Van - T4 Log\u00edstica","description":"A frota \u00e9 um elemento fundamental para o sucesso da empresa e a T4 Log\u00edstica conta com frotas seguras para o seu conforto e comodidade.","robots":{"index":"index","follow":"follow","max-snippet":"max-snippet:-1","max-image-preview":"max-image-preview:large","max-video-preview":"max-video-preview:-1"},"canonical":"https:\/\/t4logistica.com.br\/site\/onibus-para-fretamento\/","og_locale":"pt_BR","og_type":"article","og_title":"\u00d4nibus para Fretamento - Aluguel de \u00f4nibus e Micro, Loca\u00e7\u00e3o de Van - T4 Log\u00edstica","og_description":"A frota \u00e9 um elemento fundamental para o sucesso da empresa e a T4 Log\u00edstica conta com frotas seguras para o seu conforto e comodidade.","og_url":"https:\/\/t4logistica.com.br\/site\/onibus-para-fretamento\/","og_site_name":"Aluguel de \u00d4nibus e Micro, Loca\u00e7\u00e3o de Van, Receptivo ES - T4 Log\u00edstica","article_modified_time":"2025-09-01T21:28:17+00:00","twitter_card":"summary_large_image","twitter_misc":{"Est. tempo de leitura":"4 minutos"},"schema":{"@context":"https:\/\/schema.org","@graph":[{"@type":"WebPage","@id":"https:\/\/t4logistica.com.br\/site\/onibus-para-fretamento\/","url":"https:\/\/t4logistica.com.br\/site\/onibus-para-fretamento\/","name":"\u00d4nibus para Fretamento - Aluguel de \u00f4nibus e Micro, Loca\u00e7\u00e3o de Van - T4 Log\u00edstica","isPartOf":{"@id":"https:\/\/t4logistica.com.br\/site\/#website"},"datePublished":"2023-05-09T16:28:33+00:00","dateModified":"2025-09-01T21:28:17+00:00","description":"A frota \u00e9 um elemento fundamental para o sucesso da empresa e a T4 Log\u00edstica conta com frotas seguras para o seu conforto e comodidade.","breadcrumb":{"@id":"https:\/\/t4logistica.com.br\/site\/onibus-para-fretamento\/#breadcrumb"},"inLanguage":"pt-BR","potentialAction":[{"@type":"ReadAction","target":["https:\/\/t4logistica.com.br\/site\/onibus-para-fretamento\/"]}]},{"@type":"BreadcrumbList","@id":"https:\/\/t4logistica.com.br\/site\/onibus-para-fretamento\/#breadcrumb","itemListElement":[{"@type":"ListItem","position":1,"name":"In\u00edcio","item":"https:\/\/t4logistica.com.br\/site\/"},{"@type":"ListItem","position":2,"name":"\u00d4nibus para Fretamento"}]},{"@type":"WebSite","@id":"https:\/\/t4logistica.com.br\/site\/#website","url":"https:\/\/t4logistica.com.br\/site\/","name":"Aluguel de \u00d4nibus e Micro, Loca\u00e7\u00e3o de Van, Receptivo ES - T4 Log\u00edstica","description":"Transporte em Vit\u00f3ria, Cariacica, Serra e Vila Velha","publisher":{"@id":"https:\/\/t4logistica.com.br\/site\/#organization"},"potentialAction":[{"@type":"SearchAction","target":{"@type":"EntryPoint","urlTemplate":"https:\/\/t4logistica.com.br\/site\/?s={search_term_string}"},"query-input":{"@type":"PropertyValueSpecification","valueRequired":true,"valueName":"search_term_string"}}],"inLanguage":"pt-BR"},{"@type":"Organization","@id":"https:\/\/t4logistica.com.br\/site\/#organization","name":"Aluguel de \u00d4nibus e Micro, Loca\u00e7\u00e3o de Van, Receptivo ES - T4 Log\u00edstica","url":"https:\/\/t4logistica.com.br\/site\/","logo":{"@type":"ImageObject","inLanguage":"pt-BR","@id":"https:\/\/t4logistica.com.br\/site\/#\/schema\/logo\/image\/","url":"https:\/\/t4logistica.com.br\/site\/wp-content\/uploads\/2025\/07\/cropped-cropped-cropped-Frame-12-1.png","contentUrl":"https:\/\/t4logistica.com.br\/site\/wp-content\/uploads\/2025\/07\/cropped-cropped-cropped-Frame-12-1.png","width":487,"height":467,"caption":"Aluguel de \u00d4nibus e Micro, Loca\u00e7\u00e3o de Van, Receptivo ES - T4 Log\u00edstica"},"image":{"@id":"https:\/\/t4logistica.com.br\/site\/#\/schema\/logo\/image\/"}}]}},"_links":{"self":[{"href":"https:\/\/t4logistica.com.br\/site\/wp-json\/wp\/v2\/pages\/4725","targetHints":{"allow":["GET"]}}],"collection":[{"href":"https:\/\/t4logistica.com.br\/site\/wp-json\/wp\/v2\/pages"}],"about":[{"href":"https:\/\/t4logistica.com.br\/site\/wp-json\/wp\/v2\/types\/page"}],"author":[{"embeddable":true,"href":"https:\/\/t4logistica.com.br\/site\/wp-json\/wp\/v2\/users\/7"}],"replies":[{"embeddable":true,"href":"https:\/\/t4logistica.com.br\/site\/wp-json\/wp\/v2\/comments?post=4725"}],"version-history":[{"count":29,"href":"https:\/\/t4logistica.com.br\/site\/wp-json\/wp\/v2\/pages\/4725\/revisions"}],"predecessor-version":[{"id":6037,"href":"https:\/\/t4logistica.com.br\/site\/wp-json\/wp\/v2\/pages\/4725\/revisions\/6037"}],"wp:attachment":[{"href":"https:\/\/t4logistica.com.br\/site\/wp-json\/wp\/v2\/media?parent=4725"}],"curies":[{"name":"wp","href":"https:\/\/api.w.org\/{rel}","templated":true}]}}