{"id":4720,"date":"2023-05-09T13:02:44","date_gmt":"2023-05-09T16:02:44","guid":{"rendered":"https:\/\/t4logistica.com.br\/site\/?page_id=4720"},"modified":"2025-06-11T13:57:22","modified_gmt":"2025-06-11T16:57:22","slug":"micro-onibus-para-turismo-e-fretamento","status":"publish","type":"page","link":"https:\/\/t4logistica.com.br\/site\/frota\/micro-onibus-para-turismo-e-fretamento\/","title":{"rendered":"Micro-\u00f4nibus para turismo e fretamento"},"content":{"rendered":"<div class=\"wpb-content-wrapper\"><p>[vc_row][vc_column]\n\t\t\t<!-- START Micro\u00f4nibus para turismo e fretamento REVOLUTION SLIDER 6.6.15 --><p class=\"rs-p-wp-fix\"><\/p>\n\t\t\t<rs-module-wrap id=\"rev_slider_7_1_wrapper\" data-source=\"gallery\" style=\"visibility:hidden;background:transparent;padding:0;margin:0px auto;margin-top:0;margin-bottom:0;\">\n\t\t\t\t<rs-module id=\"rev_slider_7_1\" style=\"\" data-version=\"6.6.15\">\n\t\t\t\t\t<rs-slides style=\"overflow: hidden; position: absolute;\">\n\t\t\t\t\t\t<rs-slide style=\"position: absolute;\" data-key=\"rs-23\" data-title=\"Slide\" data-in=\"o:0;\" data-out=\"a:false;\">\n\t\t\t\t\t\t\t<img fetchpriority=\"high\" decoding=\"async\" src=\"\/\/t4logistica.com.br\/site\/wp-content\/plugins\/revslider\/public\/assets\/assets\/dummy.png\" alt=\"\" title=\"Micro-\u00f4nibus para turismo e fretamento\" width=\"1920\" height=\"405\" class=\"rev-slidebg tp-rs-img rs-lazyload\" data-lazyload=\"\/\/t4logistica.com.br\/site\/wp-content\/uploads\/2025\/06\/Micro-onibus-para-turismo-e-fretamento-1.png\" data-no-retina>\n<!--\n\t\t\t\t\t\t\t--><rs-layer\n\t\t\t\t\t\t\t\tid=\"slider-7-slide-23-layer-1\" \n\t\t\t\t\t\t\t\tdata-type=\"text\"\n\t\t\t\t\t\t\t\tdata-color=\"#ffffff\"\n\t\t\t\t\t\t\t\tdata-rsp_ch=\"on\"\n\t\t\t\t\t\t\t\tdata-xy=\"x:c;y:c;\"\n\t\t\t\t\t\t\t\tdata-text=\"w:normal;s:40;l:30;fw:500;a:center;\"\n\t\t\t\t\t\t\t\tdata-frame_999=\"o:0;st:w;\"\n\t\t\t\t\t\t\t\tstyle=\"z-index:6;font-family:'Roboto';\"\n\t\t\t\t\t\t\t>Micro-\u00f4nibus para turismo e fretamento \n\t\t\t\t\t\t\t<\/rs-layer><!--\n-->\t\t\t\t\t\t<\/rs-slide>\n\t\t\t\t\t<\/rs-slides>\n\t\t\t\t<\/rs-module>\n\t\t\t\t<script>\n\t\t\t\t\tsetREVStartSize({c: 'rev_slider_7_1',rl:[1240,1024,778,480],el:[405],gw:[1240],gh:[405],type:'standard',justify:'',layout:'fullwidth',mh:\"0\"});if (window.RS_MODULES!==undefined && window.RS_MODULES.modules!==undefined && window.RS_MODULES.modules[\"revslider71\"]!==undefined) {window.RS_MODULES.modules[\"revslider71\"].once = false;window.revapi7 = undefined;if (window.RS_MODULES.checkMinimal!==undefined) window.RS_MODULES.checkMinimal()}\n\t\t\t\t<\/script>\n\t\t\t<\/rs-module-wrap>\n\t\t\t<!-- END REVOLUTION SLIDER -->\n[\/vc_column][\/vc_row][vc_row full_width=&#8221;stretch_row&#8221; css=&#8221;.vc_custom_1575388350945{margin-top: 30px !important;margin-bottom: 0px !important;background-color: #f2f2f2 !important;}&#8221;][vc_column][vc_row_inner][vc_column_inner width=&#8221;1\/2&#8243;][vc_images_carousel images=&#8221;5583,5584&#8243; img_size=&#8221;400&#215;350&#8243; onclick=&#8221;link_no&#8221; speed=&#8221;1000&#8243; wrap=&#8221;yes&#8221;][\/vc_column_inner][vc_column_inner width=&#8221;1\/2&#8243;][vc_column_text]<\/p>\n<h2><\/h2>\n<h2><strong>Micro-\u00d4nibus Rodovi\u00e1rio Executivo.<\/strong><\/h2>\n<p>[\/vc_column_text][vc_separator color=&#8221;custom&#8221; align=&#8221;align_left&#8221; border_width=&#8221;2&#8243; el_width=&#8221;10&#8243; css=&#8221;.vc_custom_1558980981793{margin-top: -20px !important;}&#8221; accent_color=&#8221;#2873bd&#8221;][vc_column_text]<span style=\"font-weight: 400;\">A Volare \u00e9 a marca l\u00edder no segmento de micro-\u00f4nibus no Brasil e pertence \u00e0 Marcopolo. Voltado para os grandes centros urbanos, o modelo DW9 da Volare \u00e9 ideal para transportar equipes e realizar rotas tur\u00edsticas nas cidades brasileiras. Econ\u00f4mico e confort\u00e1vel, ele \u00e9 ideal para o uso urbano, pois proporciona mobilidade e conforto sob medida para esse uso.<\/span><\/p>\n<p>Nossa frota conta com:<\/p>\n<p>\u25cf 26 lugares + 01 lugar na cabine;<br \/>\n\u25cf Ar condicionado;<br \/>\n\u25cf Banheiro;<br \/>\n\u25cf Poltronas Confort reclin\u00e1veis;<br \/>\n\u25cf DVD (2 telas com filmes e shows);<br \/>\n\u25cf Agua Gelada;<br \/>\n\u25cf Carregador Celular;<br \/>\n\u25cf Microfone p\/ Guia;[\/vc_column_text][\/vc_column_inner][\/vc_row_inner][\/vc_column][\/vc_row][vc_row][vc_column][vc_empty_space][\/vc_column][\/vc_row]<\/p>\n<\/div>","protected":false},"excerpt":{"rendered":"<p>[vc_row][vc_column][\/vc_column][\/vc_row][vc_row full_width=&#8221;stretch_row&#8221; css=&#8221;.vc_custom_1575388350945{margin-top: 30px !important;margin-bottom: 0px !important;background-color: #f2f2f2 !important;}&#8221;][vc_column][vc_row_inner][vc_column_inner width=&#8221;1\/2&#8243;][vc_images_carousel images=&#8221;5583,5584&#8243; img_size=&#8221;400&#215;350&#8243; onclick=&#8221;link_no&#8221; speed=&#8221;1000&#8243; wrap=&#8221;yes&#8221;][\/vc_column_inner][vc_column_inner width=&#8221;1\/2&#8243;][vc_column_text] Micro-\u00d4nibus Rodovi\u00e1rio Executivo. [\/vc_column_text][vc_separator color=&#8221;custom&#8221; align=&#8221;align_left&#8221; border_width=&#8221;2&#8243; el_width=&#8221;10&#8243; css=&#8221;.vc_custom_1558980981793{margin-top: -20px<span class=\"excerpt-hellip\"> [\u2026]<\/span><\/p>\n","protected":false},"author":7,"featured_media":0,"parent":1924,"menu_order":0,"comment_status":"closed","ping_status":"closed","template":"","meta":{"footnotes":""},"class_list":["post-4720","page","type-page","status-publish","hentry"],"yoast_head":"<!-- This site is optimized with the Yoast SEO plugin v27.3 - https:\/\/yoast.com\/product\/yoast-seo-wordpress\/ -->\n<title>Micro-\u00f4nibus para turismo e fretamento - Aluguel de \u00f4nibus e Micro, Loca\u00e7\u00e3o de Van - T4 Log\u00edstica<\/title>\n<meta name=\"description\" content=\"A frota \u00e9 um elemento fundamental para o sucesso da empresa e a T4 Log\u00edstica conta com frotas seguras para o seu conforto e comodidade.\" \/>\n<meta name=\"robots\" content=\"index, follow, max-snippet:-1, max-image-preview:large, max-video-preview:-1\" \/>\n<link rel=\"canonical\" href=\"https:\/\/t4logistica.com.br\/site\/frota\/micro-onibus-para-turismo-e-fretamento\/\" \/>\n<meta property=\"og:locale\" content=\"pt_BR\" \/>\n<meta property=\"og:type\" content=\"article\" \/>\n<meta property=\"og:title\" content=\"Micro-\u00f4nibus para turismo e fretamento - Aluguel de \u00f4nibus e Micro, Loca\u00e7\u00e3o de Van - T4 Log\u00edstica\" \/>\n<meta property=\"og:description\" content=\"A frota \u00e9 um elemento fundamental para o sucesso da empresa e a T4 Log\u00edstica conta com frotas seguras para o seu conforto e comodidade.\" \/>\n<meta property=\"og:url\" content=\"https:\/\/t4logistica.com.br\/site\/frota\/micro-onibus-para-turismo-e-fretamento\/\" \/>\n<meta property=\"og:site_name\" content=\"Aluguel de \u00d4nibus e Micro, Loca\u00e7\u00e3o de Van, Receptivo ES - T4 Log\u00edstica\" \/>\n<meta property=\"article:modified_time\" content=\"2025-06-11T16:57:22+00:00\" \/>\n<meta name=\"twitter:card\" content=\"summary_large_image\" \/>\n<meta name=\"twitter:label1\" content=\"Est. tempo de leitura\" \/>\n\t<meta name=\"twitter:data1\" content=\"4 minutos\" \/>\n<script type=\"application\/ld+json\" class=\"yoast-schema-graph\">{\"@context\":\"https:\\\/\\\/schema.org\",\"@graph\":[{\"@type\":\"WebPage\",\"@id\":\"https:\\\/\\\/t4logistica.com.br\\\/site\\\/frota\\\/micro-onibus-para-turismo-e-fretamento\\\/\",\"url\":\"https:\\\/\\\/t4logistica.com.br\\\/site\\\/frota\\\/micro-onibus-para-turismo-e-fretamento\\\/\",\"name\":\"Micro-\u00f4nibus para turismo e fretamento - Aluguel de \u00f4nibus e Micro, Loca\u00e7\u00e3o de Van - T4 Log\u00edstica\",\"isPartOf\":{\"@id\":\"https:\\\/\\\/t4logistica.com.br\\\/site\\\/#website\"},\"datePublished\":\"2023-05-09T16:02:44+00:00\",\"dateModified\":\"2025-06-11T16:57:22+00:00\",\"description\":\"A frota \u00e9 um elemento fundamental para o sucesso da empresa e a T4 Log\u00edstica conta com frotas seguras para o seu conforto e comodidade.\",\"breadcrumb\":{\"@id\":\"https:\\\/\\\/t4logistica.com.br\\\/site\\\/frota\\\/micro-onibus-para-turismo-e-fretamento\\\/#breadcrumb\"},\"inLanguage\":\"pt-BR\",\"potentialAction\":[{\"@type\":\"ReadAction\",\"target\":[\"https:\\\/\\\/t4logistica.com.br\\\/site\\\/frota\\\/micro-onibus-para-turismo-e-fretamento\\\/\"]}]},{\"@type\":\"BreadcrumbList\",\"@id\":\"https:\\\/\\\/t4logistica.com.br\\\/site\\\/frota\\\/micro-onibus-para-turismo-e-fretamento\\\/#breadcrumb\",\"itemListElement\":[{\"@type\":\"ListItem\",\"position\":1,\"name\":\"In\u00edcio\",\"item\":\"https:\\\/\\\/t4logistica.com.br\\\/site\\\/\"},{\"@type\":\"ListItem\",\"position\":2,\"name\":\"Frota\",\"item\":\"https:\\\/\\\/t4logistica.com.br\\\/site\\\/frota\\\/\"},{\"@type\":\"ListItem\",\"position\":3,\"name\":\"Micro-\u00f4nibus para turismo e fretamento\"}]},{\"@type\":\"WebSite\",\"@id\":\"https:\\\/\\\/t4logistica.com.br\\\/site\\\/#website\",\"url\":\"https:\\\/\\\/t4logistica.com.br\\\/site\\\/\",\"name\":\"Aluguel de \u00d4nibus e Micro, Loca\u00e7\u00e3o de Van, Receptivo ES - T4 Log\u00edstica\",\"description\":\"Transporte em Vit\u00f3ria, Cariacica, Serra e Vila Velha\",\"publisher\":{\"@id\":\"https:\\\/\\\/t4logistica.com.br\\\/site\\\/#organization\"},\"potentialAction\":[{\"@type\":\"SearchAction\",\"target\":{\"@type\":\"EntryPoint\",\"urlTemplate\":\"https:\\\/\\\/t4logistica.com.br\\\/site\\\/?s={search_term_string}\"},\"query-input\":{\"@type\":\"PropertyValueSpecification\",\"valueRequired\":true,\"valueName\":\"search_term_string\"}}],\"inLanguage\":\"pt-BR\"},{\"@type\":\"Organization\",\"@id\":\"https:\\\/\\\/t4logistica.com.br\\\/site\\\/#organization\",\"name\":\"Aluguel de \u00d4nibus e Micro, Loca\u00e7\u00e3o de Van, Receptivo ES - T4 Log\u00edstica\",\"url\":\"https:\\\/\\\/t4logistica.com.br\\\/site\\\/\",\"logo\":{\"@type\":\"ImageObject\",\"inLanguage\":\"pt-BR\",\"@id\":\"https:\\\/\\\/t4logistica.com.br\\\/site\\\/#\\\/schema\\\/logo\\\/image\\\/\",\"url\":\"https:\\\/\\\/t4logistica.com.br\\\/site\\\/wp-content\\\/uploads\\\/2025\\\/07\\\/cropped-cropped-cropped-Frame-12-1.png\",\"contentUrl\":\"https:\\\/\\\/t4logistica.com.br\\\/site\\\/wp-content\\\/uploads\\\/2025\\\/07\\\/cropped-cropped-cropped-Frame-12-1.png\",\"width\":487,\"height\":467,\"caption\":\"Aluguel de \u00d4nibus e Micro, Loca\u00e7\u00e3o de Van, Receptivo ES - T4 Log\u00edstica\"},\"image\":{\"@id\":\"https:\\\/\\\/t4logistica.com.br\\\/site\\\/#\\\/schema\\\/logo\\\/image\\\/\"}}]}<\/script>\n<!-- \/ Yoast SEO plugin. -->","yoast_head_json":{"title":"Micro-\u00f4nibus para turismo e fretamento - Aluguel de \u00f4nibus e Micro, Loca\u00e7\u00e3o de Van - T4 Log\u00edstica","description":"A frota \u00e9 um elemento fundamental para o sucesso da empresa e a T4 Log\u00edstica conta com frotas seguras para o seu conforto e comodidade.","robots":{"index":"index","follow":"follow","max-snippet":"max-snippet:-1","max-image-preview":"max-image-preview:large","max-video-preview":"max-video-preview:-1"},"canonical":"https:\/\/t4logistica.com.br\/site\/frota\/micro-onibus-para-turismo-e-fretamento\/","og_locale":"pt_BR","og_type":"article","og_title":"Micro-\u00f4nibus para turismo e fretamento - Aluguel de \u00f4nibus e Micro, Loca\u00e7\u00e3o de Van - T4 Log\u00edstica","og_description":"A frota \u00e9 um elemento fundamental para o sucesso da empresa e a T4 Log\u00edstica conta com frotas seguras para o seu conforto e comodidade.","og_url":"https:\/\/t4logistica.com.br\/site\/frota\/micro-onibus-para-turismo-e-fretamento\/","og_site_name":"Aluguel de \u00d4nibus e Micro, Loca\u00e7\u00e3o de Van, Receptivo ES - T4 Log\u00edstica","article_modified_time":"2025-06-11T16:57:22+00:00","twitter_card":"summary_large_image","twitter_misc":{"Est. tempo de leitura":"4 minutos"},"schema":{"@context":"https:\/\/schema.org","@graph":[{"@type":"WebPage","@id":"https:\/\/t4logistica.com.br\/site\/frota\/micro-onibus-para-turismo-e-fretamento\/","url":"https:\/\/t4logistica.com.br\/site\/frota\/micro-onibus-para-turismo-e-fretamento\/","name":"Micro-\u00f4nibus para turismo e fretamento - Aluguel de \u00f4nibus e Micro, Loca\u00e7\u00e3o de Van - T4 Log\u00edstica","isPartOf":{"@id":"https:\/\/t4logistica.com.br\/site\/#website"},"datePublished":"2023-05-09T16:02:44+00:00","dateModified":"2025-06-11T16:57:22+00:00","description":"A frota \u00e9 um elemento fundamental para o sucesso da empresa e a T4 Log\u00edstica conta com frotas seguras para o seu conforto e comodidade.","breadcrumb":{"@id":"https:\/\/t4logistica.com.br\/site\/frota\/micro-onibus-para-turismo-e-fretamento\/#breadcrumb"},"inLanguage":"pt-BR","potentialAction":[{"@type":"ReadAction","target":["https:\/\/t4logistica.com.br\/site\/frota\/micro-onibus-para-turismo-e-fretamento\/"]}]},{"@type":"BreadcrumbList","@id":"https:\/\/t4logistica.com.br\/site\/frota\/micro-onibus-para-turismo-e-fretamento\/#breadcrumb","itemListElement":[{"@type":"ListItem","position":1,"name":"In\u00edcio","item":"https:\/\/t4logistica.com.br\/site\/"},{"@type":"ListItem","position":2,"name":"Frota","item":"https:\/\/t4logistica.com.br\/site\/frota\/"},{"@type":"ListItem","position":3,"name":"Micro-\u00f4nibus para turismo e fretamento"}]},{"@type":"WebSite","@id":"https:\/\/t4logistica.com.br\/site\/#website","url":"https:\/\/t4logistica.com.br\/site\/","name":"Aluguel de \u00d4nibus e Micro, Loca\u00e7\u00e3o de Van, Receptivo ES - T4 Log\u00edstica","description":"Transporte em Vit\u00f3ria, Cariacica, Serra e Vila Velha","publisher":{"@id":"https:\/\/t4logistica.com.br\/site\/#organization"},"potentialAction":[{"@type":"SearchAction","target":{"@type":"EntryPoint","urlTemplate":"https:\/\/t4logistica.com.br\/site\/?s={search_term_string}"},"query-input":{"@type":"PropertyValueSpecification","valueRequired":true,"valueName":"search_term_string"}}],"inLanguage":"pt-BR"},{"@type":"Organization","@id":"https:\/\/t4logistica.com.br\/site\/#organization","name":"Aluguel de \u00d4nibus e Micro, Loca\u00e7\u00e3o de Van, Receptivo ES - T4 Log\u00edstica","url":"https:\/\/t4logistica.com.br\/site\/","logo":{"@type":"ImageObject","inLanguage":"pt-BR","@id":"https:\/\/t4logistica.com.br\/site\/#\/schema\/logo\/image\/","url":"https:\/\/t4logistica.com.br\/site\/wp-content\/uploads\/2025\/07\/cropped-cropped-cropped-Frame-12-1.png","contentUrl":"https:\/\/t4logistica.com.br\/site\/wp-content\/uploads\/2025\/07\/cropped-cropped-cropped-Frame-12-1.png","width":487,"height":467,"caption":"Aluguel de \u00d4nibus e Micro, Loca\u00e7\u00e3o de Van, Receptivo ES - T4 Log\u00edstica"},"image":{"@id":"https:\/\/t4logistica.com.br\/site\/#\/schema\/logo\/image\/"}}]}},"_links":{"self":[{"href":"https:\/\/t4logistica.com.br\/site\/wp-json\/wp\/v2\/pages\/4720","targetHints":{"allow":["GET"]}}],"collection":[{"href":"https:\/\/t4logistica.com.br\/site\/wp-json\/wp\/v2\/pages"}],"about":[{"href":"https:\/\/t4logistica.com.br\/site\/wp-json\/wp\/v2\/types\/page"}],"author":[{"embeddable":true,"href":"https:\/\/t4logistica.com.br\/site\/wp-json\/wp\/v2\/users\/7"}],"replies":[{"embeddable":true,"href":"https:\/\/t4logistica.com.br\/site\/wp-json\/wp\/v2\/comments?post=4720"}],"version-history":[{"count":13,"href":"https:\/\/t4logistica.com.br\/site\/wp-json\/wp\/v2\/pages\/4720\/revisions"}],"predecessor-version":[{"id":5766,"href":"https:\/\/t4logistica.com.br\/site\/wp-json\/wp\/v2\/pages\/4720\/revisions\/5766"}],"up":[{"embeddable":true,"href":"https:\/\/t4logistica.com.br\/site\/wp-json\/wp\/v2\/pages\/1924"}],"wp:attachment":[{"href":"https:\/\/t4logistica.com.br\/site\/wp-json\/wp\/v2\/media?parent=4720"}],"curies":[{"name":"wp","href":"https:\/\/api.w.org\/{rel}","templated":true}]}}