{"id":4712,"date":"2023-05-09T11:43:25","date_gmt":"2023-05-09T14:43:25","guid":{"rendered":"https:\/\/t4logistica.com.br\/site\/?page_id=4712"},"modified":"2025-06-11T14:52:45","modified_gmt":"2025-06-11T17:52:45","slug":"onibus-para-turismo","status":"publish","type":"page","link":"https:\/\/t4logistica.com.br\/site\/onibus-para-turismo\/","title":{"rendered":"\u00d4nibus para Turismo"},"content":{"rendered":"<div class=\"wpb-content-wrapper\"><p>[vc_row][vc_column]\n\t\t\t<!-- START Turismo REVOLUTION SLIDER 6.6.15 --><p class=\"rs-p-wp-fix\"><\/p>\n\t\t\t<rs-module-wrap id=\"rev_slider_4_1_wrapper\" data-source=\"gallery\" style=\"visibility:hidden;background:transparent;padding:0;margin:0px auto;margin-top:0;margin-bottom:0;\">\n\t\t\t\t<rs-module id=\"rev_slider_4_1\" style=\"\" data-version=\"6.6.15\">\n\t\t\t\t\t<rs-slides style=\"overflow: hidden; position: absolute;\">\n\t\t\t\t\t\t<rs-slide style=\"position: absolute;\" data-key=\"rs-20\" data-title=\"Slide\" data-in=\"o:0;\" data-out=\"a:false;\">\n\t\t\t\t\t\t\t<img fetchpriority=\"high\" decoding=\"async\" src=\"\/\/t4logistica.com.br\/site\/wp-content\/plugins\/revslider\/public\/assets\/assets\/dummy.png\" alt=\"\" title=\"onibus para turismo\" width=\"1920\" height=\"405\" class=\"rev-slidebg tp-rs-img rs-lazyload\" data-lazyload=\"\/\/t4logistica.com.br\/site\/wp-content\/uploads\/2025\/06\/onibus-para-turismo.png\" data-no-retina>\n<!--\n\t\t\t\t\t\t\t--><rs-layer\n\t\t\t\t\t\t\t\tid=\"slider-4-slide-20-layer-1\" \n\t\t\t\t\t\t\t\tdata-type=\"text\"\n\t\t\t\t\t\t\t\tdata-color=\"#ffffff\"\n\t\t\t\t\t\t\t\tdata-rsp_ch=\"on\"\n\t\t\t\t\t\t\t\tdata-xy=\"x:c;y:c;\"\n\t\t\t\t\t\t\t\tdata-text=\"w:normal;s:40;l:30;fw:500;a:center;\"\n\t\t\t\t\t\t\t\tdata-frame_999=\"o:0;st:w;\"\n\t\t\t\t\t\t\t\tstyle=\"z-index:6;font-family:'Roboto';\"\n\t\t\t\t\t\t\t>\u00d4nibus para Turismo \n\t\t\t\t\t\t\t<\/rs-layer><!--\n-->\t\t\t\t\t\t<\/rs-slide>\n\t\t\t\t\t<\/rs-slides>\n\t\t\t\t<\/rs-module>\n\t\t\t\t<script>\n\t\t\t\t\tsetREVStartSize({c: 'rev_slider_4_1',rl:[1240,1024,778,480],el:[405],gw:[1240],gh:[405],type:'standard',justify:'',layout:'fullwidth',mh:\"0\"});if (window.RS_MODULES!==undefined && window.RS_MODULES.modules!==undefined && window.RS_MODULES.modules[\"revslider41\"]!==undefined) {window.RS_MODULES.modules[\"revslider41\"].once = false;window.revapi4 = undefined;if (window.RS_MODULES.checkMinimal!==undefined) window.RS_MODULES.checkMinimal()}\n\t\t\t\t<\/script>\n\t\t\t<\/rs-module-wrap>\n\t\t\t<!-- END REVOLUTION SLIDER -->\n[\/vc_column][\/vc_row][vc_row full_width=&#8221;stretch_row&#8221; css=&#8221;.vc_custom_1575388337296{margin-top: 30px !important;margin-bottom: 0px !important;background-color: #efefef !important;}&#8221;][vc_column][vc_row_inner][vc_column_inner width=&#8221;1\/2&#8243;][vc_images_carousel images=&#8221;5747,5839,5840,5841&#8243; img_size=&#8221;400&#215;338&#8243; onclick=&#8221;link_no&#8221; speed=&#8221;1000&#8243; wrap=&#8221;yes&#8221; css=&#8221;&#8221;][\/vc_column_inner][vc_column_inner width=&#8221;1\/2&#8243;][vc_column_text]<\/p>\n<h2><\/h2>\n<h2><strong>\u00d4nibus Double Decker.<\/strong><\/h2>\n<p>[\/vc_column_text][vc_separator color=&#8221;custom&#8221; align=&#8221;align_left&#8221; border_width=&#8221;2&#8243; el_width=&#8221;10&#8243; css=&#8221;.vc_custom_1558980981793{margin-top: -20px !important;}&#8221; accent_color=&#8221;#2873bd&#8221;][vc_column_text]Semi-leito<\/p>\n<p><span style=\"font-weight: 400;\">Desenvolvido para oferecer os mais elevados padr\u00f5es de seguran\u00e7a e comodidade, o <\/span><a href=\"https:\/\/onibus.marcopolo.com.br\/produtos\/rodoviarios\/paradiso-new-g7-1800-dd\"><span style=\"font-weight: 400;\">Paradiso New G7 1800 DD<\/span><\/a><span style=\"font-weight: 400;\"> \u00e9 resultado da soma de sofistica\u00e7\u00e3o, amplo espa\u00e7o interno e tecnologia. O modelo pode ainda ser configurado para duas classes de servi\u00e7os, o que eleva a qualidade do transporte oferecido.<\/span>[\/vc_column_text][vc_column_text]Nossa frota conta com:<\/p>\n<div class=\"container-desc-bus\">\n<div>\u25cf 56 lugares;<br \/>\n\u25cf Ar condicionado;<br \/>\n\u25cf Toilette;<br \/>\n\u25cf Multimidia;<br \/>\n\u25cf DVD;<br \/>\n\u25cf Microfone;<br \/>\n\u25cf MP3;<\/div>\n<div>\u25cf Wi-fi;<br \/>\n\u25cf Entrada USB em todas as poltronas;<br \/>\n\u25cf Tomadas 127v;<br \/>\n\u25cf Geladeiras el\u00e9tricas com agua gelada;<br \/>\n\u25cf Caf\u00e9;<br \/>\n\u25cf Manta + Travesseiro;<br \/>\n\u25cf 2 lugares cabine (motorista + guia).<\/div>\n<\/div>\n<p>[\/vc_column_text][\/vc_column_inner][\/vc_row_inner][\/vc_column][\/vc_row][vc_row full_width=&#8221;stretch_row&#8221; css=&#8221;.vc_custom_1575388337296{margin-top: 30px !important;margin-bottom: 0px !important;background-color: #efefef !important;}&#8221;][vc_column][vc_row_inner][vc_column_inner width=&#8221;1\/2&#8243;][vc_images_carousel images=&#8221;5846,5843,5844,5845&#8243; img_size=&#8221;400&#215;338&#8243; onclick=&#8221;link_no&#8221; speed=&#8221;1000&#8243; wrap=&#8221;yes&#8221; css=&#8221;&#8221;][\/vc_column_inner][vc_column_inner width=&#8221;1\/2&#8243;][vc_column_text]<\/p>\n<h2><\/h2>\n<h2><strong>\u00d4nibus Rodovi\u00e1rio Executivo.<\/strong><\/h2>\n<p>[\/vc_column_text][vc_separator color=&#8221;custom&#8221; align=&#8221;align_left&#8221; border_width=&#8221;2&#8243; el_width=&#8221;10&#8243; css=&#8221;.vc_custom_1558980981793{margin-top: -20px !important;}&#8221; accent_color=&#8221;#2873bd&#8221;][vc_column_text]<span style=\"font-weight: 400;\">O \u00d4nibus Marcopolo Viaggio 1050 G7 \u00e9 ideal para viagens intermunicipais e interestaduais de curta e m\u00e9dia dist\u00e2ncia. Por contar com praticidade, conforto e seguran\u00e7a, o ve\u00edculo garante uma viagem mais tranquila aos passageiros.<\/span><\/p>\n<p>Nossa frota conta com:<\/p>\n<div class=\"container-desc-bus\">\n<div>\u25cf 46 lugares;<br \/>\n\u25cf Ar condicionado;<br \/>\n\u25cf Banheiro;<br \/>\n\u25cf Poltronas Confort reclin\u00e1veis;<br \/>\n\u25cf DVD (3 telas com filmes e shows);<\/div>\n<div>\u25cf Frigobar com \u00e1gua gelada;<br \/>\n\u25cf Carregador Celular;<br \/>\n\u25cf Microfone para guia;<br \/>\n\u25cf Cadeira P\/ Guia.<\/div>\n<\/div>\n<p>[\/vc_column_text][\/vc_column_inner][\/vc_row_inner][\/vc_column][\/vc_row][vc_row][vc_column][vc_empty_space][\/vc_column][\/vc_row]<\/p>\n<\/div>","protected":false},"excerpt":{"rendered":"<p>[vc_row][vc_column][\/vc_column][\/vc_row][vc_row full_width=&#8221;stretch_row&#8221; css=&#8221;.vc_custom_1575388337296{margin-top: 30px !important;margin-bottom: 0px !important;background-color: #efefef !important;}&#8221;][vc_column][vc_row_inner][vc_column_inner width=&#8221;1\/2&#8243;][vc_images_carousel images=&#8221;5747,5839,5840,5841&#8243; img_size=&#8221;400&#215;338&#8243; onclick=&#8221;link_no&#8221; speed=&#8221;1000&#8243; wrap=&#8221;yes&#8221; css=&#8221;&#8221;][\/vc_column_inner][vc_column_inner width=&#8221;1\/2&#8243;][vc_column_text] \u00d4nibus Double Decker. [\/vc_column_text][vc_separator color=&#8221;custom&#8221; align=&#8221;align_left&#8221; border_width=&#8221;2&#8243; el_width=&#8221;10&#8243; css=&#8221;.vc_custom_1558980981793{margin-top:<span class=\"excerpt-hellip\"> [\u2026]<\/span><\/p>\n","protected":false},"author":7,"featured_media":0,"parent":0,"menu_order":0,"comment_status":"closed","ping_status":"closed","template":"","meta":{"footnotes":""},"class_list":["post-4712","page","type-page","status-publish","hentry"],"yoast_head":"<!-- This site is optimized with the Yoast SEO plugin v27.3 - https:\/\/yoast.com\/product\/yoast-seo-wordpress\/ -->\n<title>\u00d4nibus para Turismo - Aluguel de \u00f4nibus e Micro, Loca\u00e7\u00e3o de Van - T4 Log\u00edstica<\/title>\n<meta name=\"description\" content=\"A frota \u00e9 um elemento fundamental para o sucesso da empresa e a T4 Log\u00edstica conta com frotas seguras para o seu conforto e comodidade.\" \/>\n<meta name=\"robots\" content=\"index, follow, max-snippet:-1, max-image-preview:large, max-video-preview:-1\" \/>\n<link rel=\"canonical\" href=\"https:\/\/t4logistica.com.br\/site\/onibus-para-turismo\/\" \/>\n<meta property=\"og:locale\" content=\"pt_BR\" \/>\n<meta property=\"og:type\" content=\"article\" \/>\n<meta property=\"og:title\" content=\"\u00d4nibus para Turismo - Aluguel de \u00f4nibus e Micro, Loca\u00e7\u00e3o de Van - T4 Log\u00edstica\" \/>\n<meta property=\"og:description\" content=\"A frota \u00e9 um elemento fundamental para o sucesso da empresa e a T4 Log\u00edstica conta com frotas seguras para o seu conforto e comodidade.\" \/>\n<meta property=\"og:url\" content=\"https:\/\/t4logistica.com.br\/site\/onibus-para-turismo\/\" \/>\n<meta property=\"og:site_name\" content=\"Aluguel de \u00d4nibus e Micro, Loca\u00e7\u00e3o de Van, Receptivo ES - T4 Log\u00edstica\" \/>\n<meta property=\"article:modified_time\" content=\"2025-06-11T17:52:45+00:00\" \/>\n<meta name=\"twitter:card\" content=\"summary_large_image\" \/>\n<meta name=\"twitter:label1\" content=\"Est. tempo de leitura\" \/>\n\t<meta name=\"twitter:data1\" content=\"4 minutos\" \/>\n<script type=\"application\/ld+json\" class=\"yoast-schema-graph\">{\"@context\":\"https:\\\/\\\/schema.org\",\"@graph\":[{\"@type\":\"WebPage\",\"@id\":\"https:\\\/\\\/t4logistica.com.br\\\/site\\\/onibus-para-turismo\\\/\",\"url\":\"https:\\\/\\\/t4logistica.com.br\\\/site\\\/onibus-para-turismo\\\/\",\"name\":\"\u00d4nibus para Turismo - Aluguel de \u00f4nibus e Micro, Loca\u00e7\u00e3o de Van - T4 Log\u00edstica\",\"isPartOf\":{\"@id\":\"https:\\\/\\\/t4logistica.com.br\\\/site\\\/#website\"},\"datePublished\":\"2023-05-09T14:43:25+00:00\",\"dateModified\":\"2025-06-11T17:52:45+00:00\",\"description\":\"A frota \u00e9 um elemento fundamental para o sucesso da empresa e a T4 Log\u00edstica conta com frotas seguras para o seu conforto e comodidade.\",\"breadcrumb\":{\"@id\":\"https:\\\/\\\/t4logistica.com.br\\\/site\\\/onibus-para-turismo\\\/#breadcrumb\"},\"inLanguage\":\"pt-BR\",\"potentialAction\":[{\"@type\":\"ReadAction\",\"target\":[\"https:\\\/\\\/t4logistica.com.br\\\/site\\\/onibus-para-turismo\\\/\"]}]},{\"@type\":\"BreadcrumbList\",\"@id\":\"https:\\\/\\\/t4logistica.com.br\\\/site\\\/onibus-para-turismo\\\/#breadcrumb\",\"itemListElement\":[{\"@type\":\"ListItem\",\"position\":1,\"name\":\"In\u00edcio\",\"item\":\"https:\\\/\\\/t4logistica.com.br\\\/site\\\/\"},{\"@type\":\"ListItem\",\"position\":2,\"name\":\"\u00d4nibus para Turismo\"}]},{\"@type\":\"WebSite\",\"@id\":\"https:\\\/\\\/t4logistica.com.br\\\/site\\\/#website\",\"url\":\"https:\\\/\\\/t4logistica.com.br\\\/site\\\/\",\"name\":\"Aluguel de \u00d4nibus e Micro, Loca\u00e7\u00e3o de Van, Receptivo ES - T4 Log\u00edstica\",\"description\":\"Transporte em Vit\u00f3ria, Cariacica, Serra e Vila Velha\",\"publisher\":{\"@id\":\"https:\\\/\\\/t4logistica.com.br\\\/site\\\/#organization\"},\"potentialAction\":[{\"@type\":\"SearchAction\",\"target\":{\"@type\":\"EntryPoint\",\"urlTemplate\":\"https:\\\/\\\/t4logistica.com.br\\\/site\\\/?s={search_term_string}\"},\"query-input\":{\"@type\":\"PropertyValueSpecification\",\"valueRequired\":true,\"valueName\":\"search_term_string\"}}],\"inLanguage\":\"pt-BR\"},{\"@type\":\"Organization\",\"@id\":\"https:\\\/\\\/t4logistica.com.br\\\/site\\\/#organization\",\"name\":\"Aluguel de \u00d4nibus e Micro, Loca\u00e7\u00e3o de Van, Receptivo ES - T4 Log\u00edstica\",\"url\":\"https:\\\/\\\/t4logistica.com.br\\\/site\\\/\",\"logo\":{\"@type\":\"ImageObject\",\"inLanguage\":\"pt-BR\",\"@id\":\"https:\\\/\\\/t4logistica.com.br\\\/site\\\/#\\\/schema\\\/logo\\\/image\\\/\",\"url\":\"https:\\\/\\\/t4logistica.com.br\\\/site\\\/wp-content\\\/uploads\\\/2025\\\/07\\\/cropped-cropped-cropped-Frame-12-1.png\",\"contentUrl\":\"https:\\\/\\\/t4logistica.com.br\\\/site\\\/wp-content\\\/uploads\\\/2025\\\/07\\\/cropped-cropped-cropped-Frame-12-1.png\",\"width\":487,\"height\":467,\"caption\":\"Aluguel de \u00d4nibus e Micro, Loca\u00e7\u00e3o de Van, Receptivo ES - T4 Log\u00edstica\"},\"image\":{\"@id\":\"https:\\\/\\\/t4logistica.com.br\\\/site\\\/#\\\/schema\\\/logo\\\/image\\\/\"}}]}<\/script>\n<!-- \/ Yoast SEO plugin. -->","yoast_head_json":{"title":"\u00d4nibus para Turismo - Aluguel de \u00f4nibus e Micro, Loca\u00e7\u00e3o de Van - T4 Log\u00edstica","description":"A frota \u00e9 um elemento fundamental para o sucesso da empresa e a T4 Log\u00edstica conta com frotas seguras para o seu conforto e comodidade.","robots":{"index":"index","follow":"follow","max-snippet":"max-snippet:-1","max-image-preview":"max-image-preview:large","max-video-preview":"max-video-preview:-1"},"canonical":"https:\/\/t4logistica.com.br\/site\/onibus-para-turismo\/","og_locale":"pt_BR","og_type":"article","og_title":"\u00d4nibus para Turismo - Aluguel de \u00f4nibus e Micro, Loca\u00e7\u00e3o de Van - T4 Log\u00edstica","og_description":"A frota \u00e9 um elemento fundamental para o sucesso da empresa e a T4 Log\u00edstica conta com frotas seguras para o seu conforto e comodidade.","og_url":"https:\/\/t4logistica.com.br\/site\/onibus-para-turismo\/","og_site_name":"Aluguel de \u00d4nibus e Micro, Loca\u00e7\u00e3o de Van, Receptivo ES - T4 Log\u00edstica","article_modified_time":"2025-06-11T17:52:45+00:00","twitter_card":"summary_large_image","twitter_misc":{"Est. tempo de leitura":"4 minutos"},"schema":{"@context":"https:\/\/schema.org","@graph":[{"@type":"WebPage","@id":"https:\/\/t4logistica.com.br\/site\/onibus-para-turismo\/","url":"https:\/\/t4logistica.com.br\/site\/onibus-para-turismo\/","name":"\u00d4nibus para Turismo - Aluguel de \u00f4nibus e Micro, Loca\u00e7\u00e3o de Van - T4 Log\u00edstica","isPartOf":{"@id":"https:\/\/t4logistica.com.br\/site\/#website"},"datePublished":"2023-05-09T14:43:25+00:00","dateModified":"2025-06-11T17:52:45+00:00","description":"A frota \u00e9 um elemento fundamental para o sucesso da empresa e a T4 Log\u00edstica conta com frotas seguras para o seu conforto e comodidade.","breadcrumb":{"@id":"https:\/\/t4logistica.com.br\/site\/onibus-para-turismo\/#breadcrumb"},"inLanguage":"pt-BR","potentialAction":[{"@type":"ReadAction","target":["https:\/\/t4logistica.com.br\/site\/onibus-para-turismo\/"]}]},{"@type":"BreadcrumbList","@id":"https:\/\/t4logistica.com.br\/site\/onibus-para-turismo\/#breadcrumb","itemListElement":[{"@type":"ListItem","position":1,"name":"In\u00edcio","item":"https:\/\/t4logistica.com.br\/site\/"},{"@type":"ListItem","position":2,"name":"\u00d4nibus para Turismo"}]},{"@type":"WebSite","@id":"https:\/\/t4logistica.com.br\/site\/#website","url":"https:\/\/t4logistica.com.br\/site\/","name":"Aluguel de \u00d4nibus e Micro, Loca\u00e7\u00e3o de Van, Receptivo ES - T4 Log\u00edstica","description":"Transporte em Vit\u00f3ria, Cariacica, Serra e Vila Velha","publisher":{"@id":"https:\/\/t4logistica.com.br\/site\/#organization"},"potentialAction":[{"@type":"SearchAction","target":{"@type":"EntryPoint","urlTemplate":"https:\/\/t4logistica.com.br\/site\/?s={search_term_string}"},"query-input":{"@type":"PropertyValueSpecification","valueRequired":true,"valueName":"search_term_string"}}],"inLanguage":"pt-BR"},{"@type":"Organization","@id":"https:\/\/t4logistica.com.br\/site\/#organization","name":"Aluguel de \u00d4nibus e Micro, Loca\u00e7\u00e3o de Van, Receptivo ES - T4 Log\u00edstica","url":"https:\/\/t4logistica.com.br\/site\/","logo":{"@type":"ImageObject","inLanguage":"pt-BR","@id":"https:\/\/t4logistica.com.br\/site\/#\/schema\/logo\/image\/","url":"https:\/\/t4logistica.com.br\/site\/wp-content\/uploads\/2025\/07\/cropped-cropped-cropped-Frame-12-1.png","contentUrl":"https:\/\/t4logistica.com.br\/site\/wp-content\/uploads\/2025\/07\/cropped-cropped-cropped-Frame-12-1.png","width":487,"height":467,"caption":"Aluguel de \u00d4nibus e Micro, Loca\u00e7\u00e3o de Van, Receptivo ES - T4 Log\u00edstica"},"image":{"@id":"https:\/\/t4logistica.com.br\/site\/#\/schema\/logo\/image\/"}}]}},"_links":{"self":[{"href":"https:\/\/t4logistica.com.br\/site\/wp-json\/wp\/v2\/pages\/4712","targetHints":{"allow":["GET"]}}],"collection":[{"href":"https:\/\/t4logistica.com.br\/site\/wp-json\/wp\/v2\/pages"}],"about":[{"href":"https:\/\/t4logistica.com.br\/site\/wp-json\/wp\/v2\/types\/page"}],"author":[{"embeddable":true,"href":"https:\/\/t4logistica.com.br\/site\/wp-json\/wp\/v2\/users\/7"}],"replies":[{"embeddable":true,"href":"https:\/\/t4logistica.com.br\/site\/wp-json\/wp\/v2\/comments?post=4712"}],"version-history":[{"count":57,"href":"https:\/\/t4logistica.com.br\/site\/wp-json\/wp\/v2\/pages\/4712\/revisions"}],"predecessor-version":[{"id":5847,"href":"https:\/\/t4logistica.com.br\/site\/wp-json\/wp\/v2\/pages\/4712\/revisions\/5847"}],"wp:attachment":[{"href":"https:\/\/t4logistica.com.br\/site\/wp-json\/wp\/v2\/media?parent=4712"}],"curies":[{"name":"wp","href":"https:\/\/api.w.org\/{rel}","templated":true}]}}