{"id":4647,"date":"2023-04-25T16:45:38","date_gmt":"2023-04-25T19:45:38","guid":{"rendered":"https:\/\/t4logistica.com.br\/site\/?page_id=4647"},"modified":"2026-04-10T11:22:07","modified_gmt":"2026-04-10T14:22:07","slug":"locacao-de-carros-executivos","status":"publish","type":"page","link":"https:\/\/t4logistica.com.br\/site\/locacao-de-carros-executivos\/","title":{"rendered":"Loca\u00e7\u00e3o de Carros Executivos"},"content":{"rendered":"<div class=\"wpb-content-wrapper\">\t\t<div data-elementor-type=\"wp-page\" data-elementor-id=\"4647\" class=\"elementor elementor-4647\" data-elementor-post-type=\"page\">\n\t\t\t\t\t\t<section class=\"elementor-section elementor-top-section elementor-element elementor-element-52029e84 elementor-section-boxed elementor-section-height-default elementor-section-height-default\" data-id=\"52029e84\" data-element_type=\"section\">\n\t\t\t\t\t\t<div class=\"elementor-container elementor-column-gap-default\">\n\t\t\t\t\t<div class=\"elementor-column elementor-col-100 elementor-top-column elementor-element elementor-element-60101414\" data-id=\"60101414\" data-element_type=\"column\">\n\t\t\t<div class=\"elementor-widget-wrap elementor-element-populated\">\n\t\t\t\t\t\t<div class=\"elementor-element elementor-element-6ab54445 elementor-widget elementor-widget-text-editor\" data-id=\"6ab54445\" data-element_type=\"widget\" data-widget_type=\"text-editor.default\">\n\t\t\t\t<div class=\"elementor-widget-container\">\n\t\t\t\t\t\t\t\t\t<p>[vc_row][vc_column]\n\t\t\t<!-- START Carros Executivos REVOLUTION SLIDER 6.6.15 --><p class=\"rs-p-wp-fix\"><\/p>\n\t\t\t<rs-module-wrap id=\"rev_slider_9_1_wrapper\" data-source=\"gallery\" style=\"visibility:hidden;background:transparent;padding:0;margin:0px auto;margin-top:0;margin-bottom:0;\">\n\t\t\t\t<rs-module id=\"rev_slider_9_1\" style=\"\" data-version=\"6.6.15\">\n\t\t\t\t\t<rs-slides style=\"overflow: hidden; position: absolute;\">\n\t\t\t\t\t\t<rs-slide style=\"position: absolute;\" data-key=\"rs-25\" data-title=\"Slide\" data-in=\"o:0;\" data-out=\"a:false;\">\n\t\t\t\t\t\t\t<img fetchpriority=\"high\" decoding=\"async\" src=\"\/\/t4logistica.com.br\/site\/wp-content\/plugins\/revslider\/public\/assets\/assets\/dummy.png\" alt=\"\" title=\"carro executivo\" width=\"1920\" height=\"405\" class=\"rev-slidebg tp-rs-img rs-lazyload\" data-lazyload=\"\/\/t4logistica.com.br\/site\/wp-content\/uploads\/2025\/06\/carro-executivo.png\" data-no-retina>\n<!--\n\t\t\t\t\t\t\t--><rs-layer\n\t\t\t\t\t\t\t\tid=\"slider-9-slide-25-layer-1\" \n\t\t\t\t\t\t\t\tdata-type=\"text\"\n\t\t\t\t\t\t\t\tdata-color=\"#ffffff\"\n\t\t\t\t\t\t\t\tdata-rsp_ch=\"on\"\n\t\t\t\t\t\t\t\tdata-xy=\"x:c;y:c;\"\n\t\t\t\t\t\t\t\tdata-text=\"w:normal;s:40;l:30;fw:500;a:center;\"\n\t\t\t\t\t\t\t\tdata-frame_999=\"o:0;st:w;\"\n\t\t\t\t\t\t\t\tstyle=\"z-index:6;font-family:'Roboto';\"\n\t\t\t\t\t\t\t>Carros Executivos<br \/>\n \n\t\t\t\t\t\t\t<\/rs-layer><!--\n-->\t\t\t\t\t\t<\/rs-slide>\n\t\t\t\t\t<\/rs-slides>\n\t\t\t\t<\/rs-module>\n\t\t\t\t<script>\n\t\t\t\t\tsetREVStartSize({c: 'rev_slider_9_1',rl:[1240,1024,778,480],el:[405],gw:[1240],gh:[405],type:'standard',justify:'',layout:'fullwidth',mh:\"0\"});if (window.RS_MODULES!==undefined && window.RS_MODULES.modules!==undefined && window.RS_MODULES.modules[\"revslider91\"]!==undefined) {window.RS_MODULES.modules[\"revslider91\"].once = false;window.revapi9 = undefined;if (window.RS_MODULES.checkMinimal!==undefined) window.RS_MODULES.checkMinimal()}\n\t\t\t\t<\/script>\n\t\t\t<\/rs-module-wrap>\n\t\t\t<!-- END REVOLUTION SLIDER -->\n[\/vc_column][\/vc_row][vc_row full_width=&#8221;stretch_row&#8221; css=&#8221;.vc_custom_1575388369562{margin-top: 30px !important;margin-bottom: 0px !important;background-color: #f4f4f4 !important;}&#8221;][vc_column][vc_row_inner][vc_column_inner width=&#8221;1\/2&#8243;][vc_images_carousel images=&#8221;4093,5821,5818,5819,4095,5820&#8243; img_size=&#8221;400&#215;250&#8243; speed=&#8221;1000&#8243; wrap=&#8221;yes&#8221; css=&#8221;&#8221;][\/vc_column_inner][vc_column_inner width=&#8221;1\/2&#8243;][vc_column_text css=&#8221;&#8221;]<\/p><h2 data-section-id=\"lclytn\" data-start=\"107\" data-end=\"178\"><span role=\"text\"><strong data-start=\"110\" data-end=\"178\">Carros para transporte executivo e corporativo no Esp\u00edrito Santo<\/strong><\/span><\/h2><p>[\/vc_column_text][vc_separator color=&#8221;custom&#8221; align=&#8221;align_left&#8221; border_width=&#8221;2&#8243; el_width=&#8221;10&#8243; css=&#8221;.vc_custom_1558980981793{margin-top: -20px !important;}&#8221; accent_color=&#8221;#2873bd&#8221;][vc_column_text css=&#8221;&#8221;]<\/p><p data-start=\"180\" data-end=\"381\">A T4 Log\u00edstica oferece uma linha completa de <strong data-start=\"225\" data-end=\"279\">carros para transporte executivo no Esp\u00edrito Santo<\/strong>, ideais para deslocamentos corporativos, traslados, eventos e viagens com mais conforto e efici\u00eancia.<\/p><p data-start=\"383\" data-end=\"526\">Nossa frota \u00e9 composta por ve\u00edculos modernos, seguros e bem equipados, garantindo uma experi\u00eancia de alto padr\u00e3o para cada tipo de necessidade.<\/p><h3 data-start=\"528\" data-end=\"552\"><strong data-start=\"528\" data-end=\"552\">Modelos dispon\u00edveis:<\/strong><\/h3><h4 data-start=\"554\" data-end=\"600\">Executivos (mais conforto e sofistica\u00e7\u00e3o):<\/h4><ul data-start=\"601\" data-end=\"637\"><li data-section-id=\"jab40\" data-start=\"601\" data-end=\"619\">Toyota Corolla<\/li><li data-section-id=\"179ftkv\" data-start=\"620\" data-end=\"637\">Nissan Sentra<\/li><\/ul><h4 data-start=\"639\" data-end=\"694\">Intermedi\u00e1rios (equil\u00edbrio entre custo e conforto):<\/h4><ul data-start=\"695\" data-end=\"751\"><li data-section-id=\"1abdw1f\" data-start=\"695\" data-end=\"711\">Nissan Versa<\/li><li data-section-id=\"gic6g0\" data-start=\"712\" data-end=\"733\">Volkswagen Virtus<\/li><li data-section-id=\"o0n00f\" data-start=\"734\" data-end=\"751\">Hyundai Creta<\/li><\/ul><p data-start=\"753\" data-end=\"906\">Seja para transporte empresarial ou demandas pontuais, a T4 Log\u00edstica oferece a solu\u00e7\u00e3o ideal com qualidade, pontualidade e seguran\u00e7a em toda a opera\u00e7\u00e3o.<\/p><p>[\/vc_column_text][\/vc_column_inner][\/vc_row_inner][\/vc_column][\/vc_row][vc_row][vc_column][vc_empty_space][\/vc_column][\/vc_row]<\/p>\t\t\t\t\t\t\t\t<\/div>\n\t\t\t\t<\/div>\n\t\t\t\t\t<\/div>\n\t\t<\/div>\n\t\t\t\t\t<\/div>\n\t\t<\/section>\n\t\t\t\t<\/div>\n\t\t<\/div>","protected":false},"excerpt":{"rendered":"<p>[vc_row][vc_column][\/vc_column][\/vc_row][vc_row full_width=&#8221;stretch_row&#8221; css=&#8221;.vc_custom_1575388369562{margin-top: 30px !important;margin-bottom: 0px !important;background-color: #f4f4f4 !important;}&#8221;][vc_column][vc_row_inner][vc_column_inner width=&#8221;1\/2&#8243;][vc_images_carousel images=&#8221;4093,5821,5818,5819,4095,5820&#8243; img_size=&#8221;400&#215;250&#8243; speed=&#8221;1000&#8243; wrap=&#8221;yes&#8221; css=&#8221;&#8221;][\/vc_column_inner][vc_column_inner width=&#8221;1\/2&#8243;][vc_column_text css=&#8221;&#8221;] Carros para transporte executivo e corporativo no Esp\u00edrito Santo<span class=\"excerpt-hellip\"> [\u2026]<\/span><\/p>\n","protected":false},"author":1,"featured_media":-1,"parent":0,"menu_order":0,"comment_status":"closed","ping_status":"closed","template":"","meta":{"footnotes":""},"class_list":["post-4647","page","type-page","status-publish","has-post-thumbnail","hentry"],"yoast_head":"<!-- This site is optimized with the Yoast SEO plugin v27.3 - https:\/\/yoast.com\/product\/yoast-seo-wordpress\/ -->\n<title>Loca\u00e7\u00e3o de Carros Executivos - Loca\u00e7\u00e3o de \u00d4nibus, Micro-\u00f4nibus e Van - T4 Log\u00edstica<\/title>\n<meta name=\"description\" content=\"A T4 Log\u00edstica oferece a Loca\u00e7\u00e3o de Carros Executivos por meio de ve\u00edculos de alto padr\u00e3o para traslados, eventos e viagens corporativas.\" \/>\n<meta name=\"robots\" content=\"index, follow, max-snippet:-1, max-image-preview:large, max-video-preview:-1\" \/>\n<link rel=\"canonical\" href=\"https:\/\/t4logistica.com.br\/site\/locacao-de-carros-executivos\/\" \/>\n<meta property=\"og:locale\" content=\"pt_BR\" \/>\n<meta property=\"og:type\" content=\"article\" \/>\n<meta property=\"og:title\" content=\"Loca\u00e7\u00e3o de Carros Executivos - Loca\u00e7\u00e3o de \u00d4nibus, Micro-\u00f4nibus e Van - T4 Log\u00edstica\" \/>\n<meta property=\"og:description\" content=\"A T4 Log\u00edstica oferece a Loca\u00e7\u00e3o de Carros Executivos por meio de ve\u00edculos de alto padr\u00e3o para traslados, eventos e viagens corporativas.\" \/>\n<meta property=\"og:url\" content=\"https:\/\/t4logistica.com.br\/site\/locacao-de-carros-executivos\/\" \/>\n<meta property=\"og:site_name\" content=\"Aluguel de \u00d4nibus e Micro, Loca\u00e7\u00e3o de Van, Receptivo ES - T4 Log\u00edstica\" \/>\n<meta property=\"article:modified_time\" content=\"2026-04-10T14:22:07+00:00\" \/>\n<meta name=\"twitter:card\" content=\"summary_large_image\" \/>\n<meta name=\"twitter:label1\" content=\"Est. tempo de leitura\" \/>\n\t<meta name=\"twitter:data1\" content=\"1 minuto\" \/>\n<script type=\"application\/ld+json\" class=\"yoast-schema-graph\">{\"@context\":\"https:\\\/\\\/schema.org\",\"@graph\":[{\"@type\":\"WebPage\",\"@id\":\"https:\\\/\\\/t4logistica.com.br\\\/site\\\/locacao-de-carros-executivos\\\/\",\"url\":\"https:\\\/\\\/t4logistica.com.br\\\/site\\\/locacao-de-carros-executivos\\\/\",\"name\":\"Loca\u00e7\u00e3o de Carros Executivos - Loca\u00e7\u00e3o de \u00d4nibus, Micro-\u00f4nibus e Van - T4 Log\u00edstica\",\"isPartOf\":{\"@id\":\"https:\\\/\\\/t4logistica.com.br\\\/site\\\/#website\"},\"datePublished\":\"2023-04-25T19:45:38+00:00\",\"dateModified\":\"2026-04-10T14:22:07+00:00\",\"description\":\"A T4 Log\u00edstica oferece a Loca\u00e7\u00e3o de Carros Executivos por meio de ve\u00edculos de alto padr\u00e3o para traslados, eventos e viagens corporativas.\",\"breadcrumb\":{\"@id\":\"https:\\\/\\\/t4logistica.com.br\\\/site\\\/locacao-de-carros-executivos\\\/#breadcrumb\"},\"inLanguage\":\"pt-BR\",\"potentialAction\":[{\"@type\":\"ReadAction\",\"target\":[\"https:\\\/\\\/t4logistica.com.br\\\/site\\\/locacao-de-carros-executivos\\\/\"]}]},{\"@type\":\"BreadcrumbList\",\"@id\":\"https:\\\/\\\/t4logistica.com.br\\\/site\\\/locacao-de-carros-executivos\\\/#breadcrumb\",\"itemListElement\":[{\"@type\":\"ListItem\",\"position\":1,\"name\":\"In\u00edcio\",\"item\":\"https:\\\/\\\/t4logistica.com.br\\\/site\\\/\"},{\"@type\":\"ListItem\",\"position\":2,\"name\":\"Loca\u00e7\u00e3o de Carros Executivos\"}]},{\"@type\":\"WebSite\",\"@id\":\"https:\\\/\\\/t4logistica.com.br\\\/site\\\/#website\",\"url\":\"https:\\\/\\\/t4logistica.com.br\\\/site\\\/\",\"name\":\"Aluguel de \u00d4nibus e Micro, Loca\u00e7\u00e3o de Van, Receptivo ES - T4 Log\u00edstica\",\"description\":\"Transporte em Vit\u00f3ria, Cariacica, Serra e Vila Velha\",\"publisher\":{\"@id\":\"https:\\\/\\\/t4logistica.com.br\\\/site\\\/#organization\"},\"potentialAction\":[{\"@type\":\"SearchAction\",\"target\":{\"@type\":\"EntryPoint\",\"urlTemplate\":\"https:\\\/\\\/t4logistica.com.br\\\/site\\\/?s={search_term_string}\"},\"query-input\":{\"@type\":\"PropertyValueSpecification\",\"valueRequired\":true,\"valueName\":\"search_term_string\"}}],\"inLanguage\":\"pt-BR\"},{\"@type\":\"Organization\",\"@id\":\"https:\\\/\\\/t4logistica.com.br\\\/site\\\/#organization\",\"name\":\"Aluguel de \u00d4nibus e Micro, Loca\u00e7\u00e3o de Van, Receptivo ES - T4 Log\u00edstica\",\"url\":\"https:\\\/\\\/t4logistica.com.br\\\/site\\\/\",\"logo\":{\"@type\":\"ImageObject\",\"inLanguage\":\"pt-BR\",\"@id\":\"https:\\\/\\\/t4logistica.com.br\\\/site\\\/#\\\/schema\\\/logo\\\/image\\\/\",\"url\":\"https:\\\/\\\/t4logistica.com.br\\\/site\\\/wp-content\\\/uploads\\\/2025\\\/07\\\/cropped-cropped-cropped-Frame-12-1.png\",\"contentUrl\":\"https:\\\/\\\/t4logistica.com.br\\\/site\\\/wp-content\\\/uploads\\\/2025\\\/07\\\/cropped-cropped-cropped-Frame-12-1.png\",\"width\":487,\"height\":467,\"caption\":\"Aluguel de \u00d4nibus e Micro, Loca\u00e7\u00e3o de Van, Receptivo ES - T4 Log\u00edstica\"},\"image\":{\"@id\":\"https:\\\/\\\/t4logistica.com.br\\\/site\\\/#\\\/schema\\\/logo\\\/image\\\/\"}}]}<\/script>\n<!-- \/ Yoast SEO plugin. -->","yoast_head_json":{"title":"Loca\u00e7\u00e3o de Carros Executivos - Loca\u00e7\u00e3o de \u00d4nibus, Micro-\u00f4nibus e Van - T4 Log\u00edstica","description":"A T4 Log\u00edstica oferece a Loca\u00e7\u00e3o de Carros Executivos por meio de ve\u00edculos de alto padr\u00e3o para traslados, eventos e viagens corporativas.","robots":{"index":"index","follow":"follow","max-snippet":"max-snippet:-1","max-image-preview":"max-image-preview:large","max-video-preview":"max-video-preview:-1"},"canonical":"https:\/\/t4logistica.com.br\/site\/locacao-de-carros-executivos\/","og_locale":"pt_BR","og_type":"article","og_title":"Loca\u00e7\u00e3o de Carros Executivos - Loca\u00e7\u00e3o de \u00d4nibus, Micro-\u00f4nibus e Van - T4 Log\u00edstica","og_description":"A T4 Log\u00edstica oferece a Loca\u00e7\u00e3o de Carros Executivos por meio de ve\u00edculos de alto padr\u00e3o para traslados, eventos e viagens corporativas.","og_url":"https:\/\/t4logistica.com.br\/site\/locacao-de-carros-executivos\/","og_site_name":"Aluguel de \u00d4nibus e Micro, Loca\u00e7\u00e3o de Van, Receptivo ES - T4 Log\u00edstica","article_modified_time":"2026-04-10T14:22:07+00:00","twitter_card":"summary_large_image","twitter_misc":{"Est. tempo de leitura":"1 minuto"},"schema":{"@context":"https:\/\/schema.org","@graph":[{"@type":"WebPage","@id":"https:\/\/t4logistica.com.br\/site\/locacao-de-carros-executivos\/","url":"https:\/\/t4logistica.com.br\/site\/locacao-de-carros-executivos\/","name":"Loca\u00e7\u00e3o de Carros Executivos - Loca\u00e7\u00e3o de \u00d4nibus, Micro-\u00f4nibus e Van - T4 Log\u00edstica","isPartOf":{"@id":"https:\/\/t4logistica.com.br\/site\/#website"},"datePublished":"2023-04-25T19:45:38+00:00","dateModified":"2026-04-10T14:22:07+00:00","description":"A T4 Log\u00edstica oferece a Loca\u00e7\u00e3o de Carros Executivos por meio de ve\u00edculos de alto padr\u00e3o para traslados, eventos e viagens corporativas.","breadcrumb":{"@id":"https:\/\/t4logistica.com.br\/site\/locacao-de-carros-executivos\/#breadcrumb"},"inLanguage":"pt-BR","potentialAction":[{"@type":"ReadAction","target":["https:\/\/t4logistica.com.br\/site\/locacao-de-carros-executivos\/"]}]},{"@type":"BreadcrumbList","@id":"https:\/\/t4logistica.com.br\/site\/locacao-de-carros-executivos\/#breadcrumb","itemListElement":[{"@type":"ListItem","position":1,"name":"In\u00edcio","item":"https:\/\/t4logistica.com.br\/site\/"},{"@type":"ListItem","position":2,"name":"Loca\u00e7\u00e3o de Carros Executivos"}]},{"@type":"WebSite","@id":"https:\/\/t4logistica.com.br\/site\/#website","url":"https:\/\/t4logistica.com.br\/site\/","name":"Aluguel de \u00d4nibus e Micro, Loca\u00e7\u00e3o de Van, Receptivo ES - T4 Log\u00edstica","description":"Transporte em Vit\u00f3ria, Cariacica, Serra e Vila Velha","publisher":{"@id":"https:\/\/t4logistica.com.br\/site\/#organization"},"potentialAction":[{"@type":"SearchAction","target":{"@type":"EntryPoint","urlTemplate":"https:\/\/t4logistica.com.br\/site\/?s={search_term_string}"},"query-input":{"@type":"PropertyValueSpecification","valueRequired":true,"valueName":"search_term_string"}}],"inLanguage":"pt-BR"},{"@type":"Organization","@id":"https:\/\/t4logistica.com.br\/site\/#organization","name":"Aluguel de \u00d4nibus e Micro, Loca\u00e7\u00e3o de Van, Receptivo ES - T4 Log\u00edstica","url":"https:\/\/t4logistica.com.br\/site\/","logo":{"@type":"ImageObject","inLanguage":"pt-BR","@id":"https:\/\/t4logistica.com.br\/site\/#\/schema\/logo\/image\/","url":"https:\/\/t4logistica.com.br\/site\/wp-content\/uploads\/2025\/07\/cropped-cropped-cropped-Frame-12-1.png","contentUrl":"https:\/\/t4logistica.com.br\/site\/wp-content\/uploads\/2025\/07\/cropped-cropped-cropped-Frame-12-1.png","width":487,"height":467,"caption":"Aluguel de \u00d4nibus e Micro, Loca\u00e7\u00e3o de Van, Receptivo ES - T4 Log\u00edstica"},"image":{"@id":"https:\/\/t4logistica.com.br\/site\/#\/schema\/logo\/image\/"}}]}},"_links":{"self":[{"href":"https:\/\/t4logistica.com.br\/site\/wp-json\/wp\/v2\/pages\/4647","targetHints":{"allow":["GET"]}}],"collection":[{"href":"https:\/\/t4logistica.com.br\/site\/wp-json\/wp\/v2\/pages"}],"about":[{"href":"https:\/\/t4logistica.com.br\/site\/wp-json\/wp\/v2\/types\/page"}],"author":[{"embeddable":true,"href":"https:\/\/t4logistica.com.br\/site\/wp-json\/wp\/v2\/users\/1"}],"replies":[{"embeddable":true,"href":"https:\/\/t4logistica.com.br\/site\/wp-json\/wp\/v2\/comments?post=4647"}],"version-history":[{"count":13,"href":"https:\/\/t4logistica.com.br\/site\/wp-json\/wp\/v2\/pages\/4647\/revisions"}],"predecessor-version":[{"id":6239,"href":"https:\/\/t4logistica.com.br\/site\/wp-json\/wp\/v2\/pages\/4647\/revisions\/6239"}],"wp:featuredmedia":[{"embeddable":true,"href":"https:\/\/t4logistica.com.br\/site\/wp-json\/"}],"wp:attachment":[{"href":"https:\/\/t4logistica.com.br\/site\/wp-json\/wp\/v2\/media?parent=4647"}],"curies":[{"name":"wp","href":"https:\/\/api.w.org\/{rel}","templated":true}]}}