{"id":4625,"date":"2023-04-25T14:54:32","date_gmt":"2023-04-25T17:54:32","guid":{"rendered":"https:\/\/t4logistica.com.br\/site\/?page_id=4625"},"modified":"2025-06-24T16:32:45","modified_gmt":"2025-06-24T19:32:45","slug":"onibus-para-fretamento-2","status":"publish","type":"page","link":"https:\/\/t4logistica.com.br\/site\/onibus-para-fretamento-2\/","title":{"rendered":"\u00d4nibus para fretamento"},"content":{"rendered":"<div class=\"wpb-content-wrapper\"><p>[vc_row][vc_column][vc_row_inner][vc_column_inner][vc_empty_space height=&#8221;10px&#8221;][vc_column_text]<\/p>\n<h1 style=\"text-align: center;\"><strong>\u00d4nibus para Fretamento<\/strong><\/h1>\n<p>[\/vc_column_text][vc_column_text]<\/p>\n<h4 style=\"font-weight: 300; text-align: center;\">Nossos \u00f4nibus executivos s\u00e3o destinados a atender ao p\u00fablico que necessita de conforto, versatilidade e agilidade. Com eles, entregamos aos nossos clientes uma excelente performance no atendimento ao transporte para turismo e neg\u00f3cios dentro da Grande Vit\u00f3ria\/ES e em todo o estado do Esp\u00edrito Santo.<\/h4>\n<h4 style=\"font-weight: 300; text-align: center;\">Contamos com \u00f4nibus de 44, 46 ou 48 lugares, poltronas reclin\u00e1veis, ar condicionado, banheiro, DVD e tomadas de 127v.<\/h4>\n<p>[\/vc_column_text][vc_empty_space height=&#8221;20px&#8221; css=&#8221;.vc_custom_1575388448041{margin-bottom: 0px !important;}&#8221;][\/vc_column_inner][\/vc_row_inner][\/vc_column][\/vc_row][vc_row full_width=&#8221;stretch_row&#8221; css=&#8221;.vc_custom_1575388337296{margin-top: 30px !important;margin-bottom: 0px !important;background-color: #efefef !important;}&#8221;][vc_column][vc_images_carousel images=&#8221;4640,4630,4330,4632,4642&#8243; img_size=&#8221;300&#215;300&#8243; slides_per_view=&#8221;4&#8243; hide_pagination_control=&#8221;yes&#8221; wrap=&#8221;yes&#8221;][\/vc_column][\/vc_row][vc_row][vc_column][vc_empty_space][\/vc_column][\/vc_row]<\/p>\n<\/div>","protected":false},"excerpt":{"rendered":"<p>[vc_row][vc_column][vc_row_inner][vc_column_inner][vc_empty_space height=&#8221;10px&#8221;][vc_column_text] \u00d4nibus para Fretamento [\/vc_column_text][vc_column_text] Nossos \u00f4nibus executivos s\u00e3o destinados a atender ao p\u00fablico que necessita de conforto, versatilidade e agilidade. Com eles, entregamos aos<span class=\"excerpt-hellip\"> [\u2026]<\/span><\/p>\n","protected":false},"author":1,"featured_media":-1,"parent":0,"menu_order":0,"comment_status":"closed","ping_status":"closed","template":"","meta":{"footnotes":""},"class_list":["post-4625","page","type-page","status-publish","has-post-thumbnail","hentry"],"yoast_head":"<!-- This site is optimized with the Yoast SEO plugin v27.3 - https:\/\/yoast.com\/product\/yoast-seo-wordpress\/ -->\n<title>\u00d4nibus para fretamento - Aluguel de \u00f4nibus e Micro, Loca\u00e7\u00e3o de Van - T4 Log\u00edstica<\/title>\n<meta name=\"description\" content=\"A frota \u00e9 um elemento fundamental para o sucesso da empresa e a T4 Log\u00edstica conta com frotas seguras para o seu conforto e comodidade.\" \/>\n<meta name=\"robots\" content=\"index, follow, max-snippet:-1, max-image-preview:large, max-video-preview:-1\" \/>\n<link rel=\"canonical\" href=\"https:\/\/t4logistica.com.br\/site\/onibus-para-fretamento-2\/\" \/>\n<meta property=\"og:locale\" content=\"pt_BR\" \/>\n<meta property=\"og:type\" content=\"article\" \/>\n<meta property=\"og:title\" content=\"\u00d4nibus para fretamento - Aluguel de \u00f4nibus e Micro, Loca\u00e7\u00e3o de Van - T4 Log\u00edstica\" \/>\n<meta property=\"og:description\" content=\"A frota \u00e9 um elemento fundamental para o sucesso da empresa e a T4 Log\u00edstica conta com frotas seguras para o seu conforto e comodidade.\" \/>\n<meta property=\"og:url\" content=\"https:\/\/t4logistica.com.br\/site\/onibus-para-fretamento-2\/\" \/>\n<meta property=\"og:site_name\" content=\"Aluguel de \u00d4nibus e Micro, Loca\u00e7\u00e3o de Van, Receptivo ES - T4 Log\u00edstica\" \/>\n<meta property=\"article:modified_time\" content=\"2025-06-24T19:32:45+00:00\" \/>\n<meta name=\"twitter:card\" content=\"summary_large_image\" \/>\n<meta name=\"twitter:label1\" content=\"Est. tempo de leitura\" \/>\n\t<meta name=\"twitter:data1\" content=\"1 minuto\" \/>\n<script type=\"application\/ld+json\" class=\"yoast-schema-graph\">{\"@context\":\"https:\\\/\\\/schema.org\",\"@graph\":[{\"@type\":\"WebPage\",\"@id\":\"https:\\\/\\\/t4logistica.com.br\\\/site\\\/onibus-para-fretamento-2\\\/\",\"url\":\"https:\\\/\\\/t4logistica.com.br\\\/site\\\/onibus-para-fretamento-2\\\/\",\"name\":\"\u00d4nibus para fretamento - Aluguel de \u00f4nibus e Micro, Loca\u00e7\u00e3o de Van - T4 Log\u00edstica\",\"isPartOf\":{\"@id\":\"https:\\\/\\\/t4logistica.com.br\\\/site\\\/#website\"},\"datePublished\":\"2023-04-25T17:54:32+00:00\",\"dateModified\":\"2025-06-24T19:32:45+00:00\",\"description\":\"A frota \u00e9 um elemento fundamental para o sucesso da empresa e a T4 Log\u00edstica conta com frotas seguras para o seu conforto e comodidade.\",\"breadcrumb\":{\"@id\":\"https:\\\/\\\/t4logistica.com.br\\\/site\\\/onibus-para-fretamento-2\\\/#breadcrumb\"},\"inLanguage\":\"pt-BR\",\"potentialAction\":[{\"@type\":\"ReadAction\",\"target\":[\"https:\\\/\\\/t4logistica.com.br\\\/site\\\/onibus-para-fretamento-2\\\/\"]}]},{\"@type\":\"BreadcrumbList\",\"@id\":\"https:\\\/\\\/t4logistica.com.br\\\/site\\\/onibus-para-fretamento-2\\\/#breadcrumb\",\"itemListElement\":[{\"@type\":\"ListItem\",\"position\":1,\"name\":\"In\u00edcio\",\"item\":\"https:\\\/\\\/t4logistica.com.br\\\/site\\\/\"},{\"@type\":\"ListItem\",\"position\":2,\"name\":\"\u00d4nibus para fretamento\"}]},{\"@type\":\"WebSite\",\"@id\":\"https:\\\/\\\/t4logistica.com.br\\\/site\\\/#website\",\"url\":\"https:\\\/\\\/t4logistica.com.br\\\/site\\\/\",\"name\":\"Aluguel de \u00d4nibus e Micro, Loca\u00e7\u00e3o de Van, Receptivo ES - T4 Log\u00edstica\",\"description\":\"Transporte em Vit\u00f3ria, Cariacica, Serra e Vila Velha\",\"publisher\":{\"@id\":\"https:\\\/\\\/t4logistica.com.br\\\/site\\\/#organization\"},\"potentialAction\":[{\"@type\":\"SearchAction\",\"target\":{\"@type\":\"EntryPoint\",\"urlTemplate\":\"https:\\\/\\\/t4logistica.com.br\\\/site\\\/?s={search_term_string}\"},\"query-input\":{\"@type\":\"PropertyValueSpecification\",\"valueRequired\":true,\"valueName\":\"search_term_string\"}}],\"inLanguage\":\"pt-BR\"},{\"@type\":\"Organization\",\"@id\":\"https:\\\/\\\/t4logistica.com.br\\\/site\\\/#organization\",\"name\":\"Aluguel de \u00d4nibus e Micro, Loca\u00e7\u00e3o de Van, Receptivo ES - T4 Log\u00edstica\",\"url\":\"https:\\\/\\\/t4logistica.com.br\\\/site\\\/\",\"logo\":{\"@type\":\"ImageObject\",\"inLanguage\":\"pt-BR\",\"@id\":\"https:\\\/\\\/t4logistica.com.br\\\/site\\\/#\\\/schema\\\/logo\\\/image\\\/\",\"url\":\"https:\\\/\\\/t4logistica.com.br\\\/site\\\/wp-content\\\/uploads\\\/2025\\\/07\\\/cropped-cropped-cropped-Frame-12-1.png\",\"contentUrl\":\"https:\\\/\\\/t4logistica.com.br\\\/site\\\/wp-content\\\/uploads\\\/2025\\\/07\\\/cropped-cropped-cropped-Frame-12-1.png\",\"width\":487,\"height\":467,\"caption\":\"Aluguel de \u00d4nibus e Micro, Loca\u00e7\u00e3o de Van, Receptivo ES - T4 Log\u00edstica\"},\"image\":{\"@id\":\"https:\\\/\\\/t4logistica.com.br\\\/site\\\/#\\\/schema\\\/logo\\\/image\\\/\"}}]}<\/script>\n<!-- \/ Yoast SEO plugin. -->","yoast_head_json":{"title":"\u00d4nibus para fretamento - Aluguel de \u00f4nibus e Micro, Loca\u00e7\u00e3o de Van - T4 Log\u00edstica","description":"A frota \u00e9 um elemento fundamental para o sucesso da empresa e a T4 Log\u00edstica conta com frotas seguras para o seu conforto e comodidade.","robots":{"index":"index","follow":"follow","max-snippet":"max-snippet:-1","max-image-preview":"max-image-preview:large","max-video-preview":"max-video-preview:-1"},"canonical":"https:\/\/t4logistica.com.br\/site\/onibus-para-fretamento-2\/","og_locale":"pt_BR","og_type":"article","og_title":"\u00d4nibus para fretamento - Aluguel de \u00f4nibus e Micro, Loca\u00e7\u00e3o de Van - T4 Log\u00edstica","og_description":"A frota \u00e9 um elemento fundamental para o sucesso da empresa e a T4 Log\u00edstica conta com frotas seguras para o seu conforto e comodidade.","og_url":"https:\/\/t4logistica.com.br\/site\/onibus-para-fretamento-2\/","og_site_name":"Aluguel de \u00d4nibus e Micro, Loca\u00e7\u00e3o de Van, Receptivo ES - T4 Log\u00edstica","article_modified_time":"2025-06-24T19:32:45+00:00","twitter_card":"summary_large_image","twitter_misc":{"Est. tempo de leitura":"1 minuto"},"schema":{"@context":"https:\/\/schema.org","@graph":[{"@type":"WebPage","@id":"https:\/\/t4logistica.com.br\/site\/onibus-para-fretamento-2\/","url":"https:\/\/t4logistica.com.br\/site\/onibus-para-fretamento-2\/","name":"\u00d4nibus para fretamento - Aluguel de \u00f4nibus e Micro, Loca\u00e7\u00e3o de Van - T4 Log\u00edstica","isPartOf":{"@id":"https:\/\/t4logistica.com.br\/site\/#website"},"datePublished":"2023-04-25T17:54:32+00:00","dateModified":"2025-06-24T19:32:45+00:00","description":"A frota \u00e9 um elemento fundamental para o sucesso da empresa e a T4 Log\u00edstica conta com frotas seguras para o seu conforto e comodidade.","breadcrumb":{"@id":"https:\/\/t4logistica.com.br\/site\/onibus-para-fretamento-2\/#breadcrumb"},"inLanguage":"pt-BR","potentialAction":[{"@type":"ReadAction","target":["https:\/\/t4logistica.com.br\/site\/onibus-para-fretamento-2\/"]}]},{"@type":"BreadcrumbList","@id":"https:\/\/t4logistica.com.br\/site\/onibus-para-fretamento-2\/#breadcrumb","itemListElement":[{"@type":"ListItem","position":1,"name":"In\u00edcio","item":"https:\/\/t4logistica.com.br\/site\/"},{"@type":"ListItem","position":2,"name":"\u00d4nibus para fretamento"}]},{"@type":"WebSite","@id":"https:\/\/t4logistica.com.br\/site\/#website","url":"https:\/\/t4logistica.com.br\/site\/","name":"Aluguel de \u00d4nibus e Micro, Loca\u00e7\u00e3o de Van, Receptivo ES - T4 Log\u00edstica","description":"Transporte em Vit\u00f3ria, Cariacica, Serra e Vila Velha","publisher":{"@id":"https:\/\/t4logistica.com.br\/site\/#organization"},"potentialAction":[{"@type":"SearchAction","target":{"@type":"EntryPoint","urlTemplate":"https:\/\/t4logistica.com.br\/site\/?s={search_term_string}"},"query-input":{"@type":"PropertyValueSpecification","valueRequired":true,"valueName":"search_term_string"}}],"inLanguage":"pt-BR"},{"@type":"Organization","@id":"https:\/\/t4logistica.com.br\/site\/#organization","name":"Aluguel de \u00d4nibus e Micro, Loca\u00e7\u00e3o de Van, Receptivo ES - T4 Log\u00edstica","url":"https:\/\/t4logistica.com.br\/site\/","logo":{"@type":"ImageObject","inLanguage":"pt-BR","@id":"https:\/\/t4logistica.com.br\/site\/#\/schema\/logo\/image\/","url":"https:\/\/t4logistica.com.br\/site\/wp-content\/uploads\/2025\/07\/cropped-cropped-cropped-Frame-12-1.png","contentUrl":"https:\/\/t4logistica.com.br\/site\/wp-content\/uploads\/2025\/07\/cropped-cropped-cropped-Frame-12-1.png","width":487,"height":467,"caption":"Aluguel de \u00d4nibus e Micro, Loca\u00e7\u00e3o de Van, Receptivo ES - T4 Log\u00edstica"},"image":{"@id":"https:\/\/t4logistica.com.br\/site\/#\/schema\/logo\/image\/"}}]}},"_links":{"self":[{"href":"https:\/\/t4logistica.com.br\/site\/wp-json\/wp\/v2\/pages\/4625","targetHints":{"allow":["GET"]}}],"collection":[{"href":"https:\/\/t4logistica.com.br\/site\/wp-json\/wp\/v2\/pages"}],"about":[{"href":"https:\/\/t4logistica.com.br\/site\/wp-json\/wp\/v2\/types\/page"}],"author":[{"embeddable":true,"href":"https:\/\/t4logistica.com.br\/site\/wp-json\/wp\/v2\/users\/1"}],"replies":[{"embeddable":true,"href":"https:\/\/t4logistica.com.br\/site\/wp-json\/wp\/v2\/comments?post=4625"}],"version-history":[{"count":24,"href":"https:\/\/t4logistica.com.br\/site\/wp-json\/wp\/v2\/pages\/4625\/revisions"}],"predecessor-version":[{"id":4693,"href":"https:\/\/t4logistica.com.br\/site\/wp-json\/wp\/v2\/pages\/4625\/revisions\/4693"}],"wp:featuredmedia":[{"embeddable":true,"href":"https:\/\/t4logistica.com.br\/site\/wp-json\/"}],"wp:attachment":[{"href":"https:\/\/t4logistica.com.br\/site\/wp-json\/wp\/v2\/media?parent=4625"}],"curies":[{"name":"wp","href":"https:\/\/api.w.org\/{rel}","templated":true}]}}