{"id":3523,"date":"2019-11-11T14:54:18","date_gmt":"2019-11-11T17:54:18","guid":{"rendered":"https:\/\/t4logistica.com.br\/site\/?page_id=3523"},"modified":"2025-10-29T10:17:31","modified_gmt":"2025-10-29T13:17:31","slug":"onibus-para-alugar-em-vitoria","status":"publish","type":"page","link":"https:\/\/t4logistica.com.br\/site\/servicos-locacao\/onibus-para-alugar-em-vitoria\/","title":{"rendered":"Loca\u00e7\u00e3o de \u00d4nibus"},"content":{"rendered":"<div class=\"wpb-content-wrapper\"><p>[vc_row][vc_column][vc_column_text css=&#8221;.vc_custom_1761743844696{margin-top: 50px !important;margin-bottom: 60px !important;}&#8221;]<\/p>\n<h1 style=\"text-align: center;\"><a href=\"https:\/\/t4logistica.com.br\/site\/\" target=\"_blank\" rel=\"noopener noreferrer\"><strong>Loca\u00e7\u00e3o \/ Aluguel de \u00d4nibus e Micro-\u00f4nibus<\/strong><\/a><\/h1>\n<div id=\"lipsum\">\n<h3 style=\"text-align: center;\"><strong>Oferecemos<\/strong><strong>&nbsp;loca\u00e7\u00e3o para viagens intermunicipais e interestaduais<\/strong><\/h3>\n<\/div>\n<p>[\/vc_column_text][vc_separator border_width=&#8221;2&#8243; css=&#8221;.vc_custom_1761742424667{margin-bottom: 0px !important;border-bottom-width: 0px !important;}&#8221;][vc_row_inner css=&#8221;.vc_custom_1761742629638{margin-top: 70px !important;}&#8221;][vc_column_inner width=&#8221;1\/2&#8243;][vc_single_image image=&#8221;6032&#8243; img_size=&#8221;500&#215;500&#8243; css=&#8221;&#8221;][\/vc_column_inner][vc_column_inner width=&#8221;1\/2&#8243;][vc_column_text css=&#8221;&#8221;]<\/p>\n<h4>Loca\u00e7\u00e3o \/ aluguel de Micro-\u00d4nibus e \u00d4nibus em Vit\u00f3ria e Vila Velha &#8211; ES<\/h4>\n<p>[\/vc_column_text][vc_column_text]A <a href=\"https:\/\/www.linkedin.com\/company\/t4-logistica-official\/\" target=\"_blank\" rel=\"noopener noreferrer\">T4 Log\u00edstica<\/a> possui uma frota de \u00d4nibus para alugar em Vit\u00f3ria e Vila Velha\/ES, este servi\u00e7o de loca\u00e7\u00e3o pode ser realizado para viagens intermunicipais e interestaduais. Nossos ve\u00edculos s\u00e3o certificados, extremamente confort\u00e1veis e higienizados. Contamos, ainda, com a melhor frota de \u00d4nibus executivos, com 23 a 46 lugares. Isso para que os grupos empresariais, fam\u00edlias, comunidades e grupos religiosos que atendemos possam realizar sua viagem com muito mais conforto e tranquilidade.<\/p>\n<p>Com uma equipe treinada e qualificada, oferecemos um atendimento personalizado para que qualquer demanda de aluguel de \u00f4nibus seja realizada com sucesso. Temos experi\u00eancia com eventos e confraterniza\u00e7\u00f5es, como os produzidos por igrejas e organiza\u00e7\u00f5es n\u00e3o-governamentais. Al\u00e9m disso, oferecemos a estes dois grupos em particular parcerias de custo reduzido.[\/vc_column_text][vc_column_text css=&#8221;&#8221;]<\/p>\n<h4>Finalidades poss\u00edveis para solicitar a loca\u00e7\u00e3o \/ alugel de \u00d4nibus e Micro-\u00f4nibus:<\/h4>\n<p>[\/vc_column_text][vc_column_text css=&#8221;.vc_custom_1761743710728{margin-top: 0px !important;}&#8221;]Dentre v\u00e1rios servi\u00e7os, oferecemos:<\/p>\n<p style=\"margin-top: 10px;\">\u25cf Receptivo em aeroporto de Vit\u00f3ria\/ES;<br \/>\n\u25cf Traslado entre munic\u00edpios e Estados do Sudeste;<br \/>\n\u25cf Excurs\u00f5es para estudantes ou amigos;<br \/>\n\u25cf Viagens interestaduais;<br \/>\n\u25cf Viagens e eventos empresariais;<br \/>\n\u25cf Feira e Conven\u00e7\u00f5es;<br \/>\n\u25cf Shows e eventos festivos;<br \/>\n\u25cf Eventos religiosos;<br \/>\n\u25cf Personaliza\u00e7\u00e3o de acordo com sua necessidade.<\/p>\n<p>[\/vc_column_text][\/vc_column_inner][\/vc_row_inner][\/vc_column][\/vc_row][vc_row full_width=&#8221;stretch_row&#8221; css=&#8221;.vc_custom_1558976355786{margin-bottom: -30px !important;background-color: #2160a9 !important;}&#8221;][vc_column][vc_row_inner][vc_column_inner][vc_column_text]<\/p>\n<h2 style=\"text-align: center;\"><span style=\"color: #ffffff;\">Solicite esse servi\u00e7o<\/span><\/h2>\n<p>[\/vc_column_text][vc_btn title=&#8221;ENTRE EM CONTATO&#8221; style=&#8221;classic&#8221; shape=&#8221;square&#8221; color=&#8221;primary&#8221; align=&#8221;center&#8221; css=&#8221;&#8221; link=&#8221;url:%2F%2Ft4logistica.com.br%2Fsite%2Fcontato%2F|||&#8221;][\/vc_column_inner][\/vc_row_inner][\/vc_column][\/vc_row][vc_row][vc_column][\/vc_column][\/vc_row]<\/p>\n<\/div>","protected":false},"excerpt":{"rendered":"<p>[vc_row][vc_column][vc_column_text css=&#8221;.vc_custom_1761743844696{margin-top: 50px !important;margin-bottom: 60px !important;}&#8221;] Loca\u00e7\u00e3o \/ Aluguel de \u00d4nibus e Micro-\u00f4nibus Oferecemos&nbsp;loca\u00e7\u00e3o para viagens intermunicipais e interestaduais [\/vc_column_text][vc_separator border_width=&#8221;2&#8243; css=&#8221;.vc_custom_1761742424667{margin-bottom: 0px !important;border-bottom-width: 0px !important;}&#8221;][vc_row_inner<span class=\"excerpt-hellip\"> [\u2026]<\/span><\/p>\n","protected":false},"author":1,"featured_media":-1,"parent":2815,"menu_order":0,"comment_status":"closed","ping_status":"closed","template":"","meta":{"footnotes":""},"class_list":["post-3523","page","type-page","status-publish","has-post-thumbnail","hentry"],"yoast_head":"<!-- This site is optimized with the Yoast SEO plugin v27.6 - https:\/\/yoast.com\/product\/yoast-seo-wordpress\/ -->\n<title>\u00d4nibus para alugar em Vit\u00f3ria | Loca\u00e7\u00e3o - T4 Log\u00edstica<\/title>\n<meta name=\"description\" content=\"Pensou em \u00d4nibus para alugar em Vit\u00f3ria? A T4 oferece o servi\u00e7o de Loca\u00e7\u00e3o de \u00d4nibus para alugar em Vit\u00f3ria e Vila Velha\/ES.\" \/>\n<meta name=\"robots\" content=\"index, follow, max-snippet:-1, max-image-preview:large, max-video-preview:-1\" \/>\n<link rel=\"canonical\" href=\"https:\/\/t4logistica.com.br\/site\/servicos-locacao\/onibus-para-alugar-em-vitoria\/\" \/>\n<meta property=\"og:locale\" content=\"pt_BR\" \/>\n<meta property=\"og:type\" content=\"article\" \/>\n<meta property=\"og:title\" content=\"\u00d4nibus para alugar em Vit\u00f3ria | Loca\u00e7\u00e3o - T4 Log\u00edstica\" \/>\n<meta property=\"og:description\" content=\"Pensou em \u00d4nibus para alugar em Vit\u00f3ria? A T4 oferece o servi\u00e7o de Loca\u00e7\u00e3o de \u00d4nibus para alugar em Vit\u00f3ria e Vila Velha\/ES.\" \/>\n<meta property=\"og:url\" content=\"https:\/\/t4logistica.com.br\/site\/servicos-locacao\/onibus-para-alugar-em-vitoria\/\" \/>\n<meta property=\"og:site_name\" content=\"Aluguel de \u00d4nibus e Micro, Loca\u00e7\u00e3o de Van, Receptivo ES - T4 Log\u00edstica\" \/>\n<meta property=\"article:modified_time\" content=\"2025-10-29T13:17:31+00:00\" \/>\n<meta name=\"twitter:card\" content=\"summary_large_image\" \/>\n<meta name=\"twitter:label1\" content=\"Est. tempo de leitura\" \/>\n\t<meta name=\"twitter:data1\" content=\"2 minutos\" \/>\n<script type=\"application\/ld+json\" class=\"yoast-schema-graph\">{\"@context\":\"https:\\\/\\\/schema.org\",\"@graph\":[{\"@type\":\"WebPage\",\"@id\":\"https:\\\/\\\/t4logistica.com.br\\\/site\\\/servicos-locacao\\\/onibus-para-alugar-em-vitoria\\\/\",\"url\":\"https:\\\/\\\/t4logistica.com.br\\\/site\\\/servicos-locacao\\\/onibus-para-alugar-em-vitoria\\\/\",\"name\":\"\u00d4nibus para alugar em Vit\u00f3ria | Loca\u00e7\u00e3o - T4 Log\u00edstica\",\"isPartOf\":{\"@id\":\"https:\\\/\\\/t4logistica.com.br\\\/site\\\/#website\"},\"datePublished\":\"2019-11-11T17:54:18+00:00\",\"dateModified\":\"2025-10-29T13:17:31+00:00\",\"description\":\"Pensou em \u00d4nibus para alugar em Vit\u00f3ria? A T4 oferece o servi\u00e7o de Loca\u00e7\u00e3o de \u00d4nibus para alugar em Vit\u00f3ria e Vila Velha\\\/ES.\",\"breadcrumb\":{\"@id\":\"https:\\\/\\\/t4logistica.com.br\\\/site\\\/servicos-locacao\\\/onibus-para-alugar-em-vitoria\\\/#breadcrumb\"},\"inLanguage\":\"pt-BR\",\"potentialAction\":[{\"@type\":\"ReadAction\",\"target\":[\"https:\\\/\\\/t4logistica.com.br\\\/site\\\/servicos-locacao\\\/onibus-para-alugar-em-vitoria\\\/\"]}]},{\"@type\":\"BreadcrumbList\",\"@id\":\"https:\\\/\\\/t4logistica.com.br\\\/site\\\/servicos-locacao\\\/onibus-para-alugar-em-vitoria\\\/#breadcrumb\",\"itemListElement\":[{\"@type\":\"ListItem\",\"position\":1,\"name\":\"In\u00edcio\",\"item\":\"https:\\\/\\\/t4logistica.com.br\\\/site\\\/\"},{\"@type\":\"ListItem\",\"position\":2,\"name\":\"Servi\u00e7os\",\"item\":\"https:\\\/\\\/t4logistica.com.br\\\/site\\\/servicos-locacao\\\/\"},{\"@type\":\"ListItem\",\"position\":3,\"name\":\"Loca\u00e7\u00e3o de \u00d4nibus\"}]},{\"@type\":\"WebSite\",\"@id\":\"https:\\\/\\\/t4logistica.com.br\\\/site\\\/#website\",\"url\":\"https:\\\/\\\/t4logistica.com.br\\\/site\\\/\",\"name\":\"Aluguel de \u00d4nibus e Micro, Loca\u00e7\u00e3o de Van, Receptivo ES - T4 Log\u00edstica\",\"description\":\"Transporte em Vit\u00f3ria, Cariacica, Serra e Vila Velha\",\"publisher\":{\"@id\":\"https:\\\/\\\/t4logistica.com.br\\\/site\\\/#organization\"},\"potentialAction\":[{\"@type\":\"SearchAction\",\"target\":{\"@type\":\"EntryPoint\",\"urlTemplate\":\"https:\\\/\\\/t4logistica.com.br\\\/site\\\/?s={search_term_string}\"},\"query-input\":{\"@type\":\"PropertyValueSpecification\",\"valueRequired\":true,\"valueName\":\"search_term_string\"}}],\"inLanguage\":\"pt-BR\"},{\"@type\":\"Organization\",\"@id\":\"https:\\\/\\\/t4logistica.com.br\\\/site\\\/#organization\",\"name\":\"Aluguel de \u00d4nibus e Micro, Loca\u00e7\u00e3o de Van, Receptivo ES - T4 Log\u00edstica\",\"url\":\"https:\\\/\\\/t4logistica.com.br\\\/site\\\/\",\"logo\":{\"@type\":\"ImageObject\",\"inLanguage\":\"pt-BR\",\"@id\":\"https:\\\/\\\/t4logistica.com.br\\\/site\\\/#\\\/schema\\\/logo\\\/image\\\/\",\"url\":\"https:\\\/\\\/t4logistica.com.br\\\/site\\\/wp-content\\\/uploads\\\/2025\\\/07\\\/cropped-cropped-cropped-Frame-12-1.png\",\"contentUrl\":\"https:\\\/\\\/t4logistica.com.br\\\/site\\\/wp-content\\\/uploads\\\/2025\\\/07\\\/cropped-cropped-cropped-Frame-12-1.png\",\"width\":487,\"height\":467,\"caption\":\"Aluguel de \u00d4nibus e Micro, Loca\u00e7\u00e3o de Van, Receptivo ES - T4 Log\u00edstica\"},\"image\":{\"@id\":\"https:\\\/\\\/t4logistica.com.br\\\/site\\\/#\\\/schema\\\/logo\\\/image\\\/\"}}]}<\/script>\n<!-- \/ Yoast SEO plugin. -->","yoast_head_json":{"title":"\u00d4nibus para alugar em Vit\u00f3ria | Loca\u00e7\u00e3o - T4 Log\u00edstica","description":"Pensou em \u00d4nibus para alugar em Vit\u00f3ria? A T4 oferece o servi\u00e7o de Loca\u00e7\u00e3o de \u00d4nibus para alugar em Vit\u00f3ria e Vila Velha\/ES.","robots":{"index":"index","follow":"follow","max-snippet":"max-snippet:-1","max-image-preview":"max-image-preview:large","max-video-preview":"max-video-preview:-1"},"canonical":"https:\/\/t4logistica.com.br\/site\/servicos-locacao\/onibus-para-alugar-em-vitoria\/","og_locale":"pt_BR","og_type":"article","og_title":"\u00d4nibus para alugar em Vit\u00f3ria | Loca\u00e7\u00e3o - T4 Log\u00edstica","og_description":"Pensou em \u00d4nibus para alugar em Vit\u00f3ria? A T4 oferece o servi\u00e7o de Loca\u00e7\u00e3o de \u00d4nibus para alugar em Vit\u00f3ria e Vila Velha\/ES.","og_url":"https:\/\/t4logistica.com.br\/site\/servicos-locacao\/onibus-para-alugar-em-vitoria\/","og_site_name":"Aluguel de \u00d4nibus e Micro, Loca\u00e7\u00e3o de Van, Receptivo ES - T4 Log\u00edstica","article_modified_time":"2025-10-29T13:17:31+00:00","twitter_card":"summary_large_image","twitter_misc":{"Est. tempo de leitura":"2 minutos"},"schema":{"@context":"https:\/\/schema.org","@graph":[{"@type":"WebPage","@id":"https:\/\/t4logistica.com.br\/site\/servicos-locacao\/onibus-para-alugar-em-vitoria\/","url":"https:\/\/t4logistica.com.br\/site\/servicos-locacao\/onibus-para-alugar-em-vitoria\/","name":"\u00d4nibus para alugar em Vit\u00f3ria | Loca\u00e7\u00e3o - T4 Log\u00edstica","isPartOf":{"@id":"https:\/\/t4logistica.com.br\/site\/#website"},"datePublished":"2019-11-11T17:54:18+00:00","dateModified":"2025-10-29T13:17:31+00:00","description":"Pensou em \u00d4nibus para alugar em Vit\u00f3ria? A T4 oferece o servi\u00e7o de Loca\u00e7\u00e3o de \u00d4nibus para alugar em Vit\u00f3ria e Vila Velha\/ES.","breadcrumb":{"@id":"https:\/\/t4logistica.com.br\/site\/servicos-locacao\/onibus-para-alugar-em-vitoria\/#breadcrumb"},"inLanguage":"pt-BR","potentialAction":[{"@type":"ReadAction","target":["https:\/\/t4logistica.com.br\/site\/servicos-locacao\/onibus-para-alugar-em-vitoria\/"]}]},{"@type":"BreadcrumbList","@id":"https:\/\/t4logistica.com.br\/site\/servicos-locacao\/onibus-para-alugar-em-vitoria\/#breadcrumb","itemListElement":[{"@type":"ListItem","position":1,"name":"In\u00edcio","item":"https:\/\/t4logistica.com.br\/site\/"},{"@type":"ListItem","position":2,"name":"Servi\u00e7os","item":"https:\/\/t4logistica.com.br\/site\/servicos-locacao\/"},{"@type":"ListItem","position":3,"name":"Loca\u00e7\u00e3o de \u00d4nibus"}]},{"@type":"WebSite","@id":"https:\/\/t4logistica.com.br\/site\/#website","url":"https:\/\/t4logistica.com.br\/site\/","name":"Aluguel de \u00d4nibus e Micro, Loca\u00e7\u00e3o de Van, Receptivo ES - T4 Log\u00edstica","description":"Transporte em Vit\u00f3ria, Cariacica, Serra e Vila Velha","publisher":{"@id":"https:\/\/t4logistica.com.br\/site\/#organization"},"potentialAction":[{"@type":"SearchAction","target":{"@type":"EntryPoint","urlTemplate":"https:\/\/t4logistica.com.br\/site\/?s={search_term_string}"},"query-input":{"@type":"PropertyValueSpecification","valueRequired":true,"valueName":"search_term_string"}}],"inLanguage":"pt-BR"},{"@type":"Organization","@id":"https:\/\/t4logistica.com.br\/site\/#organization","name":"Aluguel de \u00d4nibus e Micro, Loca\u00e7\u00e3o de Van, Receptivo ES - T4 Log\u00edstica","url":"https:\/\/t4logistica.com.br\/site\/","logo":{"@type":"ImageObject","inLanguage":"pt-BR","@id":"https:\/\/t4logistica.com.br\/site\/#\/schema\/logo\/image\/","url":"https:\/\/t4logistica.com.br\/site\/wp-content\/uploads\/2025\/07\/cropped-cropped-cropped-Frame-12-1.png","contentUrl":"https:\/\/t4logistica.com.br\/site\/wp-content\/uploads\/2025\/07\/cropped-cropped-cropped-Frame-12-1.png","width":487,"height":467,"caption":"Aluguel de \u00d4nibus e Micro, Loca\u00e7\u00e3o de Van, Receptivo ES - T4 Log\u00edstica"},"image":{"@id":"https:\/\/t4logistica.com.br\/site\/#\/schema\/logo\/image\/"}}]}},"_links":{"self":[{"href":"https:\/\/t4logistica.com.br\/site\/wp-json\/wp\/v2\/pages\/3523","targetHints":{"allow":["GET"]}}],"collection":[{"href":"https:\/\/t4logistica.com.br\/site\/wp-json\/wp\/v2\/pages"}],"about":[{"href":"https:\/\/t4logistica.com.br\/site\/wp-json\/wp\/v2\/types\/page"}],"author":[{"embeddable":true,"href":"https:\/\/t4logistica.com.br\/site\/wp-json\/wp\/v2\/users\/1"}],"replies":[{"embeddable":true,"href":"https:\/\/t4logistica.com.br\/site\/wp-json\/wp\/v2\/comments?post=3523"}],"version-history":[{"count":10,"href":"https:\/\/t4logistica.com.br\/site\/wp-json\/wp\/v2\/pages\/3523\/revisions"}],"predecessor-version":[{"id":6073,"href":"https:\/\/t4logistica.com.br\/site\/wp-json\/wp\/v2\/pages\/3523\/revisions\/6073"}],"up":[{"embeddable":true,"href":"https:\/\/t4logistica.com.br\/site\/wp-json\/wp\/v2\/pages\/2815"}],"wp:featuredmedia":[{"embeddable":true,"href":"https:\/\/t4logistica.com.br\/site\/wp-json\/"}],"wp:attachment":[{"href":"https:\/\/t4logistica.com.br\/site\/wp-json\/wp\/v2\/media?parent=3523"}],"curies":[{"name":"wp","href":"https:\/\/api.w.org\/{rel}","templated":true}]}}