{"id":2815,"date":"2019-01-28T16:02:57","date_gmt":"2019-01-28T18:02:57","guid":{"rendered":"https:\/\/t4logistica.com.br\/site\/?page_id=2815"},"modified":"2025-06-18T13:45:52","modified_gmt":"2025-06-18T16:45:52","slug":"servicos-locacao","status":"publish","type":"page","link":"https:\/\/t4logistica.com.br\/site\/servicos-locacao\/","title":{"rendered":"Servi\u00e7os"},"content":{"rendered":"<div class=\"wpb-content-wrapper\"><p>[vc_row full_width=&#8221;stretch_row&#8221;][vc_column]\n\t\t\t<!-- START Nossos servi\u00e7os REVOLUTION SLIDER 6.6.15 --><p class=\"rs-p-wp-fix\"><\/p>\n\t\t\t<rs-module-wrap id=\"rev_slider_13_1_wrapper\" data-source=\"gallery\" style=\"visibility:hidden;background:transparent;padding:0;margin:0px auto;margin-top:0;margin-bottom:0;\">\n\t\t\t\t<rs-module id=\"rev_slider_13_1\" style=\"\" data-version=\"6.6.15\">\n\t\t\t\t\t<rs-slides style=\"overflow: hidden; position: absolute;\">\n\t\t\t\t\t\t<rs-slide style=\"position: absolute;\" data-key=\"rs-29\" data-title=\"Slide\" data-in=\"o:0;\" data-out=\"a:false;\">\n\t\t\t\t\t\t\t<img fetchpriority=\"high\" decoding=\"async\" src=\"\/\/t4logistica.com.br\/site\/wp-content\/plugins\/revslider\/public\/assets\/assets\/dummy.png\" alt=\"\" title=\"Nossos servic\u0327os\" width=\"1920\" height=\"405\" class=\"rev-slidebg tp-rs-img rs-lazyload\" data-lazyload=\"\/\/t4logistica.com.br\/site\/wp-content\/uploads\/2025\/03\/Nossos-servicos.png\" data-no-retina>\n<!--\n\t\t\t\t\t\t\t--><rs-layer\n\t\t\t\t\t\t\t\tid=\"slider-13-slide-29-layer-0\" \n\t\t\t\t\t\t\t\tdata-type=\"text\"\n\t\t\t\t\t\t\t\tdata-color=\"#ffffff\"\n\t\t\t\t\t\t\t\tdata-rsp_ch=\"on\"\n\t\t\t\t\t\t\t\tdata-xy=\"x:c;y:c;yo:37px;\"\n\t\t\t\t\t\t\t\tdata-text=\"w:normal;s:25;a:center;\"\n\t\t\t\t\t\t\t\tdata-dim=\"w:840px;\"\n\t\t\t\t\t\t\t\tdata-frame_999=\"o:0;st:w;\"\n\t\t\t\t\t\t\t\tstyle=\"z-index:7;font-family:'Roboto';\"\n\t\t\t\t\t\t\t>Saiba um pouco mais sobre a loca\u00e7\u00e3o que nossa empresa pode oferecer para voc\u00ea. \n\t\t\t\t\t\t\t<\/rs-layer><!--\n\n\t\t\t\t\t\t\t--><rs-layer\n\t\t\t\t\t\t\t\tid=\"slider-13-slide-29-layer-1\" \n\t\t\t\t\t\t\t\tdata-type=\"text\"\n\t\t\t\t\t\t\t\tdata-color=\"#ffffff\"\n\t\t\t\t\t\t\t\tdata-rsp_ch=\"on\"\n\t\t\t\t\t\t\t\tdata-xy=\"x:c;xo:-2px;y:c;yo:-32px;\"\n\t\t\t\t\t\t\t\tdata-text=\"w:normal;s:45;l:30;fw:500;a:center;\"\n\t\t\t\t\t\t\t\tdata-frame_999=\"o:0;st:w;\"\n\t\t\t\t\t\t\t\tstyle=\"z-index:6;font-family:'Roboto';\"\n\t\t\t\t\t\t\t>Nossos Servi\u00e7os \n\t\t\t\t\t\t\t<\/rs-layer><!--\n-->\t\t\t\t\t\t<\/rs-slide>\n\t\t\t\t\t<\/rs-slides>\n\t\t\t\t<\/rs-module>\n\t\t\t\t<script>\n\t\t\t\t\tsetREVStartSize({c: 'rev_slider_13_1',rl:[1240,1024,778,480],el:[405],gw:[1240],gh:[405],type:'standard',justify:'',layout:'fullwidth',mh:\"0\"});if (window.RS_MODULES!==undefined && window.RS_MODULES.modules!==undefined && window.RS_MODULES.modules[\"revslider131\"]!==undefined) {window.RS_MODULES.modules[\"revslider131\"].once = false;window.revapi13 = undefined;if (window.RS_MODULES.checkMinimal!==undefined) window.RS_MODULES.checkMinimal()}\n\t\t\t\t<\/script>\n\t\t\t<\/rs-module-wrap>\n\t\t\t<!-- END REVOLUTION SLIDER -->\n[vc_empty_space height=&#8221;40px&#8221;][\/vc_column][\/vc_row][vc_row full_width=&#8221;stretch_row&#8221;][vc_column width=&#8221;1\/3&#8243;][vc_single_image image=&#8221;3781&#8243; img_size=&#8221;500&#215;500&#8243;][vc_column_text]<\/p>\n<h2>Loca\u00e7\u00e3o<br \/>\nde Van.<\/h2>\n<p>Para viagens intermunicipais e interestaduais, a loca\u00e7\u00e3o de van \u00e9 uma das op\u00e7\u00f5es mais requisitadas para o transporte de passageiros na Grande Vit\u00f3ria.[\/vc_column_text][vc_btn title=&#8221;Saiba mais &gt;&#8221; style=&#8221;classic&#8221; color=&#8221;primary&#8221; link=&#8221;url:https%3A%2F%2Ft4logistica.com.br%2F%3Fservice%3Dlocacao-de-van|||&#8221;][\/vc_column][vc_column width=&#8221;1\/3&#8243;][vc_single_image image=&#8221;3782&#8243; img_size=&#8221;500&#215;500&#8243;][vc_column_text]<\/p>\n<h2>Loca\u00e7\u00e3o de Micro-\u00d4nibus e \u00d4nibus.<\/h2>\n<p>Reserve um \u00f4nibus\/micro \u00f4nibus para a sua viagem com amigos e fam\u00edlia. Al\u00e9m do conforto, conte com a experi\u00eancia de nossos motoristas e seriedade da nossa empresa.[\/vc_column_text][vc_btn title=&#8221;Saiba mais &gt;&#8221; style=&#8221;classic&#8221; color=&#8221;primary&#8221; link=&#8221;url:https%3A%2F%2Ft4logistica.com.br%2Fsite%2F%3Fservice%3Dlocacao-de-micro-onibus-e-onibus|||&#8221;][\/vc_column][vc_column width=&#8221;1\/3&#8243;][vc_single_image image=&#8221;5529&#8243; img_size=&#8221;500&#215;500&#8243;][vc_column_text]<\/p>\n<h2>Fretamento de \u00d4nibus, Micro-\u00f4nibus e Van.<\/h2>\n<p><span style=\"font-weight: 400;\">Nosso compromisso vai al\u00e9m do conforto e da seguran\u00e7a, todos os nosso carros possuem seguro total aos passageiros e certifica\u00e7\u00e3o de pleno funcionamento.<\/span>[\/vc_column_text][vc_btn title=&#8221;Saiba mais &gt;&#8221; style=&#8221;classic&#8221; color=&#8221;primary&#8221; link=&#8221;url:https%3A%2F%2Ft4logistica.com.br%2F%3Fservice%3Dfretamento-continuo-de-onibus-micro-onibus-e-van|||&#8221;][\/vc_column][\/vc_row][vc_row full_width=&#8221;stretch_row&#8221;][vc_column width=&#8221;1\/3&#8243;][vc_single_image image=&#8221;5435&#8243; img_size=&#8221;500&#215;500&#8243;][vc_column_text]<\/p>\n<h2>Transporte<br \/>\nExecutivo.<\/h2>\n<p>Se voc\u00ea precisa locomover-se no dia a dia com conveni\u00eancia e comodidade, conte com a descri\u00e7\u00e3o da T4 Log\u00edstica nos servi\u00e7os de transporte executivo.[\/vc_column_text][vc_btn title=&#8221;Saiba mais &gt;&#8221; style=&#8221;classic&#8221; color=&#8221;primary&#8221; link=&#8221;url:https%3A%2F%2Ft4logistica.com.br%2F%3Fservice%3Dtransporte-executivo-para-voce|||&#8221;][\/vc_column][vc_column width=&#8221;1\/3&#8243;][vc_single_image image=&#8221;3808&#8243; img_size=&#8221;500&#215;500&#8243;][vc_column_text]<\/p>\n<h2>Turismo no Esp\u00edrito Santo.<\/h2>\n<p>A T4\u00a0 oferece as melhores rotas para o seu City Tour no estado. Venha conhecer e se encantar com as belezas naturais e hist\u00f3rias do Esp\u00edrito Santo, desde praias at\u00e9 as montanhas, com total conforto.[\/vc_column_text][vc_btn title=&#8221;Saiba mais &gt;&#8221; style=&#8221;classic&#8221; color=&#8221;primary&#8221; link=&#8221;url:https%3A%2F%2Ft4logistica.com.br%2Fsite%2F%3Fservice%3Dturismo|||&#8221;][\/vc_column][vc_column width=&#8221;1\/3&#8243; offset=&#8221;vc_hidden-lg vc_hidden-md vc_hidden-sm vc_hidden-xs&#8221;][vc_single_image image=&#8221;3809&#8243; img_size=&#8221;500&#215;500&#8243;][vc_column_text]<\/p>\n<h2>Transporte de Encomenda.<\/h2>\n<p>O Transporte de Encomendas e Documentos \u00e9 um servi\u00e7o muito requisitado por empresas de grande porte na Grande Vit\u00f3ria. Realizado por carros utilit\u00e1rios, afim de simplificar a entrega, de forma pr\u00e1tica e segura.[\/vc_column_text][vc_btn title=&#8221;Saiba mais &gt;&#8221; style=&#8221;classic&#8221; color=&#8221;primary&#8221; link=&#8221;url:http%3A%2F%2Ft4logistica.com.br%2F%3Fservice%3Dtransporte-de-encomenda-e-documentos|||&#8221;][\/vc_column][\/vc_row][vc_row full_width=&#8221;stretch_row&#8221;][vc_column][vc_empty_space][\/vc_column][\/vc_row]<\/p>\n<\/div>","protected":false},"excerpt":{"rendered":"<p>[vc_row full_width=&#8221;stretch_row&#8221;][vc_column][vc_empty_space height=&#8221;40px&#8221;][\/vc_column][\/vc_row][vc_row full_width=&#8221;stretch_row&#8221;][vc_column width=&#8221;1\/3&#8243;][vc_single_image image=&#8221;3781&#8243; img_size=&#8221;500&#215;500&#8243;][vc_column_text] Loca\u00e7\u00e3o de Van. Para viagens intermunicipais e interestaduais, a loca\u00e7\u00e3o de van \u00e9 uma das op\u00e7\u00f5es mais requisitadas para<span class=\"excerpt-hellip\"> [\u2026]<\/span><\/p>\n","protected":false},"author":1,"featured_media":-1,"parent":0,"menu_order":0,"comment_status":"closed","ping_status":"closed","template":"","meta":{"footnotes":""},"class_list":["post-2815","page","type-page","status-publish","has-post-thumbnail","hentry"],"yoast_head":"<!-- This site is optimized with the Yoast SEO plugin v27.3 - https:\/\/yoast.com\/product\/yoast-seo-wordpress\/ -->\n<title>Aluguel de \u00d4nibus e Micro, Loca\u00e7\u00e3o de Van, Receptivo ES - T4 Log\u00edstica<\/title>\n<meta name=\"description\" content=\"A T4 Log\u00edstica \u00e9 uma empresa especializada em transporte e turismo atrav\u00e9s da loca\u00e7\u00e3o de \u00f4nibus, micro-\u00f4nibus, van e carros executivos.\" \/>\n<meta name=\"robots\" content=\"index, follow, max-snippet:-1, max-image-preview:large, max-video-preview:-1\" \/>\n<link rel=\"canonical\" href=\"https:\/\/t4logistica.com.br\/site\/servicos-locacao\/\" \/>\n<meta property=\"og:locale\" content=\"pt_BR\" \/>\n<meta property=\"og:type\" content=\"article\" \/>\n<meta property=\"og:title\" content=\"Aluguel de \u00d4nibus e Micro, Loca\u00e7\u00e3o de Van, Receptivo ES - T4 Log\u00edstica\" \/>\n<meta property=\"og:description\" content=\"A T4 Log\u00edstica \u00e9 uma empresa especializada em transporte e turismo atrav\u00e9s da loca\u00e7\u00e3o de \u00f4nibus, micro-\u00f4nibus, van e carros executivos.\" \/>\n<meta property=\"og:url\" content=\"https:\/\/t4logistica.com.br\/site\/servicos-locacao\/\" \/>\n<meta property=\"og:site_name\" content=\"Aluguel de \u00d4nibus e Micro, Loca\u00e7\u00e3o de Van, Receptivo ES - T4 Log\u00edstica\" \/>\n<meta property=\"article:modified_time\" content=\"2025-06-18T16:45:52+00:00\" \/>\n<meta name=\"twitter:card\" content=\"summary_large_image\" \/>\n<meta name=\"twitter:label1\" content=\"Est. tempo de leitura\" \/>\n\t<meta name=\"twitter:data1\" content=\"2 minutos\" \/>\n<script type=\"application\/ld+json\" class=\"yoast-schema-graph\">{\"@context\":\"https:\\\/\\\/schema.org\",\"@graph\":[{\"@type\":\"WebPage\",\"@id\":\"https:\\\/\\\/t4logistica.com.br\\\/site\\\/servicos-locacao\\\/\",\"url\":\"https:\\\/\\\/t4logistica.com.br\\\/site\\\/servicos-locacao\\\/\",\"name\":\"Aluguel de \u00d4nibus e Micro, Loca\u00e7\u00e3o de Van, Receptivo ES - T4 Log\u00edstica\",\"isPartOf\":{\"@id\":\"https:\\\/\\\/t4logistica.com.br\\\/site\\\/#website\"},\"datePublished\":\"2019-01-28T18:02:57+00:00\",\"dateModified\":\"2025-06-18T16:45:52+00:00\",\"description\":\"A T4 Log\u00edstica \u00e9 uma empresa especializada em transporte e turismo atrav\u00e9s da loca\u00e7\u00e3o de \u00f4nibus, micro-\u00f4nibus, van e carros executivos.\",\"breadcrumb\":{\"@id\":\"https:\\\/\\\/t4logistica.com.br\\\/site\\\/servicos-locacao\\\/#breadcrumb\"},\"inLanguage\":\"pt-BR\",\"potentialAction\":[{\"@type\":\"ReadAction\",\"target\":[\"https:\\\/\\\/t4logistica.com.br\\\/site\\\/servicos-locacao\\\/\"]}]},{\"@type\":\"BreadcrumbList\",\"@id\":\"https:\\\/\\\/t4logistica.com.br\\\/site\\\/servicos-locacao\\\/#breadcrumb\",\"itemListElement\":[{\"@type\":\"ListItem\",\"position\":1,\"name\":\"In\u00edcio\",\"item\":\"https:\\\/\\\/t4logistica.com.br\\\/site\\\/\"},{\"@type\":\"ListItem\",\"position\":2,\"name\":\"Servi\u00e7os\"}]},{\"@type\":\"WebSite\",\"@id\":\"https:\\\/\\\/t4logistica.com.br\\\/site\\\/#website\",\"url\":\"https:\\\/\\\/t4logistica.com.br\\\/site\\\/\",\"name\":\"Aluguel de \u00d4nibus e Micro, Loca\u00e7\u00e3o de Van, Receptivo ES - T4 Log\u00edstica\",\"description\":\"Transporte em Vit\u00f3ria, Cariacica, Serra e Vila Velha\",\"publisher\":{\"@id\":\"https:\\\/\\\/t4logistica.com.br\\\/site\\\/#organization\"},\"potentialAction\":[{\"@type\":\"SearchAction\",\"target\":{\"@type\":\"EntryPoint\",\"urlTemplate\":\"https:\\\/\\\/t4logistica.com.br\\\/site\\\/?s={search_term_string}\"},\"query-input\":{\"@type\":\"PropertyValueSpecification\",\"valueRequired\":true,\"valueName\":\"search_term_string\"}}],\"inLanguage\":\"pt-BR\"},{\"@type\":\"Organization\",\"@id\":\"https:\\\/\\\/t4logistica.com.br\\\/site\\\/#organization\",\"name\":\"Aluguel de \u00d4nibus e Micro, Loca\u00e7\u00e3o de Van, Receptivo ES - T4 Log\u00edstica\",\"url\":\"https:\\\/\\\/t4logistica.com.br\\\/site\\\/\",\"logo\":{\"@type\":\"ImageObject\",\"inLanguage\":\"pt-BR\",\"@id\":\"https:\\\/\\\/t4logistica.com.br\\\/site\\\/#\\\/schema\\\/logo\\\/image\\\/\",\"url\":\"https:\\\/\\\/t4logistica.com.br\\\/site\\\/wp-content\\\/uploads\\\/2025\\\/07\\\/cropped-cropped-cropped-Frame-12-1.png\",\"contentUrl\":\"https:\\\/\\\/t4logistica.com.br\\\/site\\\/wp-content\\\/uploads\\\/2025\\\/07\\\/cropped-cropped-cropped-Frame-12-1.png\",\"width\":487,\"height\":467,\"caption\":\"Aluguel de \u00d4nibus e Micro, Loca\u00e7\u00e3o de Van, Receptivo ES - T4 Log\u00edstica\"},\"image\":{\"@id\":\"https:\\\/\\\/t4logistica.com.br\\\/site\\\/#\\\/schema\\\/logo\\\/image\\\/\"}}]}<\/script>\n<!-- \/ Yoast SEO plugin. -->","yoast_head_json":{"title":"Aluguel de \u00d4nibus e Micro, Loca\u00e7\u00e3o de Van, Receptivo ES - T4 Log\u00edstica","description":"A T4 Log\u00edstica \u00e9 uma empresa especializada em transporte e turismo atrav\u00e9s da loca\u00e7\u00e3o de \u00f4nibus, micro-\u00f4nibus, van e carros executivos.","robots":{"index":"index","follow":"follow","max-snippet":"max-snippet:-1","max-image-preview":"max-image-preview:large","max-video-preview":"max-video-preview:-1"},"canonical":"https:\/\/t4logistica.com.br\/site\/servicos-locacao\/","og_locale":"pt_BR","og_type":"article","og_title":"Aluguel de \u00d4nibus e Micro, Loca\u00e7\u00e3o de Van, Receptivo ES - T4 Log\u00edstica","og_description":"A T4 Log\u00edstica \u00e9 uma empresa especializada em transporte e turismo atrav\u00e9s da loca\u00e7\u00e3o de \u00f4nibus, micro-\u00f4nibus, van e carros executivos.","og_url":"https:\/\/t4logistica.com.br\/site\/servicos-locacao\/","og_site_name":"Aluguel de \u00d4nibus e Micro, Loca\u00e7\u00e3o de Van, Receptivo ES - T4 Log\u00edstica","article_modified_time":"2025-06-18T16:45:52+00:00","twitter_card":"summary_large_image","twitter_misc":{"Est. tempo de leitura":"2 minutos"},"schema":{"@context":"https:\/\/schema.org","@graph":[{"@type":"WebPage","@id":"https:\/\/t4logistica.com.br\/site\/servicos-locacao\/","url":"https:\/\/t4logistica.com.br\/site\/servicos-locacao\/","name":"Aluguel de \u00d4nibus e Micro, Loca\u00e7\u00e3o de Van, Receptivo ES - T4 Log\u00edstica","isPartOf":{"@id":"https:\/\/t4logistica.com.br\/site\/#website"},"datePublished":"2019-01-28T18:02:57+00:00","dateModified":"2025-06-18T16:45:52+00:00","description":"A T4 Log\u00edstica \u00e9 uma empresa especializada em transporte e turismo atrav\u00e9s da loca\u00e7\u00e3o de \u00f4nibus, micro-\u00f4nibus, van e carros executivos.","breadcrumb":{"@id":"https:\/\/t4logistica.com.br\/site\/servicos-locacao\/#breadcrumb"},"inLanguage":"pt-BR","potentialAction":[{"@type":"ReadAction","target":["https:\/\/t4logistica.com.br\/site\/servicos-locacao\/"]}]},{"@type":"BreadcrumbList","@id":"https:\/\/t4logistica.com.br\/site\/servicos-locacao\/#breadcrumb","itemListElement":[{"@type":"ListItem","position":1,"name":"In\u00edcio","item":"https:\/\/t4logistica.com.br\/site\/"},{"@type":"ListItem","position":2,"name":"Servi\u00e7os"}]},{"@type":"WebSite","@id":"https:\/\/t4logistica.com.br\/site\/#website","url":"https:\/\/t4logistica.com.br\/site\/","name":"Aluguel de \u00d4nibus e Micro, Loca\u00e7\u00e3o de Van, Receptivo ES - T4 Log\u00edstica","description":"Transporte em Vit\u00f3ria, Cariacica, Serra e Vila Velha","publisher":{"@id":"https:\/\/t4logistica.com.br\/site\/#organization"},"potentialAction":[{"@type":"SearchAction","target":{"@type":"EntryPoint","urlTemplate":"https:\/\/t4logistica.com.br\/site\/?s={search_term_string}"},"query-input":{"@type":"PropertyValueSpecification","valueRequired":true,"valueName":"search_term_string"}}],"inLanguage":"pt-BR"},{"@type":"Organization","@id":"https:\/\/t4logistica.com.br\/site\/#organization","name":"Aluguel de \u00d4nibus e Micro, Loca\u00e7\u00e3o de Van, Receptivo ES - T4 Log\u00edstica","url":"https:\/\/t4logistica.com.br\/site\/","logo":{"@type":"ImageObject","inLanguage":"pt-BR","@id":"https:\/\/t4logistica.com.br\/site\/#\/schema\/logo\/image\/","url":"https:\/\/t4logistica.com.br\/site\/wp-content\/uploads\/2025\/07\/cropped-cropped-cropped-Frame-12-1.png","contentUrl":"https:\/\/t4logistica.com.br\/site\/wp-content\/uploads\/2025\/07\/cropped-cropped-cropped-Frame-12-1.png","width":487,"height":467,"caption":"Aluguel de \u00d4nibus e Micro, Loca\u00e7\u00e3o de Van, Receptivo ES - T4 Log\u00edstica"},"image":{"@id":"https:\/\/t4logistica.com.br\/site\/#\/schema\/logo\/image\/"}}]}},"_links":{"self":[{"href":"https:\/\/t4logistica.com.br\/site\/wp-json\/wp\/v2\/pages\/2815","targetHints":{"allow":["GET"]}}],"collection":[{"href":"https:\/\/t4logistica.com.br\/site\/wp-json\/wp\/v2\/pages"}],"about":[{"href":"https:\/\/t4logistica.com.br\/site\/wp-json\/wp\/v2\/types\/page"}],"author":[{"embeddable":true,"href":"https:\/\/t4logistica.com.br\/site\/wp-json\/wp\/v2\/users\/1"}],"replies":[{"embeddable":true,"href":"https:\/\/t4logistica.com.br\/site\/wp-json\/wp\/v2\/comments?post=2815"}],"version-history":[{"count":6,"href":"https:\/\/t4logistica.com.br\/site\/wp-json\/wp\/v2\/pages\/2815\/revisions"}],"predecessor-version":[{"id":5867,"href":"https:\/\/t4logistica.com.br\/site\/wp-json\/wp\/v2\/pages\/2815\/revisions\/5867"}],"wp:featuredmedia":[{"embeddable":true,"href":"https:\/\/t4logistica.com.br\/site\/wp-json\/"}],"wp:attachment":[{"href":"https:\/\/t4logistica.com.br\/site\/wp-json\/wp\/v2\/media?parent=2815"}],"curies":[{"name":"wp","href":"https:\/\/api.w.org\/{rel}","templated":true}]}}