{"id":1924,"date":"2016-03-14T12:38:20","date_gmt":"2016-03-14T12:38:20","guid":{"rendered":"http:\/\/t4logistica.web2311.uni5.net\/site\/?page_id=1924"},"modified":"2023-04-25T14:36:09","modified_gmt":"2023-04-25T17:36:09","slug":"frota","status":"publish","type":"page","link":"https:\/\/t4logistica.com.br\/site\/frota\/","title":{"rendered":"Frota"},"content":{"rendered":"<div class=\"wpb-content-wrapper\"><p>[vc_row][vc_column][vc_row_inner][vc_column_inner][vc_empty_space height=&#8221;10px&#8221;][vc_column_text]<\/p>\n<h1 style=\"text-align: center;\"><strong>Nossa Frota.<\/strong><\/h1>\n<div id=\"lipsum\">\n<h3 style=\"text-align: center;\">Contamos com uma frota segura para garantir o seu conforto e comodidade. <span style=\"color: #ffffff;\"><a style=\"color: #ffffff;\" href=\"https:\/\/www.linkedin.com\/company\/t4-logistica-official\/?trk=ppro_cprof&amp;originalSubdomain=br\" target=\"_blank\" rel=\"noopener noreferrer\">.<\/a><\/span><\/h3>\n<\/div>\n<p>[\/vc_column_text][vc_empty_space height=&#8221;20px&#8221; css=&#8221;.vc_custom_1575388448041{margin-bottom: 0px !important;}&#8221;][\/vc_column_inner][\/vc_row_inner][\/vc_column][\/vc_row][vc_row full_width=&#8221;stretch_row&#8221; css=&#8221;.vc_custom_1575388337296{margin-top: 30px !important;margin-bottom: 0px !important;background-color: #efefef !important;}&#8221;][vc_column][vc_row_inner][vc_column_inner width=&#8221;1\/2&#8243;][vc_images_carousel images=&#8221;4584,4585,4587,4588,4589&#8243; img_size=&#8221;400&#215;250&#8243; onclick=&#8221;link_no&#8221; speed=&#8221;1000&#8243; wrap=&#8221;yes&#8221;][\/vc_column_inner][vc_column_inner width=&#8221;1\/2&#8243;][vc_column_text]<\/p>\n<h2><\/h2>\n<h2><strong>\u00d4nibus Double Decker.<\/strong><\/h2>\n<p>Semi-leito[\/vc_column_text][vc_separator color=&#8221;custom&#8221; align=&#8221;align_left&#8221; border_width=&#8221;2&#8243; el_width=&#8221;10&#8243; accent_color=&#8221;#2873bd&#8221; css=&#8221;.vc_custom_1558980981793{margin-top: -20px !important;}&#8221;][vc_column_text]Nossa frota conta com:<\/p>\n<p>\u25cf 56 lugares;<br \/>\n\u25cf Ar condicionado;<br \/>\n\u25cf Toilette;<br \/>\n\u25cf Multimidia;<br \/>\n\u25cf DVD;<br \/>\n\u25cf Microfone;<br \/>\n\u25cf MP3;<br \/>\n\u25cf Wi-fi;<br \/>\n\u25cf Entrada USB em todas as poltronas;<br \/>\n\u25cf Tomadas 127v;<br \/>\n\u25cf Geladeiras el\u00e9tricas com agua gelada;<br \/>\n\u25cf Caf\u00e9;<br \/>\n\u25cf Manta + Travesseiro;<br \/>\n\u25cf 2 lugares cabine (motorista + guia).<\/p>\n<p>&nbsp;<\/p>\n<p>&nbsp;[\/vc_column_text][\/vc_column_inner][\/vc_row_inner][\/vc_column][\/vc_row][vc_row full_width=&#8221;stretch_row&#8221; css=&#8221;.vc_custom_1575388337296{margin-top: 30px !important;margin-bottom: 0px !important;background-color: #efefef !important;}&#8221;][vc_column][vc_row_inner][vc_column_inner width=&#8221;1\/2&#8243;][vc_images_carousel images=&#8221;4325,4099,4100,4101,4293,4292,4291&#8243; img_size=&#8221;400&#215;250&#8243; onclick=&#8221;link_no&#8221; speed=&#8221;1000&#8243; wrap=&#8221;yes&#8221;][\/vc_column_inner][vc_column_inner width=&#8221;1\/2&#8243;][vc_column_text]<\/p>\n<h2><\/h2>\n<h2><strong>\u00d4nibus Rodovi\u00e1rio Executivo.<\/strong><\/h2>\n<p>Prefixo 480[\/vc_column_text][vc_separator color=&#8221;custom&#8221; align=&#8221;align_left&#8221; border_width=&#8221;2&#8243; el_width=&#8221;10&#8243; accent_color=&#8221;#2873bd&#8221; css=&#8221;.vc_custom_1558980981793{margin-top: -20px !important;}&#8221;][vc_column_text]Nossa frota conta com:<\/p>\n<p>\u25cf 46 lugares;<br \/>\n\u25cf Ar condicionado;<br \/>\n\u25cf Banheiro;<br \/>\n\u25cf Poltronas Confort reclin\u00e1veis;<br \/>\n\u25cf DVD (3 telas com filmes e shows);<br \/>\n\u25cf Frigobar com \u00e1gua gelada;<br \/>\n\u25cf Carregador Celular;<br \/>\n\u25cf Microfone para guia;<br \/>\n\u25cf Cadeira P\/ Guia.[\/vc_column_text][\/vc_column_inner][\/vc_row_inner][\/vc_column][\/vc_row][vc_row full_width=&#8221;stretch_row&#8221; css=&#8221;.vc_custom_1575388337296{margin-top: 30px !important;margin-bottom: 0px !important;background-color: #efefef !important;}&#8221;][vc_column][vc_row_inner][vc_column_inner width=&#8221;1\/2&#8243;][vc_images_carousel images=&#8221;4357,4359,4360,4358&#8243; img_size=&#8221;400&#215;250&#8243; onclick=&#8221;link_no&#8221; speed=&#8221;1000&#8243; wrap=&#8221;yes&#8221;][\/vc_column_inner][vc_column_inner width=&#8221;1\/2&#8243;][vc_column_text]<\/p>\n<h2><\/h2>\n<h2><strong>\u00d4nibus Rodovi\u00e1rio Executivo.<\/strong><\/h2>\n<p>Prefixo 500[\/vc_column_text][vc_separator color=&#8221;custom&#8221; align=&#8221;align_left&#8221; border_width=&#8221;2&#8243; el_width=&#8221;10&#8243; accent_color=&#8221;#2873bd&#8221; css=&#8221;.vc_custom_1558980981793{margin-top: -20px !important;}&#8221;][vc_column_text]Nossa frota conta com:<\/p>\n<p>\u25cf 46 lugares;<br \/>\n\u25cf Ar condicionado;<br \/>\n\u25cf Banheiro;<br \/>\n\u25cf Poltronas Confort reclin\u00e1veis;<br \/>\n\u25cf DVD (3 telas com filmes e shows);<br \/>\n\u25cf Frigobar com agua gelada;<br \/>\n\u25cf Carregador Celular;<br \/>\n\u25cf Assento para guia.[\/vc_column_text][\/vc_column_inner][\/vc_row_inner][\/vc_column][\/vc_row][vc_row full_width=&#8221;stretch_row&#8221; css=&#8221;.vc_custom_1575388337296{margin-top: 30px !important;margin-bottom: 0px !important;background-color: #efefef !important;}&#8221;][vc_column][vc_row_inner][vc_column_inner width=&#8221;1\/2&#8243;][vc_images_carousel images=&#8221;4328,3788,4326&#8243; img_size=&#8221;400&#215;250&#8243; onclick=&#8221;link_no&#8221; speed=&#8221;1000&#8243; wrap=&#8221;yes&#8221;][\/vc_column_inner][vc_column_inner width=&#8221;1\/2&#8243;][vc_column_text]<\/p>\n<h2><\/h2>\n<h2><strong>\u00d4nibus Rodovi\u00e1rio Executivo.<\/strong><\/h2>\n<p>Prefixo 402[\/vc_column_text][vc_separator color=&#8221;custom&#8221; align=&#8221;align_left&#8221; border_width=&#8221;2&#8243; el_width=&#8221;10&#8243; accent_color=&#8221;#2873bd&#8221; css=&#8221;.vc_custom_1558980981793{margin-top: -20px !important;}&#8221;][vc_column_text]Nossa frota conta com:<\/p>\n<p>\u25cf 46 lugares;<br \/>\n\u25cf Ar condicionado;<br \/>\n\u25cf Banheiro;<br \/>\n\u25cf Poltronas Confort reclin\u00e1veis;<br \/>\n\u25cf DVD (com 2 telas com filmes e shows);<br \/>\n\u25cf Frigobar com \u00e1gua gelada;<br \/>\n\u25cf Carregador Celular;<br \/>\n\u25cf Microfone para guia;<br \/>\n\u25cf Cadeira para guia;<br \/>\n\u25cf Microfone P\/ Guia;<br \/>\n\u25cf Cadeira P\/ Guia.[\/vc_column_text][\/vc_column_inner][\/vc_row_inner][\/vc_column][\/vc_row][vc_row full_width=&#8221;stretch_row&#8221; css=&#8221;.vc_custom_1575388337296{margin-top: 30px !important;margin-bottom: 0px !important;background-color: #efefef !important;}&#8221;][vc_column][vc_row_inner][vc_column_inner width=&#8221;1\/2&#8243;][vc_images_carousel images=&#8221;4329,4313&#8243; img_size=&#8221;400&#215;250&#8243; onclick=&#8221;link_no&#8221; speed=&#8221;1000&#8243; wrap=&#8221;yes&#8221;][\/vc_column_inner][vc_column_inner width=&#8221;1\/2&#8243;][vc_column_text]<\/p>\n<h2><\/h2>\n<h2><strong>\u00d4nibus Executivo.<\/strong><\/h2>\n<p>Prefixo 460[\/vc_column_text][vc_separator color=&#8221;custom&#8221; align=&#8221;align_left&#8221; border_width=&#8221;2&#8243; el_width=&#8221;10&#8243; accent_color=&#8221;#2873bd&#8221; css=&#8221;.vc_custom_1558980981793{margin-top: -20px !important;}&#8221;][vc_column_text]Nossa frota conta com:<\/p>\n<p>\u25cf 46 lugares;<br \/>\n\u25cf Ar condicionado;<br \/>\n\u25cf Poltronas reclin\u00e1veis;[\/vc_column_text][\/vc_column_inner][\/vc_row_inner][\/vc_column][\/vc_row][vc_row full_width=&#8221;stretch_row&#8221; css=&#8221;.vc_custom_1575388337296{margin-top: 30px !important;margin-bottom: 0px !important;background-color: #efefef !important;}&#8221;][vc_column][vc_row_inner][vc_column_inner width=&#8221;1\/2&#8243;][vc_images_carousel images=&#8221;4330,4315&#8243; img_size=&#8221;400&#215;250&#8243; onclick=&#8221;link_no&#8221; speed=&#8221;1000&#8243; wrap=&#8221;yes&#8221;][\/vc_column_inner][vc_column_inner width=&#8221;1\/2&#8243;][vc_column_text]<\/p>\n<h2><\/h2>\n<h2><strong>\u00d4nibus Executivo.<\/strong><\/h2>\n<p>Prefixo 440[\/vc_column_text][vc_separator color=&#8221;custom&#8221; align=&#8221;align_left&#8221; border_width=&#8221;2&#8243; el_width=&#8221;10&#8243; accent_color=&#8221;#2873bd&#8221; css=&#8221;.vc_custom_1558980981793{margin-top: -20px !important;}&#8221;][vc_column_text]Nossa frota conta com:<\/p>\n<p>\u25cf 44 lugares;<br \/>\n\u25cf Ar condicionado;<br \/>\n\u25cf Poltronas Confort Reclin\u00e1veis;<br \/>\n\u25cf DVD (1 tela com filmes e shows);<br \/>\n\u25cf Carregador de celular.[\/vc_column_text][\/vc_column_inner][\/vc_row_inner][\/vc_column][\/vc_row][vc_row full_width=&#8221;stretch_row&#8221; css=&#8221;.vc_custom_1575388350945{margin-top: 30px !important;margin-bottom: 0px !important;background-color: #f2f2f2 !important;}&#8221;][vc_column][vc_row_inner][vc_column_inner width=&#8221;1\/2&#8243;][vc_images_carousel images=&#8221;4327,4097,4098,4301&#8243; img_size=&#8221;400&#215;250&#8243; onclick=&#8221;link_no&#8221; speed=&#8221;1000&#8243; wrap=&#8221;yes&#8221;][\/vc_column_inner][vc_column_inner width=&#8221;1\/2&#8243;][vc_column_text]<\/p>\n<h2><\/h2>\n<h2><strong>Micro-\u00d4nibus Rodovi\u00e1rio Executivo.<\/strong><\/h2>\n<p>Prefixo 490[\/vc_column_text][vc_separator color=&#8221;custom&#8221; align=&#8221;align_left&#8221; border_width=&#8221;2&#8243; el_width=&#8221;10&#8243; accent_color=&#8221;#2873bd&#8221; css=&#8221;.vc_custom_1558980981793{margin-top: -20px !important;}&#8221;][vc_column_text]Nossa frota conta com:<\/p>\n<p>\u25cf 26 lugares + 01 lugar na cabine;<br \/>\n\u25cf Ar condicionado;<br \/>\n\u25cf Banheiro;<br \/>\n\u25cf Poltronas Confort reclin\u00e1veis;<br \/>\n\u25cf DVD (2 telas com filmes e shows);<br \/>\n\u25cf Frigobar c\/ agua gelada;<br \/>\n\u25cf Carregador Celular;<br \/>\n\u25cf Microfone p\/ Guia;[\/vc_column_text][\/vc_column_inner][\/vc_row_inner][\/vc_column][\/vc_row][vc_row full_width=&#8221;stretch_row&#8221; css=&#8221;.vc_custom_1575388350945{margin-top: 30px !important;margin-bottom: 0px !important;background-color: #f2f2f2 !important;}&#8221;][vc_column][vc_row_inner][vc_column_inner width=&#8221;1\/2&#8243;][vc_images_carousel img_size=&#8221;400&#215;250&#8243; onclick=&#8221;link_no&#8221; speed=&#8221;1000&#8243; wrap=&#8221;yes&#8221;][\/vc_column_inner][vc_column_inner width=&#8221;1\/2&#8243;][vc_column_text]<\/p>\n<h2><\/h2>\n<h2><strong>Van Turismo.<\/strong><\/h2>\n<p>Prefixo 401[\/vc_column_text][vc_separator color=&#8221;custom&#8221; align=&#8221;align_left&#8221; border_width=&#8221;2&#8243; el_width=&#8221;10&#8243; accent_color=&#8221;#2873bd&#8221; css=&#8221;.vc_custom_1558980981793{margin-top: -20px !important;}&#8221;][vc_column_text]Nossa frota conta com:<\/p>\n<p>\u25cf 15 lugares;<br \/>\n\u25cf Ar condicionado;<br \/>\n\u25cf Poltronas reclin\u00e1veis;<br \/>\n\u25cf DVD (1 tela com filmes e shows);<br \/>\n\u25cf bluetooth;<br \/>\n\u25cf Carregador Celular;[\/vc_column_text][\/vc_column_inner][\/vc_row_inner][\/vc_column][\/vc_row][vc_row full_width=&#8221;stretch_row&#8221; css=&#8221;.vc_custom_1575388359686{margin-top: 30px !important;margin-bottom: 0px !important;background-color: #f3f3f3 !important;}&#8221;][vc_column][vc_row_inner][vc_column_inner width=&#8221;1\/2&#8243;][vc_images_carousel images=&#8221;4331,4319,4320&#8243; img_size=&#8221;400&#215;250&#8243; speed=&#8221;1000&#8243; wrap=&#8221;yes&#8221;][\/vc_column_inner][vc_column_inner width=&#8221;1\/2&#8243;][vc_column_text]<\/p>\n<h2><\/h2>\n<h2><strong>Van Turismo.<\/strong><\/h2>\n<p>Prefixo 400[\/vc_column_text][vc_separator color=&#8221;custom&#8221; align=&#8221;align_left&#8221; border_width=&#8221;2&#8243; el_width=&#8221;10&#8243; accent_color=&#8221;#2873bd&#8221; css=&#8221;.vc_custom_1558980981793{margin-top: -20px !important;}&#8221;][vc_column_text]Todas as vans contam com :<br \/>\n\u25cf 15 lugares;<br \/>\n\u25cf Ar condicionado;<br \/>\n\u25cf Poltronas reclin\u00e1veis (todas);<br \/>\n\u25cf DVD (1 tela com filmes e shows);<br \/>\n\u25cf Carregador Celular.[\/vc_column_text][\/vc_column_inner][\/vc_row_inner][\/vc_column][\/vc_row][vc_row full_width=&#8221;stretch_row&#8221; css=&#8221;.vc_custom_1575388369562{margin-top: 30px !important;margin-bottom: 0px !important;background-color: #f4f4f4 !important;}&#8221;][vc_column][vc_row_inner][vc_column_inner width=&#8221;1\/2&#8243;][vc_images_carousel images=&#8221;3598,3599,4093,4094,4095&#8243; img_size=&#8221;400&#215;250&#8243; speed=&#8221;1000&#8243; wrap=&#8221;yes&#8221;][\/vc_column_inner][vc_column_inner width=&#8221;1\/2&#8243;][vc_column_text]<\/p>\n<h2><strong>Carros.<\/strong><\/h2>\n<p>[\/vc_column_text][vc_separator color=&#8221;custom&#8221; align=&#8221;align_left&#8221; border_width=&#8221;2&#8243; el_width=&#8221;10&#8243; accent_color=&#8221;#2873bd&#8221; css=&#8221;.vc_custom_1558980981793{margin-top: -20px !important;}&#8221;][vc_column_text]Contamos com os modelos:<\/p>\n<p><strong>Executivos:<br \/>\n<\/strong>\u25cf Fusion \u25cf Corolla<br \/>\n\u25cf Ceratto \u25cf Toyota SW4<\/p>\n<p><strong>Intermedi\u00e1rios:<br \/>\n<\/strong>\u25cf Spin \u25cf Cobalt<br \/>\n\u25cf Grand Siena \u25cf Logan<br \/>\n\u25cf Etios \u25cf Pollo Sedan <span style=\"color: #f4f4f4;\"><a style=\"color: #f4f4f4;\" href=\"https:\/\/t4logistica.com.br\/\" target=\"_blank\" rel=\"noopener noreferrer\">.<\/a><\/span>[\/vc_column_text][\/vc_column_inner][\/vc_row_inner][\/vc_column][\/vc_row][vc_row][vc_column][vc_empty_space][\/vc_column][\/vc_row]<\/p>\n<\/div>","protected":false},"excerpt":{"rendered":"<p>[vc_row][vc_column][vc_row_inner][vc_column_inner][vc_empty_space height=&#8221;10px&#8221;][vc_column_text] Nossa Frota. Contamos com uma frota segura para garantir o seu conforto e comodidade. . [\/vc_column_text][vc_empty_space height=&#8221;20px&#8221; css=&#8221;.vc_custom_1575388448041{margin-bottom: 0px !important;}&#8221;][\/vc_column_inner][\/vc_row_inner][\/vc_column][\/vc_row][vc_row full_width=&#8221;stretch_row&#8221; css=&#8221;.vc_custom_1575388337296{margin-top: 30px !important;margin-bottom:<span class=\"excerpt-hellip\"> [\u2026]<\/span><\/p>\n","protected":false},"author":1,"featured_media":0,"parent":0,"menu_order":0,"comment_status":"closed","ping_status":"closed","template":"","meta":{"footnotes":""},"class_list":["post-1924","page","type-page","status-publish","hentry"],"yoast_head":"<!-- This site is optimized with the Yoast SEO plugin v27.6 - https:\/\/yoast.com\/product\/yoast-seo-wordpress\/ -->\n<title>Frota - Aluguel de \u00f4nibus e Micro, Loca\u00e7\u00e3o de Van - T4 Log\u00edstica<\/title>\n<meta name=\"description\" content=\"A frota \u00e9 um elemento fundamental para o sucesso da empresa e a T4 Log\u00edstica conta com frotas seguras para o seu conforto e comodidade.\" \/>\n<meta name=\"robots\" content=\"index, follow, max-snippet:-1, max-image-preview:large, max-video-preview:-1\" \/>\n<link rel=\"canonical\" href=\"https:\/\/t4logistica.com.br\/site\/frota\/\" \/>\n<meta property=\"og:locale\" content=\"pt_BR\" \/>\n<meta property=\"og:type\" content=\"article\" \/>\n<meta property=\"og:title\" content=\"Frota - Aluguel de \u00f4nibus e Micro, Loca\u00e7\u00e3o de Van - T4 Log\u00edstica\" \/>\n<meta property=\"og:description\" content=\"A frota \u00e9 um elemento fundamental para o sucesso da empresa e a T4 Log\u00edstica conta com frotas seguras para o seu conforto e comodidade.\" \/>\n<meta property=\"og:url\" content=\"https:\/\/t4logistica.com.br\/site\/frota\/\" \/>\n<meta property=\"og:site_name\" content=\"Aluguel de \u00d4nibus e Micro, Loca\u00e7\u00e3o de Van, Receptivo ES - T4 Log\u00edstica\" \/>\n<meta property=\"article:modified_time\" content=\"2023-04-25T17:36:09+00:00\" \/>\n<meta name=\"twitter:card\" content=\"summary_large_image\" \/>\n<meta name=\"twitter:label1\" content=\"Est. tempo de leitura\" \/>\n\t<meta name=\"twitter:data1\" content=\"2 minutos\" \/>\n<script type=\"application\/ld+json\" class=\"yoast-schema-graph\">{\"@context\":\"https:\\\/\\\/schema.org\",\"@graph\":[{\"@type\":\"WebPage\",\"@id\":\"https:\\\/\\\/t4logistica.com.br\\\/site\\\/frota\\\/\",\"url\":\"https:\\\/\\\/t4logistica.com.br\\\/site\\\/frota\\\/\",\"name\":\"Frota - Aluguel de \u00f4nibus e Micro, Loca\u00e7\u00e3o de Van - T4 Log\u00edstica\",\"isPartOf\":{\"@id\":\"https:\\\/\\\/t4logistica.com.br\\\/site\\\/#website\"},\"datePublished\":\"2016-03-14T12:38:20+00:00\",\"dateModified\":\"2023-04-25T17:36:09+00:00\",\"description\":\"A frota \u00e9 um elemento fundamental para o sucesso da empresa e a T4 Log\u00edstica conta com frotas seguras para o seu conforto e comodidade.\",\"breadcrumb\":{\"@id\":\"https:\\\/\\\/t4logistica.com.br\\\/site\\\/frota\\\/#breadcrumb\"},\"inLanguage\":\"pt-BR\",\"potentialAction\":[{\"@type\":\"ReadAction\",\"target\":[\"https:\\\/\\\/t4logistica.com.br\\\/site\\\/frota\\\/\"]}]},{\"@type\":\"BreadcrumbList\",\"@id\":\"https:\\\/\\\/t4logistica.com.br\\\/site\\\/frota\\\/#breadcrumb\",\"itemListElement\":[{\"@type\":\"ListItem\",\"position\":1,\"name\":\"In\u00edcio\",\"item\":\"https:\\\/\\\/t4logistica.com.br\\\/site\\\/\"},{\"@type\":\"ListItem\",\"position\":2,\"name\":\"Frota\"}]},{\"@type\":\"WebSite\",\"@id\":\"https:\\\/\\\/t4logistica.com.br\\\/site\\\/#website\",\"url\":\"https:\\\/\\\/t4logistica.com.br\\\/site\\\/\",\"name\":\"Aluguel de \u00d4nibus e Micro, Loca\u00e7\u00e3o de Van, Receptivo ES - T4 Log\u00edstica\",\"description\":\"Transporte em Vit\u00f3ria, Cariacica, Serra e Vila Velha\",\"publisher\":{\"@id\":\"https:\\\/\\\/t4logistica.com.br\\\/site\\\/#organization\"},\"potentialAction\":[{\"@type\":\"SearchAction\",\"target\":{\"@type\":\"EntryPoint\",\"urlTemplate\":\"https:\\\/\\\/t4logistica.com.br\\\/site\\\/?s={search_term_string}\"},\"query-input\":{\"@type\":\"PropertyValueSpecification\",\"valueRequired\":true,\"valueName\":\"search_term_string\"}}],\"inLanguage\":\"pt-BR\"},{\"@type\":\"Organization\",\"@id\":\"https:\\\/\\\/t4logistica.com.br\\\/site\\\/#organization\",\"name\":\"Aluguel de \u00d4nibus e Micro, Loca\u00e7\u00e3o de Van, Receptivo ES - T4 Log\u00edstica\",\"url\":\"https:\\\/\\\/t4logistica.com.br\\\/site\\\/\",\"logo\":{\"@type\":\"ImageObject\",\"inLanguage\":\"pt-BR\",\"@id\":\"https:\\\/\\\/t4logistica.com.br\\\/site\\\/#\\\/schema\\\/logo\\\/image\\\/\",\"url\":\"https:\\\/\\\/t4logistica.com.br\\\/site\\\/wp-content\\\/uploads\\\/2025\\\/07\\\/cropped-cropped-cropped-Frame-12-1.png\",\"contentUrl\":\"https:\\\/\\\/t4logistica.com.br\\\/site\\\/wp-content\\\/uploads\\\/2025\\\/07\\\/cropped-cropped-cropped-Frame-12-1.png\",\"width\":487,\"height\":467,\"caption\":\"Aluguel de \u00d4nibus e Micro, Loca\u00e7\u00e3o de Van, Receptivo ES - T4 Log\u00edstica\"},\"image\":{\"@id\":\"https:\\\/\\\/t4logistica.com.br\\\/site\\\/#\\\/schema\\\/logo\\\/image\\\/\"}}]}<\/script>\n<!-- \/ Yoast SEO plugin. -->","yoast_head_json":{"title":"Frota - Aluguel de \u00f4nibus e Micro, Loca\u00e7\u00e3o de Van - T4 Log\u00edstica","description":"A frota \u00e9 um elemento fundamental para o sucesso da empresa e a T4 Log\u00edstica conta com frotas seguras para o seu conforto e comodidade.","robots":{"index":"index","follow":"follow","max-snippet":"max-snippet:-1","max-image-preview":"max-image-preview:large","max-video-preview":"max-video-preview:-1"},"canonical":"https:\/\/t4logistica.com.br\/site\/frota\/","og_locale":"pt_BR","og_type":"article","og_title":"Frota - Aluguel de \u00f4nibus e Micro, Loca\u00e7\u00e3o de Van - T4 Log\u00edstica","og_description":"A frota \u00e9 um elemento fundamental para o sucesso da empresa e a T4 Log\u00edstica conta com frotas seguras para o seu conforto e comodidade.","og_url":"https:\/\/t4logistica.com.br\/site\/frota\/","og_site_name":"Aluguel de \u00d4nibus e Micro, Loca\u00e7\u00e3o de Van, Receptivo ES - T4 Log\u00edstica","article_modified_time":"2023-04-25T17:36:09+00:00","twitter_card":"summary_large_image","twitter_misc":{"Est. tempo de leitura":"2 minutos"},"schema":{"@context":"https:\/\/schema.org","@graph":[{"@type":"WebPage","@id":"https:\/\/t4logistica.com.br\/site\/frota\/","url":"https:\/\/t4logistica.com.br\/site\/frota\/","name":"Frota - Aluguel de \u00f4nibus e Micro, Loca\u00e7\u00e3o de Van - T4 Log\u00edstica","isPartOf":{"@id":"https:\/\/t4logistica.com.br\/site\/#website"},"datePublished":"2016-03-14T12:38:20+00:00","dateModified":"2023-04-25T17:36:09+00:00","description":"A frota \u00e9 um elemento fundamental para o sucesso da empresa e a T4 Log\u00edstica conta com frotas seguras para o seu conforto e comodidade.","breadcrumb":{"@id":"https:\/\/t4logistica.com.br\/site\/frota\/#breadcrumb"},"inLanguage":"pt-BR","potentialAction":[{"@type":"ReadAction","target":["https:\/\/t4logistica.com.br\/site\/frota\/"]}]},{"@type":"BreadcrumbList","@id":"https:\/\/t4logistica.com.br\/site\/frota\/#breadcrumb","itemListElement":[{"@type":"ListItem","position":1,"name":"In\u00edcio","item":"https:\/\/t4logistica.com.br\/site\/"},{"@type":"ListItem","position":2,"name":"Frota"}]},{"@type":"WebSite","@id":"https:\/\/t4logistica.com.br\/site\/#website","url":"https:\/\/t4logistica.com.br\/site\/","name":"Aluguel de \u00d4nibus e Micro, Loca\u00e7\u00e3o de Van, Receptivo ES - T4 Log\u00edstica","description":"Transporte em Vit\u00f3ria, Cariacica, Serra e Vila Velha","publisher":{"@id":"https:\/\/t4logistica.com.br\/site\/#organization"},"potentialAction":[{"@type":"SearchAction","target":{"@type":"EntryPoint","urlTemplate":"https:\/\/t4logistica.com.br\/site\/?s={search_term_string}"},"query-input":{"@type":"PropertyValueSpecification","valueRequired":true,"valueName":"search_term_string"}}],"inLanguage":"pt-BR"},{"@type":"Organization","@id":"https:\/\/t4logistica.com.br\/site\/#organization","name":"Aluguel de \u00d4nibus e Micro, Loca\u00e7\u00e3o de Van, Receptivo ES - T4 Log\u00edstica","url":"https:\/\/t4logistica.com.br\/site\/","logo":{"@type":"ImageObject","inLanguage":"pt-BR","@id":"https:\/\/t4logistica.com.br\/site\/#\/schema\/logo\/image\/","url":"https:\/\/t4logistica.com.br\/site\/wp-content\/uploads\/2025\/07\/cropped-cropped-cropped-Frame-12-1.png","contentUrl":"https:\/\/t4logistica.com.br\/site\/wp-content\/uploads\/2025\/07\/cropped-cropped-cropped-Frame-12-1.png","width":487,"height":467,"caption":"Aluguel de \u00d4nibus e Micro, Loca\u00e7\u00e3o de Van, Receptivo ES - T4 Log\u00edstica"},"image":{"@id":"https:\/\/t4logistica.com.br\/site\/#\/schema\/logo\/image\/"}}]}},"_links":{"self":[{"href":"https:\/\/t4logistica.com.br\/site\/wp-json\/wp\/v2\/pages\/1924","targetHints":{"allow":["GET"]}}],"collection":[{"href":"https:\/\/t4logistica.com.br\/site\/wp-json\/wp\/v2\/pages"}],"about":[{"href":"https:\/\/t4logistica.com.br\/site\/wp-json\/wp\/v2\/types\/page"}],"author":[{"embeddable":true,"href":"https:\/\/t4logistica.com.br\/site\/wp-json\/wp\/v2\/users\/1"}],"replies":[{"embeddable":true,"href":"https:\/\/t4logistica.com.br\/site\/wp-json\/wp\/v2\/comments?post=1924"}],"version-history":[{"count":20,"href":"https:\/\/t4logistica.com.br\/site\/wp-json\/wp\/v2\/pages\/1924\/revisions"}],"predecessor-version":[{"id":4620,"href":"https:\/\/t4logistica.com.br\/site\/wp-json\/wp\/v2\/pages\/1924\/revisions\/4620"}],"wp:attachment":[{"href":"https:\/\/t4logistica.com.br\/site\/wp-json\/wp\/v2\/media?parent=1924"}],"curies":[{"name":"wp","href":"https:\/\/api.w.org\/{rel}","templated":true}]}}