{"id":1681,"date":"2016-01-18T07:22:25","date_gmt":"2016-01-18T07:22:25","guid":{"rendered":"http:\/\/192.168.1.7\/logitrans\/?page_id=1681"},"modified":"2026-04-08T12:18:51","modified_gmt":"2026-04-08T15:18:51","slug":"sobre-nos","status":"publish","type":"page","link":"https:\/\/t4logistica.com.br\/site\/sobre-nos\/","title":{"rendered":"Sobre n\u00f3s"},"content":{"rendered":"<div class=\"wpb-content-wrapper\"><p>[vc_row][vc_column]\n\t\t\t<!-- START Sobre n\u00f3s REVOLUTION SLIDER 6.6.15 --><p class=\"rs-p-wp-fix\"><\/p>\n\t\t\t<rs-module-wrap id=\"rev_slider_11_1_wrapper\" data-source=\"gallery\" style=\"visibility:hidden;background:transparent;padding:0;margin:0px auto;margin-top:0;margin-bottom:0;\">\n\t\t\t\t<rs-module id=\"rev_slider_11_1\" style=\"\" data-version=\"6.6.15\">\n\t\t\t\t\t<rs-slides style=\"overflow: hidden; position: absolute;\">\n\t\t\t\t\t\t<rs-slide style=\"position: absolute;\" data-key=\"rs-27\" data-title=\"Slide\" data-in=\"o:0;\" data-out=\"a:false;\">\n\t\t\t\t\t\t\t<img fetchpriority=\"high\" decoding=\"async\" src=\"\/\/t4logistica.com.br\/site\/wp-content\/plugins\/revslider\/public\/assets\/assets\/dummy.png\" alt=\"\" title=\"Conhe\u00e7a a t4 (1)\" width=\"1920\" height=\"405\" class=\"rev-slidebg tp-rs-img rs-lazyload\" data-lazyload=\"\/\/t4logistica.com.br\/site\/wp-content\/uploads\/2025\/06\/Conheca-a-t4-1.png\" data-no-retina>\n<!--\n\t\t\t\t\t\t\t--><rs-layer\n\t\t\t\t\t\t\t\tid=\"slider-11-slide-27-layer-1\" \n\t\t\t\t\t\t\t\tdata-type=\"text\"\n\t\t\t\t\t\t\t\tdata-color=\"#ffffff\"\n\t\t\t\t\t\t\t\tdata-rsp_ch=\"on\"\n\t\t\t\t\t\t\t\tdata-xy=\"x:c;y:c;yo:-32px;\"\n\t\t\t\t\t\t\t\tdata-text=\"w:normal;s:45;l:30;fw:500;a:center;\"\n\t\t\t\t\t\t\t\tdata-frame_999=\"o:0;st:w;\"\n\t\t\t\t\t\t\t\tstyle=\"z-index:6;font-family:'Roboto';\"\n\t\t\t\t\t\t\t>Conhe\u00e7a a T4 \n\t\t\t\t\t\t\t<\/rs-layer><!--\n\n\t\t\t\t\t\t\t--><rs-layer\n\t\t\t\t\t\t\t\tid=\"slider-11-slide-27-layer-2\" \n\t\t\t\t\t\t\t\tdata-type=\"text\"\n\t\t\t\t\t\t\t\tdata-color=\"#ffffff\"\n\t\t\t\t\t\t\t\tdata-rsp_ch=\"on\"\n\t\t\t\t\t\t\t\tdata-xy=\"x:c;y:c;yo:37px;\"\n\t\t\t\t\t\t\t\tdata-text=\"w:normal;s:25;a:center;\"\n\t\t\t\t\t\t\t\tdata-dim=\"w:578px;\"\n\t\t\t\t\t\t\t\tdata-frame_999=\"o:0;st:w;\"\n\t\t\t\t\t\t\t\tstyle=\"z-index:7;font-family:'Roboto';\"\n\t\t\t\t\t\t\t>Estamos h\u00e1 mais de 10 anos no mercado trazendo o que h\u00e1 de melhor em fretamento e turismo<br \/>\n \n\t\t\t\t\t\t\t<\/rs-layer><!--\n-->\t\t\t\t\t\t<\/rs-slide>\n\t\t\t\t\t<\/rs-slides>\n\t\t\t\t<\/rs-module>\n\t\t\t\t<script>\n\t\t\t\t\tsetREVStartSize({c: 'rev_slider_11_1',rl:[1240,1024,778,480],el:[405],gw:[1240],gh:[405],type:'standard',justify:'',layout:'fullwidth',mh:\"0\"});if (window.RS_MODULES!==undefined && window.RS_MODULES.modules!==undefined && window.RS_MODULES.modules[\"revslider111\"]!==undefined) {window.RS_MODULES.modules[\"revslider111\"].once = false;window.revapi11 = undefined;if (window.RS_MODULES.checkMinimal!==undefined) window.RS_MODULES.checkMinimal()}\n\t\t\t\t<\/script>\n\t\t\t<\/rs-module-wrap>\n\t\t\t<!-- END REVOLUTION SLIDER -->\n[\/vc_column][\/vc_row][vc_row full_width=&#8221;stretch_row&#8221; css=&#8221;.vc_custom_1742330926366{background-image: url(https:\/\/t4logistica.com.br\/site\/wp-content\/uploads\/2025\/03\/Fundo-segundo-banner-quem-somos.png?id=5473) !important;}&#8221;][vc_column][vc_empty_space height=&#8221;62px&#8221;][vc_column_text]<\/p>\n<h3 style=\"text-align: center;\"><span style=\"color: #4b4b4d;\"><strong>A T4 \u00e9 uma empresa capixaba especializada no transporte de passageiros atrav\u00e9s da loca\u00e7\u00e3o de \u00f4nibus, micro-\u00f4nibus, van e transporte executivo em Vit\u00f3ria, Vila Velha, Cariacica e Viana. Nossa equipe \u00e9 treinada para atender a sua necessidade de forma personalizada.<\/strong><\/span><\/h3>\n<p>[\/vc_column_text][vc_empty_space height=&#8221;62px&#8221;][\/vc_column][\/vc_row][vc_row][vc_column][vc_empty_space height=&#8221;20px&#8221;][\/vc_column][vc_column][vc_row_inner][vc_column_inner width=&#8221;1\/3&#8243;][vc_icon icon_fontawesome=&#8221;fas fa-bus&#8221; color=&#8221;custom&#8221; size=&#8221;xl&#8221; align=&#8221;center&#8221; custom_color=&#8221;#4b4b4d&#8221;][vc_column_text]<\/p>\n<h4 style=\"text-align: center;\"><b>Motoristas.<\/b><\/h4>\n<h5 style=\"text-align: center;\"><span style=\"font-weight: 400;\">Os profissionais que atuam na T4 contam com excelentes qualifica\u00e7\u00f5es profissionais, treinados, habilitados e experientes. <\/span><\/h5>\n<p>[\/vc_column_text][\/vc_column_inner][vc_column_inner width=&#8221;1\/3&#8243;][vc_icon icon_fontawesome=&#8221;fas fa-cog&#8221; color=&#8221;custom&#8221; size=&#8221;xl&#8221; align=&#8221;center&#8221; custom_color=&#8221;#4b4b4d&#8221;][vc_column_text]<\/p>\n<h4 style=\"text-align: center;\"><b>Manuten\u00e7\u00e3o Regular.<\/b><\/h4>\n<h5 style=\"text-align: center;\"><span style=\"font-weight: 400;\">A T4 Log\u00edstica preocupa-se em manter a sua frota em perfeitas condi\u00e7\u00f5es para uso atrav\u00e9s de manuten\u00e7\u00f5es regulares. <\/span><\/h5>\n<p>[\/vc_column_text][\/vc_column_inner][vc_column_inner width=&#8221;1\/3&#8243;][vc_icon icon_fontawesome=&#8221;fas fa-stamp&#8221; color=&#8221;custom&#8221; size=&#8221;xl&#8221; align=&#8221;center&#8221; custom_color=&#8221;#4b4b4d&#8221;][vc_column_text]<\/p>\n<h4 style=\"text-align: center;\"><b>Certifica\u00e7\u00e3o.<\/b><\/h4>\n<h5 style=\"text-align: center;\"><span style=\"font-weight: 400;\">Ve\u00edculos devidamente registrados nos \u00f3rg\u00e3os ANTT e Ceturb\/ES para transporte intermunicipal e interestadual. <\/span><\/h5>\n<p>[\/vc_column_text][\/vc_column_inner][\/vc_row_inner][\/vc_column][\/vc_row][vc_row][vc_column][vc_empty_space height=&#8221;20px&#8221;][\/vc_column][\/vc_row][vc_row full_width=&#8221;stretch_row&#8221; content_placement=&#8221;middle&#8221; css=&#8221;.vc_custom_1742418460859{background-image: url(https:\/\/t4logistica.com.br\/site\/wp-content\/uploads\/2025\/03\/Fundo-txt.png?id=5538) !important;background-position: center !important;background-repeat: no-repeat !important;background-size: cover !important;}&#8221;][vc_column width=&#8221;1\/2&#8243;][vc_empty_space height=&#8221;62px&#8221;][vc_column_text]<span style=\"color: #ffffff;\">A\u00a0<b>log\u00edstica do transporte executivo<\/b>\u00a0e o processo de atendimento aos clientes seguem normas mundiais e modelos j\u00e1 consolidados para o transporte de passageiros, valorizando o seu tempo, neg\u00f3cio e colaboradores, com solu\u00e7\u00f5es diferenciadas de administra\u00e7\u00e3o, agenciamento e intermedia\u00e7\u00e3o no transporte.<\/span><\/p>\n<p><span style=\"color: #ffffff;\">O planejamento da\u00a0<b>estrutura operacional<\/b>\u00a0tem o objetivo de atender empresas de diversos segmentos, alinhado \u00e0 tend\u00eancia de mercado de racionaliza\u00e7\u00e3o de processos e ganho de escala, sem abrir m\u00e3o da pessoalidade do servi\u00e7o, para que o resultado do seu neg\u00f3cio se traduza em expans\u00e3o na produtividade e redu\u00e7\u00e3o de custos operacionais.<\/span>[\/vc_column_text][vc_empty_space height=&#8221;62px&#8221;][\/vc_column][vc_column width=&#8221;1\/2&#8243;][vc_single_image image=&#8221;5608&#8243; img_size=&#8221;full&#8221; alignment=&#8221;center&#8221;][\/vc_column][\/vc_row][vc_row full_width=&#8221;stretch_row&#8221; parallax=&#8221;content-moving&#8221; parallax_image=&#8221;3266&#8243;][vc_column][vc_empty_space height=&#8221;35px&#8221;][vc_column_text]<section id=\"tf-stat-3265\" class=\"statistics \"  data-sp=\"10\" ><h3 >P\u00e1gina Principal<\/h3><div class=\"statistics-inner\"><div class=\"stat\"  data-count=\"4453\" data-orignal_count=\"4453\"><span class=\"\"><\/span><span class=\"number\" ><\/span><span class=\"count-title\">Passageiros por m\u00eas<\/span><\/div><div class=\"stat\"  data-count=\"164000\" data-orignal_count=\"164000\"><span class=\"\"><\/span><span class=\"number\" ><\/span><span class=\"count-title\">KM por m\u00eas<\/span><\/div><div class=\"stat\"  data-count=\"10\" data-orignal_count=\"10\"><span class=\"\"><\/span><span class=\"number\" ><\/span><span class=\"count-title\">Anos de experi\u00eancia<\/span><\/div><div class=\"stat\"  data-count=\"4614\" data-orignal_count=\"4614\"><span class=\"\"><\/span><span class=\"number\" ><\/span><span class=\"count-title\">Clientes felizes<\/span><\/div><div class=\"stat\"  data-count=\"62\" data-orignal_count=\"62\"><span class=\"\"><\/span><span class=\"number\" ><\/span><span class=\"count-title\">Empresas conveniadas<\/span><\/div><\/div><\/section>[\/vc_column_text][vc_empty_space height=&#8221;35px&#8221;][\/vc_column][\/vc_row][vc_row full_width=&#8221;stretch_row&#8221; css=&#8221;.vc_custom_1576597335500{margin-bottom: -30px !important;background-color: #f3f3f3 !important;}&#8221;][vc_column][vc_empty_space][vc_column_text css=&#8221;.vc_custom_1769536789013{margin-bottom: 45px !important;}&#8221;]<\/p>\n<h2 style=\"text-align: center;\"><strong><span style=\"color: #4b4b4d;\">Solicite seu or\u00e7amento<\/span><\/strong><\/h2>\n<p>[\/vc_column_text][vc_row_inner css=&#8221;.vc_custom_1769536145763{margin-top: 1px !important;}&#8221;][vc_column_inner width=&#8221;1\/4&#8243;][\/vc_column_inner][vc_column_inner width=&#8221;1\/2&#8243;][vc_btn title=&#8221;OR\u00c7AMENTO&#8221; shape=&#8221;square&#8221; color=&#8221;default&#8221; align=&#8221;center&#8221; css=&#8221;.vc_custom_1775661524525{background-color: #00000000 !important;}&#8221; link=&#8221;url:https%3A%2F%2Ft4logistica.com.br%2Fsite%2Forcamento%2F&#8221; el_class=&#8221;btn-atendente&#8221;][\/vc_column_inner][vc_column_inner width=&#8221;1\/4&#8243;][\/vc_column_inner][\/vc_row_inner][vc_empty_space][\/vc_column][\/vc_row]<\/p>\n<\/div>","protected":false},"excerpt":{"rendered":"<p>[vc_row][vc_column][\/vc_column][\/vc_row][vc_row full_width=&#8221;stretch_row&#8221; css=&#8221;.vc_custom_1742330926366{background-image: url(https:\/\/t4logistica.com.br\/site\/wp-content\/uploads\/2025\/03\/Fundo-segundo-banner-quem-somos.png?id=5473) !important;}&#8221;][vc_column][vc_empty_space height=&#8221;62px&#8221;][vc_column_text] A T4 \u00e9 uma empresa capixaba especializada no transporte de passageiros atrav\u00e9s da loca\u00e7\u00e3o de \u00f4nibus, micro-\u00f4nibus, van e transporte<span class=\"excerpt-hellip\"> [\u2026]<\/span><\/p>\n","protected":false},"author":1,"featured_media":-1,"parent":0,"menu_order":0,"comment_status":"closed","ping_status":"closed","template":"","meta":{"footnotes":""},"class_list":["post-1681","page","type-page","status-publish","has-post-thumbnail","hentry"],"yoast_head":"<!-- This site is optimized with the Yoast SEO plugin v27.3 - https:\/\/yoast.com\/product\/yoast-seo-wordpress\/ -->\n<title>Sobre n\u00f3s - Aluguel de \u00d4nibus e Micro, Loca\u00e7\u00e3o de Van, Receptivo ES - T4 Log\u00edstica<\/title>\n<meta name=\"description\" content=\"Saiba mais sobre a T4 Log\u00edstica, empresa capixaba que h\u00e1 mais de 15 anos oferta servi\u00e7os especializados em fretamento e transportes.\" \/>\n<meta name=\"robots\" content=\"index, follow, max-snippet:-1, max-image-preview:large, max-video-preview:-1\" \/>\n<link rel=\"canonical\" href=\"https:\/\/t4logistica.com.br\/site\/sobre-nos\/\" \/>\n<meta property=\"og:locale\" content=\"pt_BR\" \/>\n<meta property=\"og:type\" content=\"article\" \/>\n<meta property=\"og:title\" content=\"Sobre n\u00f3s - Aluguel de \u00d4nibus e Micro, Loca\u00e7\u00e3o de Van, Receptivo ES - T4 Log\u00edstica\" \/>\n<meta property=\"og:description\" content=\"Saiba mais sobre a T4 Log\u00edstica, empresa capixaba que h\u00e1 mais de 15 anos oferta servi\u00e7os especializados em fretamento e transportes.\" \/>\n<meta property=\"og:url\" content=\"https:\/\/t4logistica.com.br\/site\/sobre-nos\/\" \/>\n<meta property=\"og:site_name\" content=\"Aluguel de \u00d4nibus e Micro, Loca\u00e7\u00e3o de Van, Receptivo ES - T4 Log\u00edstica\" \/>\n<meta property=\"article:modified_time\" content=\"2026-04-08T15:18:51+00:00\" \/>\n<meta name=\"twitter:card\" content=\"summary_large_image\" \/>\n<meta name=\"twitter:label1\" content=\"Est. tempo de leitura\" \/>\n\t<meta name=\"twitter:data1\" content=\"2 minutos\" \/>\n<script type=\"application\/ld+json\" class=\"yoast-schema-graph\">{\"@context\":\"https:\\\/\\\/schema.org\",\"@graph\":[{\"@type\":\"WebPage\",\"@id\":\"https:\\\/\\\/t4logistica.com.br\\\/site\\\/sobre-nos\\\/\",\"url\":\"https:\\\/\\\/t4logistica.com.br\\\/site\\\/sobre-nos\\\/\",\"name\":\"Sobre n\u00f3s - Aluguel de \u00d4nibus e Micro, Loca\u00e7\u00e3o de Van, Receptivo ES - T4 Log\u00edstica\",\"isPartOf\":{\"@id\":\"https:\\\/\\\/t4logistica.com.br\\\/site\\\/#website\"},\"datePublished\":\"2016-01-18T07:22:25+00:00\",\"dateModified\":\"2026-04-08T15:18:51+00:00\",\"description\":\"Saiba mais sobre a T4 Log\u00edstica, empresa capixaba que h\u00e1 mais de 15 anos oferta servi\u00e7os especializados em fretamento e transportes.\",\"breadcrumb\":{\"@id\":\"https:\\\/\\\/t4logistica.com.br\\\/site\\\/sobre-nos\\\/#breadcrumb\"},\"inLanguage\":\"pt-BR\",\"potentialAction\":[{\"@type\":\"ReadAction\",\"target\":[\"https:\\\/\\\/t4logistica.com.br\\\/site\\\/sobre-nos\\\/\"]}]},{\"@type\":\"BreadcrumbList\",\"@id\":\"https:\\\/\\\/t4logistica.com.br\\\/site\\\/sobre-nos\\\/#breadcrumb\",\"itemListElement\":[{\"@type\":\"ListItem\",\"position\":1,\"name\":\"In\u00edcio\",\"item\":\"https:\\\/\\\/t4logistica.com.br\\\/site\\\/\"},{\"@type\":\"ListItem\",\"position\":2,\"name\":\"Sobre n\u00f3s\"}]},{\"@type\":\"WebSite\",\"@id\":\"https:\\\/\\\/t4logistica.com.br\\\/site\\\/#website\",\"url\":\"https:\\\/\\\/t4logistica.com.br\\\/site\\\/\",\"name\":\"Aluguel de \u00d4nibus e Micro, Loca\u00e7\u00e3o de Van, Receptivo ES - T4 Log\u00edstica\",\"description\":\"Transporte em Vit\u00f3ria, Cariacica, Serra e Vila Velha\",\"publisher\":{\"@id\":\"https:\\\/\\\/t4logistica.com.br\\\/site\\\/#organization\"},\"potentialAction\":[{\"@type\":\"SearchAction\",\"target\":{\"@type\":\"EntryPoint\",\"urlTemplate\":\"https:\\\/\\\/t4logistica.com.br\\\/site\\\/?s={search_term_string}\"},\"query-input\":{\"@type\":\"PropertyValueSpecification\",\"valueRequired\":true,\"valueName\":\"search_term_string\"}}],\"inLanguage\":\"pt-BR\"},{\"@type\":\"Organization\",\"@id\":\"https:\\\/\\\/t4logistica.com.br\\\/site\\\/#organization\",\"name\":\"Aluguel de \u00d4nibus e Micro, Loca\u00e7\u00e3o de Van, Receptivo ES - T4 Log\u00edstica\",\"url\":\"https:\\\/\\\/t4logistica.com.br\\\/site\\\/\",\"logo\":{\"@type\":\"ImageObject\",\"inLanguage\":\"pt-BR\",\"@id\":\"https:\\\/\\\/t4logistica.com.br\\\/site\\\/#\\\/schema\\\/logo\\\/image\\\/\",\"url\":\"https:\\\/\\\/t4logistica.com.br\\\/site\\\/wp-content\\\/uploads\\\/2025\\\/07\\\/cropped-cropped-cropped-Frame-12-1.png\",\"contentUrl\":\"https:\\\/\\\/t4logistica.com.br\\\/site\\\/wp-content\\\/uploads\\\/2025\\\/07\\\/cropped-cropped-cropped-Frame-12-1.png\",\"width\":487,\"height\":467,\"caption\":\"Aluguel de \u00d4nibus e Micro, Loca\u00e7\u00e3o de Van, Receptivo ES - T4 Log\u00edstica\"},\"image\":{\"@id\":\"https:\\\/\\\/t4logistica.com.br\\\/site\\\/#\\\/schema\\\/logo\\\/image\\\/\"}}]}<\/script>\n<!-- \/ Yoast SEO plugin. -->","yoast_head_json":{"title":"Sobre n\u00f3s - Aluguel de \u00d4nibus e Micro, Loca\u00e7\u00e3o de Van, Receptivo ES - T4 Log\u00edstica","description":"Saiba mais sobre a T4 Log\u00edstica, empresa capixaba que h\u00e1 mais de 15 anos oferta servi\u00e7os especializados em fretamento e transportes.","robots":{"index":"index","follow":"follow","max-snippet":"max-snippet:-1","max-image-preview":"max-image-preview:large","max-video-preview":"max-video-preview:-1"},"canonical":"https:\/\/t4logistica.com.br\/site\/sobre-nos\/","og_locale":"pt_BR","og_type":"article","og_title":"Sobre n\u00f3s - Aluguel de \u00d4nibus e Micro, Loca\u00e7\u00e3o de Van, Receptivo ES - T4 Log\u00edstica","og_description":"Saiba mais sobre a T4 Log\u00edstica, empresa capixaba que h\u00e1 mais de 15 anos oferta servi\u00e7os especializados em fretamento e transportes.","og_url":"https:\/\/t4logistica.com.br\/site\/sobre-nos\/","og_site_name":"Aluguel de \u00d4nibus e Micro, Loca\u00e7\u00e3o de Van, Receptivo ES - T4 Log\u00edstica","article_modified_time":"2026-04-08T15:18:51+00:00","twitter_card":"summary_large_image","twitter_misc":{"Est. tempo de leitura":"2 minutos"},"schema":{"@context":"https:\/\/schema.org","@graph":[{"@type":"WebPage","@id":"https:\/\/t4logistica.com.br\/site\/sobre-nos\/","url":"https:\/\/t4logistica.com.br\/site\/sobre-nos\/","name":"Sobre n\u00f3s - Aluguel de \u00d4nibus e Micro, Loca\u00e7\u00e3o de Van, Receptivo ES - T4 Log\u00edstica","isPartOf":{"@id":"https:\/\/t4logistica.com.br\/site\/#website"},"datePublished":"2016-01-18T07:22:25+00:00","dateModified":"2026-04-08T15:18:51+00:00","description":"Saiba mais sobre a T4 Log\u00edstica, empresa capixaba que h\u00e1 mais de 15 anos oferta servi\u00e7os especializados em fretamento e transportes.","breadcrumb":{"@id":"https:\/\/t4logistica.com.br\/site\/sobre-nos\/#breadcrumb"},"inLanguage":"pt-BR","potentialAction":[{"@type":"ReadAction","target":["https:\/\/t4logistica.com.br\/site\/sobre-nos\/"]}]},{"@type":"BreadcrumbList","@id":"https:\/\/t4logistica.com.br\/site\/sobre-nos\/#breadcrumb","itemListElement":[{"@type":"ListItem","position":1,"name":"In\u00edcio","item":"https:\/\/t4logistica.com.br\/site\/"},{"@type":"ListItem","position":2,"name":"Sobre n\u00f3s"}]},{"@type":"WebSite","@id":"https:\/\/t4logistica.com.br\/site\/#website","url":"https:\/\/t4logistica.com.br\/site\/","name":"Aluguel de \u00d4nibus e Micro, Loca\u00e7\u00e3o de Van, Receptivo ES - T4 Log\u00edstica","description":"Transporte em Vit\u00f3ria, Cariacica, Serra e Vila Velha","publisher":{"@id":"https:\/\/t4logistica.com.br\/site\/#organization"},"potentialAction":[{"@type":"SearchAction","target":{"@type":"EntryPoint","urlTemplate":"https:\/\/t4logistica.com.br\/site\/?s={search_term_string}"},"query-input":{"@type":"PropertyValueSpecification","valueRequired":true,"valueName":"search_term_string"}}],"inLanguage":"pt-BR"},{"@type":"Organization","@id":"https:\/\/t4logistica.com.br\/site\/#organization","name":"Aluguel de \u00d4nibus e Micro, Loca\u00e7\u00e3o de Van, Receptivo ES - T4 Log\u00edstica","url":"https:\/\/t4logistica.com.br\/site\/","logo":{"@type":"ImageObject","inLanguage":"pt-BR","@id":"https:\/\/t4logistica.com.br\/site\/#\/schema\/logo\/image\/","url":"https:\/\/t4logistica.com.br\/site\/wp-content\/uploads\/2025\/07\/cropped-cropped-cropped-Frame-12-1.png","contentUrl":"https:\/\/t4logistica.com.br\/site\/wp-content\/uploads\/2025\/07\/cropped-cropped-cropped-Frame-12-1.png","width":487,"height":467,"caption":"Aluguel de \u00d4nibus e Micro, Loca\u00e7\u00e3o de Van, Receptivo ES - T4 Log\u00edstica"},"image":{"@id":"https:\/\/t4logistica.com.br\/site\/#\/schema\/logo\/image\/"}}]}},"_links":{"self":[{"href":"https:\/\/t4logistica.com.br\/site\/wp-json\/wp\/v2\/pages\/1681","targetHints":{"allow":["GET"]}}],"collection":[{"href":"https:\/\/t4logistica.com.br\/site\/wp-json\/wp\/v2\/pages"}],"about":[{"href":"https:\/\/t4logistica.com.br\/site\/wp-json\/wp\/v2\/types\/page"}],"author":[{"embeddable":true,"href":"https:\/\/t4logistica.com.br\/site\/wp-json\/wp\/v2\/users\/1"}],"replies":[{"embeddable":true,"href":"https:\/\/t4logistica.com.br\/site\/wp-json\/wp\/v2\/comments?post=1681"}],"version-history":[{"count":48,"href":"https:\/\/t4logistica.com.br\/site\/wp-json\/wp\/v2\/pages\/1681\/revisions"}],"predecessor-version":[{"id":6200,"href":"https:\/\/t4logistica.com.br\/site\/wp-json\/wp\/v2\/pages\/1681\/revisions\/6200"}],"wp:featuredmedia":[{"embeddable":true,"href":"https:\/\/t4logistica.com.br\/site\/wp-json\/"}],"wp:attachment":[{"href":"https:\/\/t4logistica.com.br\/site\/wp-json\/wp\/v2\/media?parent=1681"}],"curies":[{"name":"wp","href":"https:\/\/api.w.org\/{rel}","templated":true}]}}